
{"id":59916,"date":"2023-10-29T14:41:10","date_gmt":"2023-10-29T14:41:10","guid":{"rendered":"https:\/\/azurefilm.com\/product\/hips-szal\/"},"modified":"2025-08-22T11:25:28","modified_gmt":"2025-08-22T11:25:28","slug":"hips-szal","status":"publish","type":"product","link":"https:\/\/azurefilm.com\/hu\/termek\/hips-szal\/","title":{"rendered":"HIPS sz\u00e1l"},"content":{"rendered":"<h2><b>HIPS sz\u00e1lak<\/b><\/h2>\n<p><span style=\"font-weight: 400;\">A HIPS (nagy hat\u00e1s\u00fa polisztirol) egy <\/span><b>feloldhat\u00f3 tart\u00f3sz\u00e1l<\/b><span style=\"font-weight: 400;\">. When printing objects with larger, sloping angles, <\/span><b>a tart\u00f3sz\u00e1lak t\u00e1maszt\u00e9kot ny\u00fajtanak \u00e9s megakad\u00e1lyozz\u00e1k a rossz t\u00falny\u00fal\u00e1sokat<\/b><span style=\"font-weight: 400;\">. It acts as a great support material because it is <\/span><b>k\u00f6nnyen elt\u00e1vol\u00edthat\u00f3 limon\u00e9n oldattal<\/b><span style=\"font-weight: 400;\">, \u00edgy a k\u00edv\u00e1nt tiszta, kiv\u00e1l\u00f3 min\u0151s\u00e9g\u0171 nyomat marad ut\u00e1na.<\/span><\/p>\n<p><b>A HIPS legjobban az ABS-szel haszn\u00e1lhat\u00f3 fel<\/b><span style=\"font-weight: 400;\">. HIPS is suitable for printing alongside ABS due to their similar strength and stiffness, and they both require similar printing temperatures. <\/span><b>Vegye figyelembe, hogy a limon\u00e9n k\u00e1ros\u00edthatja az egy\u00e9b fonalanyagokat.<\/b><span style=\"font-weight: 400;\">, \u00edgy az ABS kombin\u00e1ci\u00f3 a legjobb v\u00e1laszt\u00e1s.<\/span><\/p>\n<h2><strong>HIPS sz\u00e1l<\/strong><\/h2>\n<p>Adja meg 3D nyomatainak a sz\u00fcks\u00e9ges t\u00e1mogat\u00e1st HIPS-filamentumunkkal, \u00e9s kezdjen el hib\u00e1tlan, kiv\u00e1l\u00f3 min\u0151s\u00e9g\u0171 terveket k\u00e9sz\u00edteni.<\/p>\n<p><span style=\"font-weight: 400;\">Ha t\u00f6bbet szeretne megtudni a Support filamentekr\u0151l, olvassa el a k\u00f6vetkez\u0151 cikk\u00fcnket <a href=\"https:\/\/azurefilm.com\/hu\/2023\/10\/28\/tamogatoszalak-minden-amit-tudnia-kell\/\" target=\"_blank\" rel=\"noopener\"><strong>blogot.<\/strong><\/a>. <\/span><\/p>\n<p><span style=\"font-weight: 400;\">Hozz\u00e1f\u00e9rhet a <\/span><b>M\u0171szaki adatlap<\/b><span style=\"font-weight: 400;\"><a href=\"https:\/\/azurefilm.com\/hu\/technical-data-sheets\/\" target=\"_blank\" rel=\"noopener\"><strong> itt<\/strong><\/a>.<\/span><\/p>\n<h3><strong>Nyomtat\u00e1si aj\u00e1nl\u00e1sok:<\/strong><\/h3>\n<ul>\n<li style=\"font-weight: 400;\" aria-level=\"1\"><span style=\"font-weight: 400;\">A legjobb eredm\u00e9ny \u00e9rdek\u00e9ben 220-250\u00b0C-on nyomtasson. <\/span><\/li>\n<li style=\"font-weight: 400;\" aria-level=\"1\"><span style=\"font-weight: 400;\">A nyomtat\u00f3asztal aj\u00e1nlott h\u0151m\u00e9rs\u00e9klete 70-110\u00b0C. <\/span><\/li>\n<li style=\"font-weight: 400;\" aria-level=\"1\"><span style=\"font-weight: 400;\">Haszn\u00e1ljon \u00fcveg\u00e1gyat, PEI lapot, Kapton vagy k\u00e9k szalagot az \u00e9p\u00edt\u00e9si platformhoz 3Dlac spray-vel.<\/span><\/li>\n<\/ul>\n<p><i><span style=\"font-weight: 400;\">*A k\u00fcl\u00f6nb\u00f6z\u0151 nyomtat\u00f3k haszn\u00e1lata eset\u00e9n az ide\u00e1lis h\u0151m\u00e9rs\u00e9klet elt\u00e9r\u0151 lehet.<\/span><\/i><\/p>\n","protected":false},"excerpt":{"rendered":"<p>Adja meg 3D nyomatainak a sz\u00fcks\u00e9ges t\u00e1mogat\u00e1st HIPS-filamentumunkkal, \u00e9s kezdjen el hib\u00e1tlan, kiv\u00e1l\u00f3 min\u0151s\u00e9g\u0171 terveket k\u00e9sz\u00edteni.<\/p>\n","protected":false},"featured_media":59919,"comment_status":"closed","ping_status":"closed","template":"","meta":{"_acf_changed":false},"product_brand":[],"product_cat":[1686,1688,2569],"product_tag":[],"brand":[1682],"class_list":{"0":"post-59916","1":"product","2":"type-product","3":"status-publish","4":"has-post-thumbnail","6":"product_cat-3d-filmek","7":"product_cat-minden-film","8":"product_cat-support-szalak","9":"pa_colour-atlatszo","10":"pa_filament-diameter-1-75mm-hu","11":"pa_filament-weight-1000g-hu","12":"brand-azurefilm-hu","14":"first","15":"outofstock","16":"taxable","17":"shipping-taxable","18":"purchasable","19":"product-type-variable","20":"has-default-attributes"},"acf":[],"_links":{"self":[{"href":"https:\/\/azurefilm.com\/hu\/wp-json\/wp\/v2\/product\/59916","targetHints":{"allow":["GET"]}}],"collection":[{"href":"https:\/\/azurefilm.com\/hu\/wp-json\/wp\/v2\/product"}],"about":[{"href":"https:\/\/azurefilm.com\/hu\/wp-json\/wp\/v2\/types\/product"}],"replies":[{"embeddable":true,"href":"https:\/\/azurefilm.com\/hu\/wp-json\/wp\/v2\/comments?post=59916"}],"wp:featuredmedia":[{"embeddable":true,"href":"https:\/\/azurefilm.com\/hu\/wp-json\/wp\/v2\/media\/59919"}],"wp:attachment":[{"href":"https:\/\/azurefilm.com\/hu\/wp-json\/wp\/v2\/media?parent=59916"}],"wp:term":[{"taxonomy":"product_brand","embeddable":true,"href":"https:\/\/azurefilm.com\/hu\/wp-json\/wp\/v2\/product_brand?post=59916"},{"taxonomy":"product_cat","embeddable":true,"href":"https:\/\/azurefilm.com\/hu\/wp-json\/wp\/v2\/product_cat?post=59916"},{"taxonomy":"product_tag","embeddable":true,"href":"https:\/\/azurefilm.com\/hu\/wp-json\/wp\/v2\/product_tag?post=59916"},{"taxonomy":"brand","embeddable":true,"href":"https:\/\/azurefilm.com\/hu\/wp-json\/wp\/v2\/brand?post=59916"}],"curies":[{"name":"wp","href":"https:\/\/api.w.org\/{rel}","templated":true}]}}