
{"id":59923,"date":"2023-10-29T14:42:00","date_gmt":"2023-10-29T14:42:00","guid":{"rendered":"https:\/\/azurefilm.com\/product\/liqcreate-composite-x-feher-gyanta\/"},"modified":"2025-08-22T11:25:29","modified_gmt":"2025-08-22T11:25:29","slug":"liqcreate-composite-x-feher-gyanta","status":"publish","type":"product","link":"https:\/\/azurefilm.com\/hu\/termek\/liqcreate-composite-x-feher-gyanta\/","title":{"rendered":"Liqcreate Composite-X feh\u00e9r gyanta"},"content":{"rendered":"<h2><b>Liqcreate Composite-X feh\u00e9r<\/b><b><br \/>\n<\/b><\/h2>\n<p><span style=\"font-weight: 400;\">A Liqcreate Composite-X White egy <\/span><b>rendk\u00edv\u00fcl merev<\/b><span style=\"font-weight: 400;\"> \u00e9s <\/span><b>nagy teljes\u00edtm\u00e9ny\u0171, meger\u0151s\u00edtett nano-mikro kompozit gyanta.<\/b><span style=\"font-weight: 400;\">  SLA, DLP \u00e9s LCD\/MSLA 3D nyomtat\u00f3khoz tervezt\u00e9k (385-420 nm). A   <\/span><b>9000 MPa-t meghalad\u00f3 hajl\u00edt\u00e1si modulus \u00e9s 150-170 MPa k\u00f6z\u00f6tti hajl\u00edt\u00f3szil\u00e1rds\u00e1g<\/b><span style=\"font-weight: 400;\">A Composite-X az egyik legmerevebb \u00e9s leger\u0151sebb anyagk\u00e9nt t\u0171nik ki. Haszn\u00e1lhat\u00f3 UV-ut\u00e1nkem\u00e9ny\u00edt\u00e9s ut\u00e1n vagy termikus kikem\u00e9ny\u00edt\u00e9ssel feler\u0151s\u00edtve, kiv\u00e1l\u00f3 vegyi ellen\u00e1ll\u00e1st, nagy szil\u00e1rds\u00e1got \u00e9s merevs\u00e9get biztos\u00edt.   <\/span><\/p>\n<p><span style=\"font-weight: 400;\">Ez a gyanta sokoldal\u00fa, <\/span><b>kompatibilis a k\u00fcl\u00f6nb\u00f6z\u0151 3D nyomtat\u00f3 modellekkel<\/b><span style=\"font-weight: 400;\"> (385-420 nm), \u00e9s olyan alkalmaz\u00e1sokhoz alkalmas, mint a sz\u00e9lcsatorna tesztel\u00e9s, folyad\u00e9k\u00e1raml\u00e1si alkatr\u00e9szek, aut\u00f3ipari \u00e9s nagy ig\u00e9nybev\u00e9tel\u0171 ipari felhaszn\u00e1l\u00e1s.<\/span><\/p>\n<h3><strong>Tulajdons\u00e1gok:<\/strong><\/h3>\n<ul>\n<li style=\"font-weight: 400;\" aria-level=\"1\"><span style=\"font-weight: 400;\">Nagy szil\u00e1rds\u00e1g<\/span><\/li>\n<li style=\"font-weight: 400;\" aria-level=\"1\"><span style=\"font-weight: 400;\">Nano meger\u0151s\u00edtett<\/span><\/li>\n<li style=\"font-weight: 400;\" aria-level=\"1\"><span style=\"font-weight: 400;\">Alacsony zsugorod\u00e1s<\/span><\/li>\n<\/ul>\n<p><img decoding=\"async\" class=\"alignnone size-medium wp-image-18560\" src=\"https:\/\/azurefilm.com\/wp-content\/uploads\/2023\/10\/Liqcreate_Composite_X_Properties_1-Enhanced-SR.jpg\" alt=\"  Sz\u00e9less\u00e9g...\" height=\"400\" title=\"\"><\/p>\n","protected":false},"excerpt":{"rendered":"<p>Szerezze be a Liqcreate Composite-X White gyant\u00e1t (357g\u00f7250ml\/1500g\u00f71l), az egyik legmerevebb \u00e9s leger\u0151sebb anyagot.<\/p>\n","protected":false},"featured_media":59925,"comment_status":"closed","ping_status":"closed","template":"","meta":{"_acf_changed":false},"product_brand":[],"product_cat":[1686,2420,1688,2370,2581],"product_tag":[],"brand":[],"class_list":{"0":"post-59923","1":"product","2":"type-product","3":"status-publish","4":"has-post-thumbnail","6":"product_cat-3d-filmek","7":"product_cat-ipari-gyanta","8":"product_cat-minden-film","9":"product_cat-resin-hu","10":"product_cat-rugalmas-gyanta","11":"pa_colour-white","12":"pa_resin-technology-dlp","13":"pa_resin-technology-lcd-msla","14":"pa_resin-technology-sla","15":"pa_resin-type-flexible","16":"pa_resin-type-industrial","17":"pa_resin-weight-1500g","18":"pa_resin-weight-375g","20":"first","21":"instock","22":"taxable","23":"shipping-taxable","24":"purchasable","25":"product-type-variable"},"acf":[],"_links":{"self":[{"href":"https:\/\/azurefilm.com\/hu\/wp-json\/wp\/v2\/product\/59923","targetHints":{"allow":["GET"]}}],"collection":[{"href":"https:\/\/azurefilm.com\/hu\/wp-json\/wp\/v2\/product"}],"about":[{"href":"https:\/\/azurefilm.com\/hu\/wp-json\/wp\/v2\/types\/product"}],"replies":[{"embeddable":true,"href":"https:\/\/azurefilm.com\/hu\/wp-json\/wp\/v2\/comments?post=59923"}],"wp:featuredmedia":[{"embeddable":true,"href":"https:\/\/azurefilm.com\/hu\/wp-json\/wp\/v2\/media\/59925"}],"wp:attachment":[{"href":"https:\/\/azurefilm.com\/hu\/wp-json\/wp\/v2\/media?parent=59923"}],"wp:term":[{"taxonomy":"product_brand","embeddable":true,"href":"https:\/\/azurefilm.com\/hu\/wp-json\/wp\/v2\/product_brand?post=59923"},{"taxonomy":"product_cat","embeddable":true,"href":"https:\/\/azurefilm.com\/hu\/wp-json\/wp\/v2\/product_cat?post=59923"},{"taxonomy":"product_tag","embeddable":true,"href":"https:\/\/azurefilm.com\/hu\/wp-json\/wp\/v2\/product_tag?post=59923"},{"taxonomy":"brand","embeddable":true,"href":"https:\/\/azurefilm.com\/hu\/wp-json\/wp\/v2\/brand?post=59923"}],"curies":[{"name":"wp","href":"https:\/\/api.w.org\/{rel}","templated":true}]}}