
{"id":59934,"date":"2023-10-29T14:42:00","date_gmt":"2023-10-29T14:42:00","guid":{"rendered":"https:\/\/azurefilm.com\/product\/creality-standard-zold-gyanta\/"},"modified":"2025-08-22T11:25:26","modified_gmt":"2025-08-22T11:25:26","slug":"creality-standard-zold-gyanta","status":"publish","type":"product","link":"https:\/\/azurefilm.com\/hu\/termek\/creality-standard-zold-gyanta\/","title":{"rendered":"Creality Standard z\u00f6ld gyanta"},"content":{"rendered":"<h2><b>Creality Standard z\u00f6ld gyanta<\/b><\/h2>\n<p><span style=\"font-weight: 400;\">A Creality Standard Green gyanta egy nagy pontoss\u00e1g\u00fa UV-kem\u00e9ny\u00edt\u0151 gyanta, amelyet 405 nm-en m\u0171k\u00f6d\u0151 LCD-nyomtat\u00f3khoz terveztek. Ez a gyanta kiv\u00e1l\u00f3an biztos\u00edtja   <\/span><b>alacsony zsugorod\u00e1s<\/b><span style=\"font-weight: 400;\"> a f\u00e9nykem\u00e9ny\u00edt\u00e9si folyamat sor\u00e1n, \u00edgy biztos\u00edtva a nyomtatott modelleket<\/span><b> nagy pontoss\u00e1g\u00fa \u00e9s sima fel\u00fclet\u0171 marad<\/b><span style=\"font-weight: 400;\">. It prioritizes your comfort with its   <\/span><b>alacsony szag<\/b><span style=\"font-weight: 400;\">, kik\u00fcsz\u00f6b\u00f6lve a nyomdai elj\u00e1r\u00e1s sor\u00e1n keletkez\u0151 sz\u00far\u00f3s szagokat. Ezenk\u00edv\u00fcl a Creality gyanta b\u00fcszk\u00e9lkedhet   <\/span><b>\u00e9l\u00e9nk \u00e9s tiszta sz\u00ednhat\u00e1sok<\/b><span style=\"font-weight: 400;\">a kiv\u00e1l\u00f3 min\u0151s\u00e9g\u0171 pigmenteknek k\u00f6sz\u00f6nhet\u0151en.<\/span><\/p>\n<p><span style=\"font-weight: 400;\">Biztons\u00e1gosan csomagolva, ez a gyanta egy megvastag\u00edtott alum\u00ednium palackban ker\u00fcl forgalomba, hogy megv\u00e9dje a f\u00e9nyt\u0151l. A <\/span> <b> sziv\u00e1rg\u00e1smentes kialak\u00edt\u00e1s<\/b><span style=\"font-weight: 400;\"> m\u0171anyag bubor\u00e9kos zacsk\u00f3 v\u00e9di, \u00edgy biztos\u00edtva, hogy a gyanta t\u00f6k\u00e9letes \u00e1llapotban maradjon. <\/span><b>Kompatibilis az LCD nyomtat\u00f3k sz\u00e9les v\u00e1laszt\u00e9k\u00e1val<\/b><span style=\"font-weight: 400;\">, mint p\u00e9ld\u00e1ul az Elegoo Mars, Creality LD002R, Anycubic Photon, SainSmart KL9 \u00e9s hasonl\u00f3 modellek, a Creality Standard gyanta garant\u00e1lja a kiv\u00e1l\u00f3 eredm\u00e9nyeket a 3D nyomtat\u00e1si ig\u00e9nyeihez.<\/span><\/p>\n<h3><strong>Tulajdons\u00e1gok:<\/strong><\/h3>\n<ul>\n<li style=\"font-weight: 400;\" aria-level=\"1\"><span style=\"font-weight: 400;\">Alacsony zsugorod\u00e1s<\/span><\/li>\n<li style=\"font-weight: 400;\" aria-level=\"1\"><span style=\"font-weight: 400;\">Alacsony szag<\/span><\/li>\n<li style=\"font-weight: 400;\" aria-level=\"1\"><span style=\"font-weight: 400;\">Sima fel\u00fclet<\/span><\/li>\n<\/ul>\n","protected":false},"excerpt":{"rendered":"<p>K\u00e9sz\u00edtsen Creality Standard Green gyant\u00e1val (500g), \u00e9s tartsa fenn a nagy pontoss\u00e1got sima fel\u00fclettel.<\/p>\n","protected":false},"featured_media":59935,"comment_status":"closed","ping_status":"closed","template":"","meta":{"_acf_changed":false},"product_brand":[],"product_cat":[1686,1688,2370,2418],"product_tag":[],"brand":[],"class_list":{"0":"post-59934","1":"product","2":"type-product","3":"status-publish","4":"has-post-thumbnail","6":"product_cat-3d-filmek","7":"product_cat-minden-film","8":"product_cat-resin-hu","9":"product_cat-standard-gyanta","10":"pa_colour-green","11":"pa_resin-technology-dlp","12":"pa_resin-technology-lcd-msla","13":"pa_resin-type-standard","14":"pa_resin-weight-500g","16":"first","17":"outofstock","18":"taxable","19":"shipping-taxable","20":"purchasable","21":"product-type-simple"},"acf":[],"_links":{"self":[{"href":"https:\/\/azurefilm.com\/hu\/wp-json\/wp\/v2\/product\/59934","targetHints":{"allow":["GET"]}}],"collection":[{"href":"https:\/\/azurefilm.com\/hu\/wp-json\/wp\/v2\/product"}],"about":[{"href":"https:\/\/azurefilm.com\/hu\/wp-json\/wp\/v2\/types\/product"}],"replies":[{"embeddable":true,"href":"https:\/\/azurefilm.com\/hu\/wp-json\/wp\/v2\/comments?post=59934"}],"wp:featuredmedia":[{"embeddable":true,"href":"https:\/\/azurefilm.com\/hu\/wp-json\/wp\/v2\/media\/59935"}],"wp:attachment":[{"href":"https:\/\/azurefilm.com\/hu\/wp-json\/wp\/v2\/media?parent=59934"}],"wp:term":[{"taxonomy":"product_brand","embeddable":true,"href":"https:\/\/azurefilm.com\/hu\/wp-json\/wp\/v2\/product_brand?post=59934"},{"taxonomy":"product_cat","embeddable":true,"href":"https:\/\/azurefilm.com\/hu\/wp-json\/wp\/v2\/product_cat?post=59934"},{"taxonomy":"product_tag","embeddable":true,"href":"https:\/\/azurefilm.com\/hu\/wp-json\/wp\/v2\/product_tag?post=59934"},{"taxonomy":"brand","embeddable":true,"href":"https:\/\/azurefilm.com\/hu\/wp-json\/wp\/v2\/brand?post=59934"}],"curies":[{"name":"wp","href":"https:\/\/api.w.org\/{rel}","templated":true}]}}