
{"id":59975,"date":"2023-10-29T14:44:31","date_gmt":"2023-10-29T14:44:31","guid":{"rendered":"https:\/\/azurefilm.com\/product\/bambu-texturalt-pei-lemez\/"},"modified":"2023-10-29T14:44:31","modified_gmt":"2023-10-29T14:44:31","slug":"bambu-texturalt-pei-lemez","status":"publish","type":"product","link":"https:\/\/azurefilm.com\/hu\/termek\/bambu-texturalt-pei-lemez\/","title":{"rendered":"Bambu textur\u00e1lt PEI lemez"},"content":{"rendered":"<h2>Bambu textur\u00e1lt PEI lemez<\/h2>\n<p>A Bambu textur\u00e1lt PEI lemezzel nagyszer\u0171 tapad\u00e1st \u00e9s k\u00f6nny\u0171 nyomtat\u00e1selt\u00e1vol\u00edt\u00e1st \u00e9rhet el. Ezt a lemezt \u00fagy tervezt\u00e9k, hogy kiv\u00e1l\u00f3 3D nyomtat\u00e1si \u00e9lm\u00e9nyt ny\u00fajtson, mik\u00f6zben \u00e9rdekes els\u0151 r\u00e9teg text\u00far\u00e1t ad. <\/p>\n<h3>El\u0151ny\u00f6k<\/h3>\n<ul>\n<li>Kiv\u00e1l\u00f3 els\u0151 r\u00e9teg tapad\u00e1s<\/li>\n<li>Jobb tart\u00f3ss\u00e1g<\/li>\n<li>Kompatibilit\u00e1s k\u00fcl\u00f6nb\u00f6z\u0151 sz\u00e1lakkal, p\u00e9ld\u00e1ul PLA, TPU, PETG, ABS \u00e9s Nylon.<\/li>\n<\/ul>\n<h2>\u00d6nkiold\u00f3 funkci\u00f3<\/h2>\n<p>A PEI a h\u0151m\u00e9rs\u00e9klet-ingadoz\u00e1sokkal szembeni ellen\u00e1ll\u00f3 k\u00e9pess\u00e9g\u00e9r\u0151l ismert. Biztos\u00edtja a nyomtat\u00e1s k\u00f6nny\u0171 elt\u00e1vol\u00edt\u00e1s\u00e1t, amikor a h\u0151\u00e1gy leh\u0171l. V\u00e1rja meg, hogy a h\u0151m\u00e9rs\u00e9klet el\u00e9rje a 35\u00b0C-ot vagy alacsonyabb legyen; ha a nyomat m\u00e9g mindig tapad, \u00f3vatosan hajl\u00edtsa meg az ac\u00e9llemezt, \u00e9s a nyomat gond n\u00e9lk\u00fcl leold\u00f3dik.  <\/p>\n<h2>Megb\u00edzhat\u00f3 m\u00e1gneses tapad\u00e1s<\/h2>\n<p>A Bambu Textured PEI Plate 0,5 mm vastag rozsdamentes ac\u00e9llemezzel rendelkezik, \u00e9s fokozott m\u00e1gneses tapad\u00e1st biztos\u00edt. Ez a tulajdons\u00e1g megakad\u00e1lyozza a vetemed\u00e9st \u00e9s stabil nyomtat\u00e1si min\u0151s\u00e9get biztos\u00edt. A kezdeti nyomtat\u00e1si r\u00e9tegek biztons\u00e1gosan tapadnak, m\u00e9g akkor is, ha nagyobb modellekr\u0151l vagy olyan anyagokr\u00f3l van sz\u00f3, amelyek hajlamosak a vetemed\u00e9sre, mint p\u00e9ld\u00e1ul az ABS, a PC \u00e9s a Nylon.  <\/p>\n<h2>Egyedi text\u00far\u00e1j\u00fa fel\u00fclet<\/h2>\n<p>A Bambu Textured PEI Plate prec\u00edz porsz\u00f3r\u00e1sos elj\u00e1r\u00e1ssal jellegzetes text\u00far\u00e1j\u00fa fel\u00fcletet biztos\u00edt a nyomatok sz\u00e1m\u00e1ra, karaktert k\u00f6lcs\u00f6n\u00f6zve alkot\u00e1sainak.<\/p>\n<h2>Telep\u00edt\u00e9s<\/h2>\n<p>A lemez felszerel\u00e9se egyszer\u0171 \u00e9s n\u00e9h\u00e1ny m\u00e1sodpercet vesz ig\u00e9nybe. 1. l\u00e9p\u00e9s: Igaz\u00edtsa a lemezt a platform r\u00f6gz\u00edtett pontjaihoz, \u00fcgyelve arra, hogy a lemez neve \u00d6n fel\u00e9 n\u00e9zzen. 2. l\u00e9p\u00e9s: Engedje le a lemezt a m\u00e1gneses platformra, \u00e9s r\u00f6gz\u00edtse a hely\u00e9n.<\/p>\n<p><img decoding=\"async\" class=\"alignnone size-medium wp-image-32465\" src=\"https:\/\/azurefilm.com\/wp-content\/uploads\/2023\/10\/step-1.jpg\" alt=\"  Sz\u00e9less\u00e9g...\" height=\"400\" title=\"\"> <img decoding=\"async\" class=\"alignnone size-medium wp-image-32469\" src=\"https:\/\/azurefilm.com\/wp-content\/uploads\/2023\/10\/step-2.jpg\" alt=\"  Sz\u00e9less\u00e9g...\" height=\"400\" title=\"\"><\/p>\n","protected":false},"excerpt":{"rendered":"<p><span style=\"font-weight: 400;\">A Bambu Textured PEI Plate jellegzetes fel\u00fcleti text\u00far\u00e1j\u00e1nak felhaszn\u00e1l\u00e1s\u00e1val kik\u00fcsz\u00f6b\u00f6lheti a vetemed\u00e9ssel kapcsolatos agg\u00e1lyokat, \u00e9s jav\u00edthatja a nyomtat\u00e1s min\u0151s\u00e9g\u00e9t.<\/span><\/p>\n","protected":false},"featured_media":59976,"comment_status":"closed","ping_status":"closed","template":"","meta":{"_acf_changed":false},"product_brand":[],"product_cat":[2280,2224,2281,2221],"product_tag":[],"brand":[],"class_list":{"0":"post-59975","1":"product","2":"type-product","3":"status-publish","4":"has-post-thumbnail","6":"product_cat-epitesi-feluletek","7":"product_cat-minden-potalkatresz","8":"product_cat-pei-lemezek","9":"product_cat-potalkatreszek","10":"pa_compatible-with-bambulab-fdm-3d-printers","11":"pa_fits-printer-all-bambu-lab-x1-series-p1-series","13":"first","14":"instock","15":"taxable","16":"shipping-taxable","17":"purchasable","18":"product-type-simple"},"acf":[],"_links":{"self":[{"href":"https:\/\/azurefilm.com\/hu\/wp-json\/wp\/v2\/product\/59975","targetHints":{"allow":["GET"]}}],"collection":[{"href":"https:\/\/azurefilm.com\/hu\/wp-json\/wp\/v2\/product"}],"about":[{"href":"https:\/\/azurefilm.com\/hu\/wp-json\/wp\/v2\/types\/product"}],"replies":[{"embeddable":true,"href":"https:\/\/azurefilm.com\/hu\/wp-json\/wp\/v2\/comments?post=59975"}],"wp:featuredmedia":[{"embeddable":true,"href":"https:\/\/azurefilm.com\/hu\/wp-json\/wp\/v2\/media\/59976"}],"wp:attachment":[{"href":"https:\/\/azurefilm.com\/hu\/wp-json\/wp\/v2\/media?parent=59975"}],"wp:term":[{"taxonomy":"product_brand","embeddable":true,"href":"https:\/\/azurefilm.com\/hu\/wp-json\/wp\/v2\/product_brand?post=59975"},{"taxonomy":"product_cat","embeddable":true,"href":"https:\/\/azurefilm.com\/hu\/wp-json\/wp\/v2\/product_cat?post=59975"},{"taxonomy":"product_tag","embeddable":true,"href":"https:\/\/azurefilm.com\/hu\/wp-json\/wp\/v2\/product_tag?post=59975"},{"taxonomy":"brand","embeddable":true,"href":"https:\/\/azurefilm.com\/hu\/wp-json\/wp\/v2\/brand?post=59975"}],"curies":[{"name":"wp","href":"https:\/\/api.w.org\/{rel}","templated":true}]}}