
{"id":60012,"date":"2023-10-29T14:30:52","date_gmt":"2023-10-29T14:30:52","guid":{"rendered":"https:\/\/azurefilm.com\/product\/creality-cr-30-ovkeszlet\/"},"modified":"2025-07-04T06:28:17","modified_gmt":"2025-07-04T06:28:17","slug":"creality-cr-30-ovkeszlet","status":"publish","type":"product","link":"https:\/\/azurefilm.com\/hu\/termek\/creality-cr-30-ovkeszlet\/","title":{"rendered":"Creality CR-30 \u00f6vk\u00e9szlet"},"content":{"rendered":"","protected":false},"excerpt":{"rendered":"<p>Creality CR-30 sz\u00edjk\u00e9szlet.<\/p>\n","protected":false},"featured_media":60013,"comment_status":"closed","ping_status":"closed","template":"","meta":{"_acf_changed":false},"product_brand":[],"product_cat":[2224,2221],"product_tag":[],"brand":[],"class_list":{"0":"post-60012","1":"product","2":"type-product","3":"status-publish","4":"has-post-thumbnail","6":"product_cat-minden-potalkatresz","7":"product_cat-potalkatreszek","9":"first","10":"outofstock","11":"taxable","12":"shipping-taxable","13":"purchasable","14":"product-type-simple"},"acf":[],"_links":{"self":[{"href":"https:\/\/azurefilm.com\/hu\/wp-json\/wp\/v2\/product\/60012","targetHints":{"allow":["GET"]}}],"collection":[{"href":"https:\/\/azurefilm.com\/hu\/wp-json\/wp\/v2\/product"}],"about":[{"href":"https:\/\/azurefilm.com\/hu\/wp-json\/wp\/v2\/types\/product"}],"replies":[{"embeddable":true,"href":"https:\/\/azurefilm.com\/hu\/wp-json\/wp\/v2\/comments?post=60012"}],"wp:featuredmedia":[{"embeddable":true,"href":"https:\/\/azurefilm.com\/hu\/wp-json\/wp\/v2\/media\/60013"}],"wp:attachment":[{"href":"https:\/\/azurefilm.com\/hu\/wp-json\/wp\/v2\/media?parent=60012"}],"wp:term":[{"taxonomy":"product_brand","embeddable":true,"href":"https:\/\/azurefilm.com\/hu\/wp-json\/wp\/v2\/product_brand?post=60012"},{"taxonomy":"product_cat","embeddable":true,"href":"https:\/\/azurefilm.com\/hu\/wp-json\/wp\/v2\/product_cat?post=60012"},{"taxonomy":"product_tag","embeddable":true,"href":"https:\/\/azurefilm.com\/hu\/wp-json\/wp\/v2\/product_tag?post=60012"},{"taxonomy":"brand","embeddable":true,"href":"https:\/\/azurefilm.com\/hu\/wp-json\/wp\/v2\/brand?post=60012"}],"curies":[{"name":"wp","href":"https:\/\/api.w.org\/{rel}","templated":true}]}}