
{"id":60050,"date":"2023-10-29T14:31:41","date_gmt":"2023-10-29T14:31:41","guid":{"rendered":"https:\/\/azurefilm.com\/product\/ollo\/"},"modified":"2023-10-29T14:31:41","modified_gmt":"2023-10-29T14:31:41","slug":"ollo","status":"publish","type":"product","link":"https:\/\/azurefilm.com\/hu\/termek\/ollo\/","title":{"rendered":"Oll\u00f3"},"content":{"rendered":"<p>Az oll\u00f3 egy k\u00e9zi szersz\u00e1m, amelyet v\u00e9kony anyagok v\u00e1g\u00e1s\u00e1ra haszn\u00e1lnak. Haszn\u00e1ljuk pl. pap\u00edr, karton \u00e9s kartonpap\u00edr, f\u00e9mf\u00f3lia, v\u00e9kony m\u0171anyag, \u00e9lelmiszer, sz\u00f6vet, k\u00f6t\u00e9l \u00e9s dr\u00f3t v\u00e1g\u00e1s\u00e1ra. <\/p>\n","protected":false},"excerpt":{"rendered":"<p>Pl. pap\u00edr, karton \u00e9s kartonpap\u00edr, f\u00e9mf\u00f3lia, v\u00e9kony m\u0171anyag, \u00e9lelmiszer, sz\u00f6vet, k\u00f6t\u00e9l \u00e9s dr\u00f3t v\u00e1g\u00e1s\u00e1ra.<\/p>\n","protected":false},"featured_media":60051,"comment_status":"closed","ping_status":"closed","template":"","meta":{"_acf_changed":false},"product_brand":[],"product_cat":[2221,1679,2224,2237],"product_tag":[],"brand":[],"class_list":{"0":"post-60050","1":"product","2":"type-product","3":"status-publish","4":"has-post-thumbnail","6":"product_cat-potalkatreszek","7":"product_cat-elado","8":"product_cat-minden-potalkatresz","9":"product_cat-szerszerek","11":"first","12":"instock","13":"sale","14":"taxable","15":"shipping-taxable","16":"purchasable","17":"product-type-simple"},"acf":[],"_links":{"self":[{"href":"https:\/\/azurefilm.com\/hu\/wp-json\/wp\/v2\/product\/60050","targetHints":{"allow":["GET"]}}],"collection":[{"href":"https:\/\/azurefilm.com\/hu\/wp-json\/wp\/v2\/product"}],"about":[{"href":"https:\/\/azurefilm.com\/hu\/wp-json\/wp\/v2\/types\/product"}],"replies":[{"embeddable":true,"href":"https:\/\/azurefilm.com\/hu\/wp-json\/wp\/v2\/comments?post=60050"}],"wp:featuredmedia":[{"embeddable":true,"href":"https:\/\/azurefilm.com\/hu\/wp-json\/wp\/v2\/media\/60051"}],"wp:attachment":[{"href":"https:\/\/azurefilm.com\/hu\/wp-json\/wp\/v2\/media?parent=60050"}],"wp:term":[{"taxonomy":"product_brand","embeddable":true,"href":"https:\/\/azurefilm.com\/hu\/wp-json\/wp\/v2\/product_brand?post=60050"},{"taxonomy":"product_cat","embeddable":true,"href":"https:\/\/azurefilm.com\/hu\/wp-json\/wp\/v2\/product_cat?post=60050"},{"taxonomy":"product_tag","embeddable":true,"href":"https:\/\/azurefilm.com\/hu\/wp-json\/wp\/v2\/product_tag?post=60050"},{"taxonomy":"brand","embeddable":true,"href":"https:\/\/azurefilm.com\/hu\/wp-json\/wp\/v2\/brand?post=60050"}],"curies":[{"name":"wp","href":"https:\/\/api.w.org\/{rel}","templated":true}]}}