
{"id":60062,"date":"2023-10-29T14:32:52","date_gmt":"2023-10-29T14:32:52","guid":{"rendered":"https:\/\/azurefilm.com\/product\/elektronika-a-vizmagassaghoz\/"},"modified":"2023-10-29T14:32:52","modified_gmt":"2023-10-29T14:32:52","slug":"elektronika-a-vizmagassaghoz","status":"publish","type":"product","link":"https:\/\/azurefilm.com\/hu\/termek\/elektronika-a-vizmagassaghoz\/","title":{"rendered":"Elektronika a v\u00edzmagass\u00e1ghoz"},"content":{"rendered":"<h2><strong>F\u0151bb jellemz\u0151k:<\/strong><\/h2>\n<ul>\n<li>Amikor a v\u00edzszint magasabb, mint a fels\u0151 vonal, automatikusan le\u00e1ll a v\u00edz hozz\u00e1ad\u00e1s\u00e1hoz, nincs sz\u00fcks\u00e9g k\u00e9zi kezel\u00e9sre, teljesen automatikus.<\/li>\n<li>K\u00f6nny\u0171 telep\u00edt\u00e9s \u00e9s egyszer\u0171 m\u0171k\u00f6dtet\u00e9s.<\/li>\n<li>Sz\u00e9les k\u00f6rben haszn\u00e1lj\u00e1k a v\u00edzt\u00e1roz\u00e1si projektekben (v\u00edz, v\u00f6d\u00f6r, v\u00edztart\u00e1ly, v\u00edzt\u00e1roz\u00f3, v\u00edzt\u00e1roz\u00f3, stb&#8230;)<\/li>\n<\/ul>\n<h2><strong>Specifik\u00e1ci\u00f3k:<\/strong><\/h2>\n<ul>\n<li>Modell: XH-M203<\/li>\n<li>M\u0171k\u00f6d\u00e9si fesz\u00fclts\u00e9g: AC\/DC12V<\/li>\n<li>Kimeneti kapacit\u00e1s: 10A<\/li>\n<li>Kimenet t\u00edpusa: rel\u00e9 kimenet<\/li>\n<li>Vez\u00e9rl\u00e9s t\u00edpusa: teljesen automatikus<\/li>\n<li>M\u00e9ret: 6&#215;3.8cm<\/li>\n<li>Telep\u00edt\u00e9s: M3 csavarfurat<\/li>\n<\/ul>\n<p>&nbsp;<\/p>\n","protected":false},"excerpt":{"rendered":"<p><strong>Elektronika a v\u00edzmagass\u00e1ghoz Sz<\/strong> \u00e9les k\u00f6rben haszn\u00e1lj\u00e1k a v\u00edzv\u00e9delmi projektekben, v\u00edz, v\u00f6d\u00f6r, v\u00edztart\u00e1ly, v\u00edzt\u00e1roz\u00f3, v\u00edzt\u00f3 stb.<\/p>\n","protected":false},"featured_media":60064,"comment_status":"closed","ping_status":"closed","template":"","meta":{"_acf_changed":false},"product_brand":[],"product_cat":[1679,2275,2224,2221],"product_tag":[],"brand":[],"class_list":{"0":"post-60062","1":"product","2":"type-product","3":"status-publish","4":"has-post-thumbnail","6":"product_cat-elado","7":"product_cat-mainboards-hu","8":"product_cat-minden-potalkatresz","9":"product_cat-potalkatreszek","11":"first","12":"instock","13":"sale","14":"taxable","15":"shipping-taxable","16":"purchasable","17":"product-type-simple"},"acf":[],"_links":{"self":[{"href":"https:\/\/azurefilm.com\/hu\/wp-json\/wp\/v2\/product\/60062","targetHints":{"allow":["GET"]}}],"collection":[{"href":"https:\/\/azurefilm.com\/hu\/wp-json\/wp\/v2\/product"}],"about":[{"href":"https:\/\/azurefilm.com\/hu\/wp-json\/wp\/v2\/types\/product"}],"replies":[{"embeddable":true,"href":"https:\/\/azurefilm.com\/hu\/wp-json\/wp\/v2\/comments?post=60062"}],"wp:featuredmedia":[{"embeddable":true,"href":"https:\/\/azurefilm.com\/hu\/wp-json\/wp\/v2\/media\/60064"}],"wp:attachment":[{"href":"https:\/\/azurefilm.com\/hu\/wp-json\/wp\/v2\/media?parent=60062"}],"wp:term":[{"taxonomy":"product_brand","embeddable":true,"href":"https:\/\/azurefilm.com\/hu\/wp-json\/wp\/v2\/product_brand?post=60062"},{"taxonomy":"product_cat","embeddable":true,"href":"https:\/\/azurefilm.com\/hu\/wp-json\/wp\/v2\/product_cat?post=60062"},{"taxonomy":"product_tag","embeddable":true,"href":"https:\/\/azurefilm.com\/hu\/wp-json\/wp\/v2\/product_tag?post=60062"},{"taxonomy":"brand","embeddable":true,"href":"https:\/\/azurefilm.com\/hu\/wp-json\/wp\/v2\/brand?post=60062"}],"curies":[{"name":"wp","href":"https:\/\/api.w.org\/{rel}","templated":true}]}}