
{"id":60063,"date":"2023-10-29T14:32:52","date_gmt":"2023-10-29T14:32:52","guid":{"rendered":"https:\/\/azurefilm.com\/product\/fuvoka-a-creality-cr-10-smart-pro-hoz\/"},"modified":"2023-10-29T14:32:52","modified_gmt":"2023-10-29T14:32:52","slug":"fuvoka-a-creality-cr-10-smart-pro-hoz","status":"publish","type":"product","link":"https:\/\/azurefilm.com\/hu\/termek\/fuvoka-a-creality-cr-10-smart-pro-hoz\/","title":{"rendered":"F\u00fav\u00f3ka a Creality CR-10 Smart Pro-hoz"},"content":{"rendered":"<h2><strong>F\u0151bb jellemz\u0151k:<\/strong><\/h2>\n<ul>\n<li>Kompatibilis a CR-10 Smart Pro 3D nyomtat\u00f3val<\/li>\n<li>Kiv\u00e1l\u00f3 min\u0151s\u00e9g\u0171 3D nyomtat\u00f3 f\u00fav\u00f3k\u00e1k.<\/li>\n<li>Bemeneti \u00e1tm\u00e9r\u0151: 1.75mm<\/li>\n<li>Kimeneti \u00e1tm\u00e9r\u0151: 0.4mm<\/li>\n<li>Anyag: S\u00e1rgar\u00e9z<\/li>\n<li>Az \u00e1r 1 darabra vonatkozik.<\/li>\n<\/ul>\n","protected":false},"excerpt":{"rendered":"<p>Kiv\u00e1l\u00f3 min\u0151s\u00e9g\u0171 s\u00e1rgar\u00e9z<strong> f\u00fav\u00f3ka a Creality CR-10 Smart Pro-hoz.<\/strong><\/p>\n","protected":false},"featured_media":60069,"comment_status":"closed","ping_status":"closed","template":"","meta":{"_acf_changed":false},"product_brand":[],"product_cat":[1679,2226,2224,2221,2227],"product_tag":[],"brand":[],"class_list":{"0":"post-60063","1":"product","2":"type-product","3":"status-publish","4":"has-post-thumbnail","6":"product_cat-elado","7":"product_cat-fuvoszarnyak","8":"product_cat-minden-potalkatresz","9":"product_cat-potalkatreszek","10":"product_cat-rendszeres-fuvokak","12":"first","13":"instock","14":"sale","15":"taxable","16":"shipping-taxable","17":"purchasable","18":"product-type-simple"},"acf":[],"_links":{"self":[{"href":"https:\/\/azurefilm.com\/hu\/wp-json\/wp\/v2\/product\/60063","targetHints":{"allow":["GET"]}}],"collection":[{"href":"https:\/\/azurefilm.com\/hu\/wp-json\/wp\/v2\/product"}],"about":[{"href":"https:\/\/azurefilm.com\/hu\/wp-json\/wp\/v2\/types\/product"}],"replies":[{"embeddable":true,"href":"https:\/\/azurefilm.com\/hu\/wp-json\/wp\/v2\/comments?post=60063"}],"wp:featuredmedia":[{"embeddable":true,"href":"https:\/\/azurefilm.com\/hu\/wp-json\/wp\/v2\/media\/60069"}],"wp:attachment":[{"href":"https:\/\/azurefilm.com\/hu\/wp-json\/wp\/v2\/media?parent=60063"}],"wp:term":[{"taxonomy":"product_brand","embeddable":true,"href":"https:\/\/azurefilm.com\/hu\/wp-json\/wp\/v2\/product_brand?post=60063"},{"taxonomy":"product_cat","embeddable":true,"href":"https:\/\/azurefilm.com\/hu\/wp-json\/wp\/v2\/product_cat?post=60063"},{"taxonomy":"product_tag","embeddable":true,"href":"https:\/\/azurefilm.com\/hu\/wp-json\/wp\/v2\/product_tag?post=60063"},{"taxonomy":"brand","embeddable":true,"href":"https:\/\/azurefilm.com\/hu\/wp-json\/wp\/v2\/brand?post=60063"}],"curies":[{"name":"wp","href":"https:\/\/api.w.org\/{rel}","templated":true}]}}