
{"id":60078,"date":"2023-10-29T14:32:52","date_gmt":"2023-10-29T14:32:52","guid":{"rendered":"https:\/\/azurefilm.com\/product\/kamera-creality-nyomtatokhoz\/"},"modified":"2023-10-29T14:32:52","modified_gmt":"2023-10-29T14:32:52","slug":"kamera-creality-nyomtatokhoz","status":"publish","type":"product","link":"https:\/\/azurefilm.com\/hu\/termek\/kamera-creality-nyomtatokhoz\/","title":{"rendered":"Kamera Creality nyomtat\u00f3khoz"},"content":{"rendered":"<h2><span style=\"text-decoration: underline;\"><strong>F\u0151bb jellemz\u0151k:<\/strong><\/span><\/h2>\n<p>CRCC-S7 HD 1080P webkamera<\/p>\n<h3><strong>A val\u00f3s idej\u0171 n\u00e9zet felszabad\u00edtja a nyomtat\u00e1st<\/strong><\/h3>\n<p>A HD1080P webkamera haszn\u00e1lhat\u00f3 a nyomtat\u00f3 tov\u00e1bbi t\u00e1voli vez\u00e9rl\u00e9s\u00e9re a Creality Box seg\u00edts\u00e9g\u00e9vel, a 3D nyomtat\u00f3k online monitoroz\u00e1s\u00e1ra a <strong>Creality Cloud APP-on<\/strong>. A Creality Box csak HD 1080P webkamera m\u0171k\u00f6dik. Nem kompatibilis a piacon kaphat\u00f3 m\u00e1s kamer\u00e1kkal.<\/p>\n<h3><strong>Egyszer\u0171 \u00e9s gy\u00f6ny\u00f6r\u0171<\/strong><\/h3>\n<p>Sima vonalak, zsebm\u00e9ret\u0171 kialak\u00edt\u00e1s, kicsi \u00e9s finom 180\u00b0-os \u00e1ll\u00edthat\u00f3 gomb, \u00e1ll\u00edtsa be a legjobb sz\u00f6get a munk\u00e1j\u00e1hoz \u00e1llv\u00e1nnyal, a k\u00e9p stabilabb. A CRCC-S7 HD 1080P webkamera a Creality leg\u00fajabb kamer\u00e1ja a 3D nyomtat\u00e1s t\u00e1voli fel\u00fcgyelet\u00e9re \u00e9s vez\u00e9rl\u00e9s\u00e9re a Creality Cloudon kereszt\u00fcl. A kamera \u00e9s a <strong>Wi-Fi Box<\/strong> seg\u00edts\u00e9g\u00e9vel gyakorlatilag a kanap\u00e9dr\u00f3l is haszn\u00e1lhatod a 3D nyomtat\u00f3t!  <\/p>\n<h2><span style=\"text-decoration: underline;\"><strong>Alkalmas:<\/strong><\/span><\/h2>\n<p>CR-10 V3, CR-10S Pro V2, CR-6 SE, CR-10 V2, CR-10S, CR-10 Max, CR-10, CR-10, CR-10mini, CP-01, CR20 Pro, CR-10 S5, CR-10S Pro, CR-X Pro, CR-30, CR-10 S4, CR20, CR-XB, CP-01, CR-6 Max, CR-X, CR-X, CR-XB, CR-8S, CR-6 Pro, CR-10 S5 Pro, CR-Z2, CR-Z1, CR-H, CR20 ProB, CR-30L, CR-10 Smart Pro Ender-3 V2, Ender-3 Pro-B, Ender-3-B, Ender-5 Pro, Ender-3 Max, Ender-5 Plus, Ender-6, Ender-5, Ender-3 Pro.<\/p>\n<h2><span style=\"text-decoration: underline;\"><strong>Specifik\u00e1ci\u00f3k:<\/strong><\/span><\/h2>\n<ul>\n<li>Term\u00e9k m\u00e9rete: 69.23&#215;30.7&#215;24.5mm<\/li>\n<li>Bemeneti fesz\u00fclts\u00e9g: 5V<\/li>\n<li>Vide\u00f3 form\u00e1tum: FORM\u00c1TUM: H.265\/MJPG\/YUY2<\/li>\n<li>F\u00f3kusz: 40cm<\/li>\n<li>Processzor: FH8852<\/li>\n<li>Minim\u00e1lis megvil\u00e1g\u00edt\u00e1s: &lt;F\u00c9NYER\u0150: 10LUX<\/li>\n<li>Betekint\u00e9si sz\u00f6g: D=70.6\u00b0\/ H=63.6\u00b0\/ V=38\u00b0<\/li>\n<li>T\u00e1mogat\u00e1si szabv\u00e1ny: UVC\/V4L2<\/li>\n<\/ul>\n","protected":false},"excerpt":{"rendered":"<p><strong>Kamera a Creality nyomtat\u00f3khoz <\/strong>, sima vonalakkal, zsebm\u00e9ret\u0171 kialak\u00edt\u00e1ssal, kicsi \u00e9s finom, \u00e1ll\u00edthat\u00f3 a legjobb sz\u00f6gben.<\/p>\n","protected":false},"featured_media":60085,"comment_status":"closed","ping_status":"closed","template":"","meta":{"_acf_changed":false},"product_brand":[],"product_cat":[1679,2224,2221],"product_tag":[],"brand":[],"class_list":{"0":"post-60078","1":"product","2":"type-product","3":"status-publish","4":"has-post-thumbnail","6":"product_cat-elado","7":"product_cat-minden-potalkatresz","8":"product_cat-potalkatreszek","10":"first","11":"outofstock","12":"sale","13":"taxable","14":"shipping-taxable","15":"purchasable","16":"product-type-simple"},"acf":[],"_links":{"self":[{"href":"https:\/\/azurefilm.com\/hu\/wp-json\/wp\/v2\/product\/60078","targetHints":{"allow":["GET"]}}],"collection":[{"href":"https:\/\/azurefilm.com\/hu\/wp-json\/wp\/v2\/product"}],"about":[{"href":"https:\/\/azurefilm.com\/hu\/wp-json\/wp\/v2\/types\/product"}],"replies":[{"embeddable":true,"href":"https:\/\/azurefilm.com\/hu\/wp-json\/wp\/v2\/comments?post=60078"}],"wp:featuredmedia":[{"embeddable":true,"href":"https:\/\/azurefilm.com\/hu\/wp-json\/wp\/v2\/media\/60085"}],"wp:attachment":[{"href":"https:\/\/azurefilm.com\/hu\/wp-json\/wp\/v2\/media?parent=60078"}],"wp:term":[{"taxonomy":"product_brand","embeddable":true,"href":"https:\/\/azurefilm.com\/hu\/wp-json\/wp\/v2\/product_brand?post=60078"},{"taxonomy":"product_cat","embeddable":true,"href":"https:\/\/azurefilm.com\/hu\/wp-json\/wp\/v2\/product_cat?post=60078"},{"taxonomy":"product_tag","embeddable":true,"href":"https:\/\/azurefilm.com\/hu\/wp-json\/wp\/v2\/product_tag?post=60078"},{"taxonomy":"brand","embeddable":true,"href":"https:\/\/azurefilm.com\/hu\/wp-json\/wp\/v2\/brand?post=60078"}],"curies":[{"name":"wp","href":"https:\/\/api.w.org\/{rel}","templated":true}]}}