
{"id":60079,"date":"2023-10-29T14:33:26","date_gmt":"2023-10-29T14:33:26","guid":{"rendered":"https:\/\/azurefilm.com\/product\/creality-fuvoka-mk8-10-csomag\/"},"modified":"2023-10-29T14:33:26","modified_gmt":"2023-10-29T14:33:26","slug":"creality-fuvoka-mk8-10-csomag","status":"publish","type":"product","link":"https:\/\/azurefilm.com\/hu\/termek\/creality-fuvoka-mk8-10-csomag\/","title":{"rendered":"Creality f\u00fav\u00f3ka MK8 (10 csomag)"},"content":{"rendered":"<h4>Creality f\u00fav\u00f3ka MK8 (10 csomag)<\/h4>\n<h3><b>F\u0151bb jellemz\u0151k:<\/b><\/h3>\n<ul>\n<li><strong>Kompatibilit\u00e1s:<\/strong> Creality CR-10 V2, Creality CR-10S, Creality Ender 2, Creality Ender 3, Creality Ender 3 Pro, Creality Ender 3 V2, Creality Ender 5, Creality Ender 5 Pro, Creality CR10 mini, Creality CR10, Creality CR10, Creality CR10 S, Creality CR10 S 4, Creality CR10 S 5, Creality CR10 MAX, Creality CR10S Pro.<\/li>\n<li><strong>Kiv\u00e1l\u00f3 min\u0151s\u00e9g\u0171 f\u00fav\u00f3k\u00e1k:<\/strong> Biztos\u00edtja az optim\u00e1lis teljes\u00edtm\u00e9nyt \u00e9s a pontos nyomatokat.<\/li>\n<li><strong>Bemeneti \u00e1tm\u00e9r\u0151:<\/strong> Ez a 3D nyomtat\u00e1si k\u00f6z\u00f6ss\u00e9gben elterjedt m\u00e9ret.<\/li>\n<li><strong>Kimeneti \u00e1tm\u00e9r\u0151 opci\u00f3k:<\/strong> 0,2 mm, 0,3 mm, 0,4 mm, 0,5 mm, 0,6 mm \u00e9s 0,8 mm.<\/li>\n<li><strong>Anyag:<\/strong> S\u00e1rgar\u00e9z<\/li>\n<li>Az <strong>\u00e1r<\/strong> 10 db-ra vonatkozik<\/li>\n<\/ul>\n","protected":false},"excerpt":{"rendered":"<h4>Creality MK8 f\u00fav\u00f3ka (10 csomag) kompatibilis a Creality 3D nyomtat\u00f3kkal<\/h4>\n","protected":false},"featured_media":60080,"comment_status":"closed","ping_status":"closed","template":"","meta":{"_acf_changed":false},"product_brand":[],"product_cat":[1679,2226,2221,2227],"product_tag":[],"brand":[270],"class_list":{"0":"post-60079","1":"product","2":"type-product","3":"status-publish","4":"has-post-thumbnail","6":"product_cat-elado","7":"product_cat-fuvoszarnyak","8":"product_cat-potalkatreszek","9":"product_cat-rendszeres-fuvokak","10":"pa_nozzle-diameter-0-2mm","11":"pa_nozzle-diameter-0-3mm","12":"pa_nozzle-diameter-0-4mm","13":"pa_nozzle-diameter-0-6mm","14":"pa_nozzle-diameter-0-8mm","15":"brand-creality","17":"first","18":"instock","19":"sale","20":"taxable","21":"shipping-taxable","22":"purchasable","23":"product-type-variable"},"acf":[],"_links":{"self":[{"href":"https:\/\/azurefilm.com\/hu\/wp-json\/wp\/v2\/product\/60079","targetHints":{"allow":["GET"]}}],"collection":[{"href":"https:\/\/azurefilm.com\/hu\/wp-json\/wp\/v2\/product"}],"about":[{"href":"https:\/\/azurefilm.com\/hu\/wp-json\/wp\/v2\/types\/product"}],"replies":[{"embeddable":true,"href":"https:\/\/azurefilm.com\/hu\/wp-json\/wp\/v2\/comments?post=60079"}],"wp:featuredmedia":[{"embeddable":true,"href":"https:\/\/azurefilm.com\/hu\/wp-json\/wp\/v2\/media\/60080"}],"wp:attachment":[{"href":"https:\/\/azurefilm.com\/hu\/wp-json\/wp\/v2\/media?parent=60079"}],"wp:term":[{"taxonomy":"product_brand","embeddable":true,"href":"https:\/\/azurefilm.com\/hu\/wp-json\/wp\/v2\/product_brand?post=60079"},{"taxonomy":"product_cat","embeddable":true,"href":"https:\/\/azurefilm.com\/hu\/wp-json\/wp\/v2\/product_cat?post=60079"},{"taxonomy":"product_tag","embeddable":true,"href":"https:\/\/azurefilm.com\/hu\/wp-json\/wp\/v2\/product_tag?post=60079"},{"taxonomy":"brand","embeddable":true,"href":"https:\/\/azurefilm.com\/hu\/wp-json\/wp\/v2\/brand?post=60079"}],"curies":[{"name":"wp","href":"https:\/\/api.w.org\/{rel}","templated":true}]}}