
{"id":60112,"date":"2023-10-29T14:35:02","date_gmt":"2023-10-29T14:35:02","guid":{"rendered":"https:\/\/azurefilm.com\/product\/asa-fonal-kevereke\/"},"modified":"2025-08-22T11:25:55","modified_gmt":"2025-08-22T11:25:55","slug":"asa-fonal-kevereke","status":"publish","type":"product","link":"https:\/\/azurefilm.com\/hu\/termek\/asa-fonal-kevereke\/","title":{"rendered":"ASA fonal kever\u00e9ke"},"content":{"rendered":"<h2><b>ASA sz\u00e1lak<\/b><\/h2>\n<p><span style=\"font-weight: 400;\">Az ASA sz\u00e1lak az egyik legn\u00e9pszer\u0171bb technikai sz\u00e1lak a piacon, mert a k\u00f6vetkez\u0151ket k\u00edn\u00e1lj\u00e1k <\/span><b>magas UV-, v\u00edz- \u00e9s vegyszer\u00e1ll\u00f3s\u00e1g<\/b><span style=\"font-weight: 400;\">. Due to its <\/span><b>optim\u00e1lis teljes\u00edtm\u00e9ny<\/b><span style=\"font-weight: 400;\"> \u00e9s <\/span><b>hossz\u00fa \u00e9lettartam ig\u00e9nyes k\u00f6rnyezetben<\/b><span style=\"font-weight: 400;\">, ez az anyag t\u00f6k\u00e9letes elektromos h\u00e1zakhoz, szersz\u00e1mokhoz, k\u00fclt\u00e9ri k\u00e9sz\u00fcl\u00e9kekhez, sporteszk\u00f6z\u00f6kh\u00f6z, \u00f6nt\u00f6tt alkatr\u00e9szekhez \u00e9s m\u00e1s hasonl\u00f3 alkalmaz\u00e1sokhoz. Ezenk\u00edv\u00fcl az AzureFilm gy\u00e1rt\u00f3soron n\u00e9h\u00e1ny kulcsfontoss\u00e1g\u00fa alkatr\u00e9sz ASA-sz\u00e1lakb\u00f3l nyomtatott. <\/span><\/p>\n<p><span style=\"font-weight: 400;\">Ez az anyag nyomtathat\u00f3 mell\u00e9kelt nyomtat\u00f3 n\u00e9lk\u00fcl is, de mi <\/span><b>er\u0151sen javasoljuk, hogy haszn\u00e1ljunk burkolatot vagy z\u00e1rt 3D nyomtat\u00f3t.<\/b><span style=\"font-weight: 400;\">.<\/span><\/p>\n<h2><b>Mix ASA <\/b><\/h2>\n<p><b>Hogyan k\u00e9sz\u00fclnek a Mix sz\u00e1lak?<\/b><span style=\"font-weight: 400;\"> A gy\u00e1rt\u00e1s sor\u00e1n a gy\u00e1rt\u00e1si folyamat le\u00e1ll\u00edt\u00e1sa n\u00e9lk\u00fcl v\u00e1ltunk \u00e1t a sz\u00ednek k\u00f6z\u00f6tt, hogy <\/span><b>id\u0151t, er\u0151forr\u00e1sokat \u00e9s energi\u00e1t takar\u00edtunk meg<\/b><span style=\"font-weight: 400;\">. Consequently, when we change the colour, there is a gradual transition in the filament string from one colour to another. Instead of throwing away the filament where transition happen, we decided to create the Mix filaments. <\/span><b>Elk\u00f6telezettek vagyunk a k\u00f6rnyezettudatoss\u00e1g \u00e9s a hullad\u00e9k minimaliz\u00e1l\u00e1sa mellett.<\/b><span style=\"font-weight: 400;\">.<\/span> <span style=\"font-weight: 400;\">A Mix ASA filament egy <\/span><b>k\u00fcl\u00f6nb\u00f6z\u0151 ASA sz\u00ednek kever\u00e9ke<\/b><span style=\"font-weight: 400;\"> k\u00edn\u00e1latunkb\u00f3l. <\/span><b>A Mix ASA sz\u00e1lainkban tal\u00e1lhat\u00f3 sz\u00ednek \u00e9s a sz\u00ednek sz\u00e1ma teljesen v\u00e9letlenszer\u0171, \u00e9s minden megrendel\u00e9ssel v\u00e1ltozik. <\/b><span style=\"font-weight: 400;\">AzureFilm<\/span> <span style=\"font-weight: 400;\">A Mix ASA t\u00f6k\u00e9letes mindenkinek, akinek nincs sz\u00fcks\u00e9ge egy adott sz\u00edn\u0171 filamentre, vagy aki a v\u00e9gterm\u00e9ket festeni fogja. <\/span><b>Ennek a term\u00e9knek a megv\u00e1s\u00e1rl\u00e1s\u00e1val \u00d6n beleegyezik, hogy egy v\u00e9letlenszer\u0171en kiv\u00e1lasztott ors\u00f3t kapjon.<\/b><\/p>\n<p><span style=\"font-weight: 400;\">Ha t\u00f6bbet szeretne megtudni az ASA sz\u00e1lakr\u00f3l, olvassa el a k\u00f6vetkez\u0151 cikk\u00fcnket <a href=\"https:\/\/azurefilm.com\/hu\/2023\/07\/10\/asa-szalak-minden-amit-tudnia-kell\/\" target=\"_blank\" rel=\"noopener\"><strong>blogot.<\/strong><\/a>. <\/span><\/p>\n<p><span style=\"font-weight: 400;\">Hozz\u00e1f\u00e9rhet a <\/span><b>M\u0171szaki adatlap<\/b><span style=\"font-weight: 400;\"><a href=\"https:\/\/azurefilm.com\/hu\/technical-data-sheets\/\" target=\"_blank\" rel=\"noopener\"><strong> itt<\/strong><\/a>.<\/span><\/p>\n<h3><strong>Nyomtat\u00e1si aj\u00e1nl\u00e1sok:<\/strong><\/h3>\n<ul>\n<li style=\"font-weight: 400;\" aria-level=\"1\"><span style=\"font-weight: 400;\">A legjobb eredm\u00e9nyt 240-260\u00b0C-on nyomtatva \u00e9rheti el. <\/span><\/li>\n<li style=\"font-weight: 400;\" aria-level=\"1\"><span style=\"font-weight: 400;\">A nyomtat\u00f3asztal aj\u00e1nlott h\u0151m\u00e9rs\u00e9klete 90-120\u00b0C. Javasoljuk, hogy haszn\u00e1ljon z\u00e1rt vagy z\u00e1rt 3D nyomtat\u00f3t. <\/span><\/li>\n<li style=\"font-weight: 400;\" aria-level=\"1\"><span style=\"font-weight: 400;\">Haszn\u00e1ljon \u00fcveg\u00e1gyat, PEI lapot, Kapton vagy k\u00e9k szalagot az \u00e9p\u00edt\u00e9si platformhoz 3Dlac spray-vel.<\/span><\/li>\n<\/ul>\n<p><i><span style=\"font-weight: 400;\">*A k\u00fcl\u00f6nb\u00f6z\u0151 nyomtat\u00f3k haszn\u00e1lata eset\u00e9n az ide\u00e1lis h\u0151m\u00e9rs\u00e9klet elt\u00e9r\u0151 lehet.<\/span><\/i><\/p>\n","protected":false},"excerpt":{"rendered":"<p>L\u00e9pjen be a kiv\u00e1l\u00f3 \u00e9s sokoldal\u00fa fonalak vil\u00e1g\u00e1ba, \u00e9s pr\u00f3b\u00e1lja ki a Mix ASA fonalat.<\/p>\n","protected":false},"featured_media":60116,"comment_status":"closed","ping_status":"closed","template":"","meta":{"_acf_changed":false},"product_brand":[],"product_cat":[2174,1686,2390,2285,2398,1688,2583],"product_tag":[1691,2212,2286],"brand":[1682],"class_list":{"0":"post-60112","1":"product","2":"type-product","3":"status-publish","4":"has-post-thumbnail","6":"product_cat-asa-szalak","7":"product_cat-3d-filmek","8":"product_cat-asa-eredeti","9":"product_cat-eco-filamentek","10":"product_cat-keverjuk-ossze-a-szalakat","11":"product_cat-minden-film","12":"product_cat-mix-asa-hu","13":"product_tag-high-speed","14":"product_tag-oko-hu","15":"product_tag-veletlenszeru","16":"pa_colour-veletlenszeru","17":"pa_filament-diameter-1-75mm-hu","18":"pa_filament-weight-1000g-hu","19":"brand-azurefilm-hu","21":"first","22":"outofstock","23":"taxable","24":"shipping-taxable","25":"purchasable","26":"product-type-variable","27":"has-default-attributes"},"acf":[],"_links":{"self":[{"href":"https:\/\/azurefilm.com\/hu\/wp-json\/wp\/v2\/product\/60112","targetHints":{"allow":["GET"]}}],"collection":[{"href":"https:\/\/azurefilm.com\/hu\/wp-json\/wp\/v2\/product"}],"about":[{"href":"https:\/\/azurefilm.com\/hu\/wp-json\/wp\/v2\/types\/product"}],"replies":[{"embeddable":true,"href":"https:\/\/azurefilm.com\/hu\/wp-json\/wp\/v2\/comments?post=60112"}],"wp:featuredmedia":[{"embeddable":true,"href":"https:\/\/azurefilm.com\/hu\/wp-json\/wp\/v2\/media\/60116"}],"wp:attachment":[{"href":"https:\/\/azurefilm.com\/hu\/wp-json\/wp\/v2\/media?parent=60112"}],"wp:term":[{"taxonomy":"product_brand","embeddable":true,"href":"https:\/\/azurefilm.com\/hu\/wp-json\/wp\/v2\/product_brand?post=60112"},{"taxonomy":"product_cat","embeddable":true,"href":"https:\/\/azurefilm.com\/hu\/wp-json\/wp\/v2\/product_cat?post=60112"},{"taxonomy":"product_tag","embeddable":true,"href":"https:\/\/azurefilm.com\/hu\/wp-json\/wp\/v2\/product_tag?post=60112"},{"taxonomy":"brand","embeddable":true,"href":"https:\/\/azurefilm.com\/hu\/wp-json\/wp\/v2\/brand?post=60112"}],"curies":[{"name":"wp","href":"https:\/\/api.w.org\/{rel}","templated":true}]}}