
{"id":60122,"date":"2023-10-29T14:35:02","date_gmt":"2023-10-29T14:35:02","guid":{"rendered":"https:\/\/azurefilm.com\/product\/mk8-acel-fuvoka-10-csomag\/"},"modified":"2023-10-29T14:35:02","modified_gmt":"2023-10-29T14:35:02","slug":"mk8-acel-fuvoka-10-csomag","status":"publish","type":"product","link":"https:\/\/azurefilm.com\/hu\/termek\/mk8-acel-fuvoka-10-csomag\/","title":{"rendered":"MK8 ac\u00e9l f\u00fav\u00f3ka (10 csomag)"},"content":{"rendered":"<h4>MK8 ac\u00e9l f\u00fav\u00f3ka (10 csomag)<\/h4>\n<h3><b>F\u0151bb jellemz\u0151k:<\/b><\/h3>\n<p>Az MK8 ac\u00e9lf\u00fav\u00f3ka (10 db) megb\u00edzhat\u00f3 v\u00e1laszt\u00e1s a 3D nyomtat\u00e1s szerelmesei sz\u00e1m\u00e1ra, mivel a nyomtat\u00e1si teljes\u00edtm\u00e9ny fokoz\u00e1s\u00e1ra szabott kulcsfontoss\u00e1g\u00fa funkci\u00f3kat k\u00edn\u00e1l:<\/p>\n<ul>\n<li><strong>Optim\u00e1lis m\u00e9ret \u00e9s extrud\u00e1l\u00e1s:<\/strong> Ez a f\u00fav\u00f3kak\u00e9szlet 1,75 mm-es bemeneti \u00e9s 0,4 mm-es extruder f\u00fav\u00f3k\u00e1k m\u00e9ret\u00e9vel hat\u00e9konyan megakad\u00e1lyozza a nyomtat\u00f3fej sziv\u00e1rg\u00e1s\u00e1t, biztos\u00edtva a k\u00f6vetkezetes \u00e9s pontos extrud\u00e1l\u00e1si folyamatot. Az eredm\u00e9ny sima \u00e9s f\u00e9nyesre pol\u00edrozott nyomatok, amelyek megfelelnek a 3D nyomtat\u00e1sban elv\u00e1rt magas szint\u0171 k\u00f6vetelm\u00e9nyeknek. <\/li>\n<li><strong>Kiv\u00e1l\u00f3 min\u0151s\u00e9g\u0171 rozsdamentes ac\u00e9l:<\/strong> A kiv\u00e1l\u00f3 min\u0151s\u00e9g\u0171 rozsdamentes ac\u00e9lb\u00f3l k\u00e9sz\u00fclt f\u00fav\u00f3k\u00e1k ellen\u00e1llnak a rozsd\u00e1nak \u00e9s a korr\u00f3zi\u00f3nak, \u00edgy tart\u00f3ss\u00e1got \u00e9s hossz\u00fa \u00e9lettartamot biztos\u00edtanak. A massz\u00edv konstrukci\u00f3 hossz\u00fa id\u0151n kereszt\u00fcl megb\u00edzhat\u00f3 \u00e9s stabil nyomtat\u00e1si \u00e9lm\u00e9nyt biztos\u00edt. <\/li>\n<li><strong>Sz\u00e9les k\u00f6r\u0171 kompatibilit\u00e1s:<\/strong> Creality CR-10 V2, Creality Ender sorozat, \u00e9s m\u00e9g sok m\u00e1s n\u00e9pszer\u0171 Creality 3D nyomtat\u00f3val kompatibilis. Ez a sz\u00e9les k\u00f6r\u0171 kompatibilit\u00e1s biztos\u00edtja, hogy a k\u00fcl\u00f6nb\u00f6z\u0151 Creality modellekkel rendelkez\u0151 felhaszn\u00e1l\u00f3k \u00e9lvezhetik ezeknek a rozsdamentes ac\u00e9l f\u00fav\u00f3k\u00e1knak a teljes\u00edtm\u00e9ny\u00e9t \u00e9s megb\u00edzhat\u00f3s\u00e1g\u00e1t. <\/li>\n<li><strong>Egyszer\u0171 telep\u00edt\u00e9s:<\/strong> A f\u00fav\u00f3k\u00e1kat egyszer\u0171 telep\u00edt\u00e9sre tervezt\u00e9k, \u00edgy a felhaszn\u00e1l\u00f3k sz\u00e1m\u00e1ra k\u00e9nyelmesen, komplik\u00e1ci\u00f3k n\u00e9lk\u00fcl cser\u00e9lhetik vagy friss\u00edthetik megl\u00e9v\u0151 f\u00fav\u00f3k\u00e1ikat.<\/li>\n<li><strong>K\u00f6lts\u00e9ghat\u00e9kony 10-es csomag:<\/strong> A csomag 10 rozsdamentes ac\u00e9l f\u00fav\u00f3k\u00e1t tartalmaz, ami k\u00f6lts\u00e9ghat\u00e9kony megold\u00e1st k\u00edn\u00e1l a felhaszn\u00e1l\u00f3knak a t\u00f6bbsz\u00f6ri cser\u00e9re, vagy azoknak, akiknek jobban tetszik, ha a tartal\u00e9k f\u00fav\u00f3k\u00e1k k\u00f6nnyen el\u00e9rhet\u0151k. Ez a nagy kiszerel\u00e9s\u0171 opci\u00f3 hossz\u00fa t\u00e1v\u00fa \u00e9rt\u00e9ket biztos\u00edt a 3D nyomtat\u00e1s szerelmeseinek. <\/li>\n<\/ul>\n<p>\u00d6sszefoglalva, az ac\u00e9lf\u00fav\u00f3ka MK8 (10 db) egyes\u00edti a prec\u00edz extrud\u00e1l\u00e1st, a kiv\u00e1l\u00f3 min\u0151s\u00e9g\u0171 anyagokat, a sz\u00e9les k\u00f6r\u0171 kompatibilit\u00e1st \u00e9s a k\u00f6lts\u00e9ghat\u00e9konys\u00e1got, \u00edgy kiv\u00e1l\u00f3 v\u00e1laszt\u00e1s a Creality 3D nyomtat\u00f3k azon felhaszn\u00e1l\u00f3i sz\u00e1m\u00e1ra, akik megb\u00edzhat\u00f3 \u00e9s konzisztens 3D nyomtat\u00e1si eredm\u00e9nyekre v\u00e1gynak.<\/p>\n","protected":false},"excerpt":{"rendered":"<p>Az MK8 ac\u00e9lf\u00fav\u00f3ka (10db) extruder f\u00fav\u00f3k\u00e1k hat\u00e9konyan megakad\u00e1lyozz\u00e1k a nyomtat\u00f3fej sziv\u00e1rg\u00e1s\u00e1t, \u00e9s egyenletes, sima \u00e9s f\u00e9nyes f\u00e9ny\u0171 nyomatokat k\u00e9sz\u00edtenek.<\/p>\n","protected":false},"featured_media":60123,"comment_status":"closed","ping_status":"closed","template":"","meta":{"_acf_changed":false},"product_brand":[],"product_cat":[1679,2226,2224,2221,2227],"product_tag":[],"brand":[],"class_list":{"0":"post-60122","1":"product","2":"type-product","3":"status-publish","4":"has-post-thumbnail","6":"product_cat-elado","7":"product_cat-fuvoszarnyak","8":"product_cat-minden-potalkatresz","9":"product_cat-potalkatreszek","10":"product_cat-rendszeres-fuvokak","11":"pa_compatible-with-creality-fdm-3d-printers","12":"pa_fits-printer-creality-cr-10","13":"pa_fits-printer-creality-ender-3","15":"first","16":"instock","17":"sale","18":"taxable","19":"shipping-taxable","20":"purchasable","21":"product-type-simple"},"acf":[],"_links":{"self":[{"href":"https:\/\/azurefilm.com\/hu\/wp-json\/wp\/v2\/product\/60122","targetHints":{"allow":["GET"]}}],"collection":[{"href":"https:\/\/azurefilm.com\/hu\/wp-json\/wp\/v2\/product"}],"about":[{"href":"https:\/\/azurefilm.com\/hu\/wp-json\/wp\/v2\/types\/product"}],"replies":[{"embeddable":true,"href":"https:\/\/azurefilm.com\/hu\/wp-json\/wp\/v2\/comments?post=60122"}],"wp:featuredmedia":[{"embeddable":true,"href":"https:\/\/azurefilm.com\/hu\/wp-json\/wp\/v2\/media\/60123"}],"wp:attachment":[{"href":"https:\/\/azurefilm.com\/hu\/wp-json\/wp\/v2\/media?parent=60122"}],"wp:term":[{"taxonomy":"product_brand","embeddable":true,"href":"https:\/\/azurefilm.com\/hu\/wp-json\/wp\/v2\/product_brand?post=60122"},{"taxonomy":"product_cat","embeddable":true,"href":"https:\/\/azurefilm.com\/hu\/wp-json\/wp\/v2\/product_cat?post=60122"},{"taxonomy":"product_tag","embeddable":true,"href":"https:\/\/azurefilm.com\/hu\/wp-json\/wp\/v2\/product_tag?post=60122"},{"taxonomy":"brand","embeddable":true,"href":"https:\/\/azurefilm.com\/hu\/wp-json\/wp\/v2\/brand?post=60122"}],"curies":[{"name":"wp","href":"https:\/\/api.w.org\/{rel}","templated":true}]}}