
{"id":60220,"date":"2023-10-29T14:39:30","date_gmt":"2023-10-29T14:39:30","guid":{"rendered":"https:\/\/azurefilm.com\/product\/lumberlay-glitter-filament-parafa-parafa\/"},"modified":"2025-08-22T11:26:58","modified_gmt":"2025-08-22T11:26:58","slug":"lumberlay-glitter-filament-parafa-parafa","status":"publish","type":"product","link":"https:\/\/azurefilm.com\/hu\/termek\/lumberlay-glitter-filament-parafa-parafa\/","title":{"rendered":"LumberLay Glitter filament parafa parafa"},"content":{"rendered":"<h2><b>PLA csillog\u00e1s<\/b><\/h2>\n<p><span style=\"font-weight: 400;\">Bemutatjuk PLA Glitter sz\u00e1lainkat. Ez az anyag a mi PLA Original anyagunkb\u00f3l k\u00e9sz\u00fcl, \u00e9s a k\u00f6vetkez\u0151ket tartalmazza <\/span><b>csill\u00e1mpor r\u00e9szecsk\u00e9k<\/b><span style=\"font-weight: 400;\"> a lenyomatok k\u00e1pr\u00e1zatosabb hat\u00e1s\u00e1\u00e9rt. Mivel a PLA Glitter ugyanolyan, mint a norm\u00e1l PLA, ez\u00e9rt a PLA Glitter <\/span><b>biol\u00f3giailag leboml\u00f3<\/b><span style=\"font-weight: 400;\">, nagyon <\/span><b>k\u00f6nnyen feldolgozhat\u00f3<\/b><span style=\"font-weight: 400;\"> \u00e9s ad <\/span><b>konzisztens eredm\u00e9nyt<\/b><span style=\"font-weight: 400;\">. However, there is one thing to be careful about when printing with PLA Glitter filaments. The glitter particles are slightly abrasive so <\/span><b>0,6 mm-es kop\u00e1s\u00e1ll\u00f3 f\u00fav\u00f3ka haszn\u00e1lat\u00e1t javasoljuk<\/b><span style=\"font-weight: 400;\">. <\/span><\/p>\n<h2><b>LumberLay<\/b><\/h2>\n<p><span style=\"font-weight: 400;\">Ismerje meg a LumberLay sz\u00e1lakat &#8211; egy egyed\u00fcl\u00e1ll\u00f3 anyagot, amely rendelkezik a <\/span><b>val\u00f3di fa kin\u00e9zete \u00e9s tapint\u00e1sa<\/b><span style=\"font-weight: 400;\">. LumberLay combines <\/span><b>40% \u00fajrahasznos\u00edtott fa<\/b><span style=\"font-weight: 400;\"> \u00e9s 60% PLA sz\u00e1l. Ennek a kever\u00e9knek k\u00f6sz\u00f6nhet\u0151en a nyomatok a k\u00f6vetkez\u0151 tulajdons\u00e1gokkal rendelkeznek majd <\/span><b>a term\u00e9szetes fa megjelen\u00e9se<\/b><span style=\"font-weight: 400;\">, \u00e9s a term\u00e9k fizikai tulajdons\u00e1gai rendk\u00edv\u00fcl hasonl\u00f3ak lesznek a term\u00e9szetes f\u00e1hoz. Ennek a sz\u00e1lnak egyetlen h\u00e1tr\u00e1nya, hogy szerkezet\u00e9b\u0151l ad\u00f3d\u00f3an hajlamos a f\u00fav\u00f3ka kop\u00e1s\u00e1ra. Ez\u00e9rt van az, hogy <\/span><b>legal\u00e1bb 0,6 mm-es kop\u00e1s\u00e1ll\u00f3 f\u00fav\u00f3k\u00e1t aj\u00e1nlunk haszn\u00e1lni.<\/b><span style=\"font-weight: 400;\">.<\/span><\/p>\n<h2><strong>LumberLay Glitter filament parafa parafa<\/strong><\/h2>\n<p>\u00c9bressze fel a kellemes, k\u00e9nyelmes, otthonos hangulat \u00e9rz\u00e9s\u00e9t, \u00e9s nyomtasson a LumberLay Glitter Cork filamenttel.<\/p>\n<p><span style=\"font-weight: 400;\">Ha t\u00f6bbet szeretne megtudni a PLA sz\u00e1lakr\u00f3l, olvassa el <a href=\"https:\/\/azurefilm.com\/hu\/2023\/07\/04\/pla-szalak-minden-amit-tudnia-kell\/\" target=\"_blank\" rel=\"noopener\">blogunkat<\/a>. <\/span><\/p>\n<p><span style=\"font-weight: 400;\">Hozz\u00e1f\u00e9rhet a <\/span><b>M\u0171szaki adatlap<\/b><span style=\"font-weight: 400;\"><a href=\"https:\/\/azurefilm.com\/hu\/technical-data-sheets\/\" target=\"_blank\" rel=\"noopener\"> itt<\/a>.<\/span><\/p>\n<h3><strong>Nyomtat\u00e1si aj\u00e1nl\u00e1sok:<\/strong><\/h3>\n<ul>\n<li><strong>Az elt\u00f6m\u0151d\u00e9s elker\u00fcl\u00e9se \u00e9rdek\u00e9ben legal\u00e1bb 0,6 mm-es f\u00fav\u00f3k\u00e1t javasolunk haszn\u00e1lni<i>.<\/i><\/strong><\/li>\n<li style=\"font-weight: 400;\" aria-level=\"1\"><span style=\"font-weight: 400;\">P<\/span><span style=\"font-weight: 400;\">a legjobb eredm\u00e9ny \u00e9rdek\u00e9ben 200-230\u00b0C h\u0151m\u00e9rs\u00e9kleten kell s\u00fctni. <\/span><\/li>\n<li style=\"font-weight: 400;\" aria-level=\"1\"><span style=\"font-weight: 400;\">Nincs sz\u00fcks\u00e9g f\u0171t\u00f6tt \u00e1gyra, azonban javasoljuk, hogy a nyomtat\u00f3asztalt 50-60\u00b0C-ra meleg\u00edtse el\u0151. <\/span><\/li>\n<li style=\"font-weight: 400;\" aria-level=\"1\"><span style=\"font-weight: 400;\">Haszn\u00e1ljon \u00fcveg\u00e1gyat, PEI lapot, Kapton vagy k\u00e9k szalagot az \u00e9p\u00edt\u00e9si platformhoz 3Dlac spray-vel.<\/span><\/li>\n<\/ul>\n<p><i><span style=\"font-weight: 400;\">*A k\u00fcl\u00f6nb\u00f6z\u0151 nyomtat\u00f3k haszn\u00e1lata eset\u00e9n az ide\u00e1lis h\u0151m\u00e9rs\u00e9klet elt\u00e9r\u0151 lehet.<\/span><\/i><\/p>\n","protected":false},"excerpt":{"rendered":"<p>\u00c9bressze fel a kellemes, k\u00e9nyelmes, otthonos hangulat \u00e9rz\u00e9s\u00e9t, \u00e9s nyomtasson a LumberLay Glitter Cork filamenttel.<\/p>\n","protected":false},"featured_media":48655,"comment_status":"closed","ping_status":"closed","template":"","meta":{"_acf_changed":false},"product_brand":[],"product_cat":[2260,1686,2299,1688,1687],"product_tag":[],"brand":[267],"class_list":{"0":"post-60220","1":"product","2":"type-product","3":"status-publish","4":"has-post-thumbnail","6":"product_cat-pla-csillogas","7":"product_cat-3d-filmek","8":"product_cat-lumberlay-szalak","9":"product_cat-minden-film","10":"product_cat-pla-szalak","11":"pa_colour-brown","12":"pa_filament-diameter-1-75mm","13":"pa_filament-weight-750g","14":"brand-azurefilm","16":"first","17":"outofstock","18":"taxable","19":"shipping-taxable","20":"purchasable","21":"product-type-variable","22":"has-default-attributes"},"acf":[],"_links":{"self":[{"href":"https:\/\/azurefilm.com\/hu\/wp-json\/wp\/v2\/product\/60220","targetHints":{"allow":["GET"]}}],"collection":[{"href":"https:\/\/azurefilm.com\/hu\/wp-json\/wp\/v2\/product"}],"about":[{"href":"https:\/\/azurefilm.com\/hu\/wp-json\/wp\/v2\/types\/product"}],"replies":[{"embeddable":true,"href":"https:\/\/azurefilm.com\/hu\/wp-json\/wp\/v2\/comments?post=60220"}],"wp:featuredmedia":[{"embeddable":true,"href":"https:\/\/azurefilm.com\/hu\/wp-json\/wp\/v2\/media\/48655"}],"wp:attachment":[{"href":"https:\/\/azurefilm.com\/hu\/wp-json\/wp\/v2\/media?parent=60220"}],"wp:term":[{"taxonomy":"product_brand","embeddable":true,"href":"https:\/\/azurefilm.com\/hu\/wp-json\/wp\/v2\/product_brand?post=60220"},{"taxonomy":"product_cat","embeddable":true,"href":"https:\/\/azurefilm.com\/hu\/wp-json\/wp\/v2\/product_cat?post=60220"},{"taxonomy":"product_tag","embeddable":true,"href":"https:\/\/azurefilm.com\/hu\/wp-json\/wp\/v2\/product_tag?post=60220"},{"taxonomy":"brand","embeddable":true,"href":"https:\/\/azurefilm.com\/hu\/wp-json\/wp\/v2\/brand?post=60220"}],"curies":[{"name":"wp","href":"https:\/\/api.w.org\/{rel}","templated":true}]}}