
{"id":60236,"date":"2023-10-29T14:41:10","date_gmt":"2023-10-29T14:41:10","guid":{"rendered":"https:\/\/azurefilm.com\/product\/liqcreate-premium-tough-tejfeher-gyanta\/"},"modified":"2025-08-22T11:26:54","modified_gmt":"2025-08-22T11:26:54","slug":"liqcreate-premium-tough-tejfeher-gyanta","status":"publish","type":"product","link":"https:\/\/azurefilm.com\/hu\/termek\/liqcreate-premium-tough-tejfeher-gyanta\/","title":{"rendered":"Liqcreate Premium Tough Tejfeh\u00e9r gyanta"},"content":{"rendered":"<h2><b>Liqcreate Premium Tough Tejfeh\u00e9r gyanta<\/b><b><br \/>\n<\/b><\/h2>\n<p><span style=\"font-weight: 400;\">Bemutatkozik a Liqcreate Premium Tough Milky White &#8211; a <\/span><b>rugalmas <\/b><span style=\"font-weight: 400;\">\u00e9s <\/span><b>\u00fct\u00e9s\u00e1ll\u00f3<\/b><span style=\"font-weight: 400;\">  folyad\u00e9kkrist\u00e1lyos kijelz\u0151 (LCD) \u00e9s digit\u00e1lis f\u00e9nyfeldolgoz\u00f3 (DLP) 3D nyomtat\u00f3khoz tervezett gyanta. Ez a gyanta t\u00f6k\u00e9letes v\u00e1laszt\u00e1s   <\/span><b>funkcion\u00e1lis protot\u00edpusok k\u00e9sz\u00edt\u00e9se<\/b><span style=\"font-weight: 400;\"> \u00e9s <\/span><b>ipari p\u00f3talkatr\u00e9szek<\/b><span style=\"font-weight: 400;\"> amelyek tart\u00f3ss\u00e1got ig\u00e9nyelnek.<\/span> <span style=\"font-weight: 400;\">A kezdetben \u00e1tl\u00e1tsz\u00f3 Liqcreate Premium Tough a polimeriz\u00e1ci\u00f3 sor\u00e1n gy\u00f6ny\u00f6r\u0171 tejfeh\u00e9r \u00e9s kem\u00e9ny polimerr\u00e9 alakul \u00e1t, kiv\u00e9teles \u00fct\u00e9s\u00e1ll\u00f3s\u00e1got biztos\u00edtva. <\/span><b>karc\u00e1ll\u00f3s\u00e1got<\/b><span style=\"font-weight: 400;\">.<\/span><\/p>\n<p><span style=\"font-weight: 400;\">Ez a gyanta kompatibilis minden ny\u00edlt forr\u00e1sk\u00f3d\u00fa DLP \u00e9s LCD 3D nyomtat\u00f3val a 385-420 nm-es tartom\u00e1nyban, \u00e9s egyszer\u0171 haszn\u00e1lhat\u00f3s\u00e1got biztos\u00edt.<\/span><\/p>\n<h3><strong>Tulajdons\u00e1gok:<\/strong><\/h3>\n<ul>\n<li style=\"font-weight: 400;\" aria-level=\"1\"><span style=\"font-weight: 400;\">Tart\u00f3s<\/span><\/li>\n<li style=\"font-weight: 400;\" aria-level=\"1\"><span style=\"font-weight: 400;\">Karc\u00e1ll\u00f3<\/span><\/li>\n<li style=\"font-weight: 400;\" aria-level=\"1\"><span style=\"font-weight: 400;\">Funkcion\u00e1lis<\/span><\/li>\n<\/ul>\n<p><img decoding=\"async\" class=\"alignnone size-medium wp-image-18502\" src=\"https:\/\/azurefilm.com\/wp-content\/uploads\/2023\/10\/Liqcreate_Premium_Tough_Properties-Enhanced-SR.jpg\" alt=\"  Sz\u00e9less\u00e9g...\" height=\"305\" title=\"\"><\/p>\n","protected":false},"excerpt":{"rendered":"<p>A Liqcreate Premium Tough Milky White gyant\u00e1val (1000g) \u00fct\u00e9s\u00e1ll\u00f3 \u00e9s tart\u00f3s ipari p\u00f3talkatr\u00e9szeket vagy protot\u00edpusokat k\u00e9sz\u00edthet.<\/p>\n","protected":false},"featured_media":60237,"comment_status":"closed","ping_status":"closed","template":"","meta":{"_acf_changed":false},"product_brand":[],"product_cat":[1686,2420,1688,2370],"product_tag":[],"brand":[],"class_list":{"0":"post-60236","1":"product","2":"type-product","3":"status-publish","4":"has-post-thumbnail","6":"product_cat-3d-filmek","7":"product_cat-ipari-gyanta","8":"product_cat-minden-film","9":"product_cat-resin-hu","10":"pa_colour-white","11":"pa_resin-technology-dlp","12":"pa_resin-technology-lcd-msla","13":"pa_resin-type-industrial","14":"pa_resin-weight-1000g","16":"first","17":"instock","18":"taxable","19":"shipping-taxable","20":"purchasable","21":"product-type-simple"},"acf":[],"_links":{"self":[{"href":"https:\/\/azurefilm.com\/hu\/wp-json\/wp\/v2\/product\/60236","targetHints":{"allow":["GET"]}}],"collection":[{"href":"https:\/\/azurefilm.com\/hu\/wp-json\/wp\/v2\/product"}],"about":[{"href":"https:\/\/azurefilm.com\/hu\/wp-json\/wp\/v2\/types\/product"}],"replies":[{"embeddable":true,"href":"https:\/\/azurefilm.com\/hu\/wp-json\/wp\/v2\/comments?post=60236"}],"wp:featuredmedia":[{"embeddable":true,"href":"https:\/\/azurefilm.com\/hu\/wp-json\/wp\/v2\/media\/60237"}],"wp:attachment":[{"href":"https:\/\/azurefilm.com\/hu\/wp-json\/wp\/v2\/media?parent=60236"}],"wp:term":[{"taxonomy":"product_brand","embeddable":true,"href":"https:\/\/azurefilm.com\/hu\/wp-json\/wp\/v2\/product_brand?post=60236"},{"taxonomy":"product_cat","embeddable":true,"href":"https:\/\/azurefilm.com\/hu\/wp-json\/wp\/v2\/product_cat?post=60236"},{"taxonomy":"product_tag","embeddable":true,"href":"https:\/\/azurefilm.com\/hu\/wp-json\/wp\/v2\/product_tag?post=60236"},{"taxonomy":"brand","embeddable":true,"href":"https:\/\/azurefilm.com\/hu\/wp-json\/wp\/v2\/brand?post=60236"}],"curies":[{"name":"wp","href":"https:\/\/api.w.org\/{rel}","templated":true}]}}