
{"id":60241,"date":"2023-10-29T14:41:10","date_gmt":"2023-10-29T14:41:10","guid":{"rendered":"https:\/\/azurefilm.com\/product\/liqcreate-premium-flex-turkizkek-gyanta\/"},"modified":"2025-08-22T11:26:56","modified_gmt":"2025-08-22T11:26:56","slug":"liqcreate-premium-flex-turkizkek-gyanta","status":"publish","type":"product","link":"https:\/\/azurefilm.com\/hu\/termek\/liqcreate-premium-flex-turkizkek-gyanta\/","title":{"rendered":"Liqcreate Premium Flex t\u00fcrkizk\u00e9k gyanta"},"content":{"rendered":"<h2><b>Liqcreate Premium Flex t\u00fcrkizk\u00e9k gyanta  <\/b><b><br \/>\n<\/b><\/h2>\n<p><span style=\"font-weight: 400;\">A Liqcreate Premium Flex Turquoise Blue egy hihetetlen\u00fcl <\/span><b>rugalmas <\/b><span style=\"font-weight: 400;\">\u00e9s <\/span><b>puha <\/b> <span style=\"font-weight: 400;\">gyanta. Ez az \u00e1ttetsz\u0151 t\u00fcrkizk\u00e9k fotopolimer sokoldal\u00fa megold\u00e1s puha tapint\u00e1s\u00fa \u00e9s rugalmas protot\u00edpusok k\u00e9sz\u00edt\u00e9s\u00e9hez. <\/span><\/p>\n<p><span style=\"font-weight: 400;\">A term\u00e9k figyelemre m\u00e9lt\u00f3 rugalmass\u00e1ggal \u00e9s <\/span><b>alacsony fel\u00fcleti kem\u00e9nys\u00e9ge 63 Shore A<\/b><span style=\"font-weight: 400;\">, \u00edgy sz\u00e1mos alkalmaz\u00e1shoz ide\u00e1lis. Kiv\u00e9teles ny\u00fal\u00e1st \u00e9s k\u00f6nny\u0171 nyomtathat\u00f3s\u00e1got biztos\u00edt. Ez a gyanta kompatibilis a ny\u00edlt forr\u00e1sk\u00f3d\u00fa DLP \u00e9s LCD 3D nyomtat\u00f3kkal a 385-420 nm-es tartom\u00e1nyban, \u00e9s lehet\u0151v\u00e9 teszi k\u00fcl\u00f6nb\u00f6z\u0151 l\u00e1gys\u00e1g\u00fa protot\u00edpusok l\u00e9trehoz\u00e1s\u00e1t.  <\/span><\/p>\n<h3><strong>Tulajdons\u00e1gok:<\/strong><\/h3>\n<ul>\n<li style=\"font-weight: 400;\" aria-level=\"1\"><span style=\"font-weight: 400;\">Nagy ny\u00fal\u00e1s<\/span><\/li>\n<li style=\"font-weight: 400;\" aria-level=\"1\"><span style=\"font-weight: 400;\">L\u00e1gy \u00e9rint\u00e9s<\/span><\/li>\n<li style=\"font-weight: 400;\" aria-level=\"1\"><span style=\"font-weight: 400;\">K\u00f6nny\u0171 nyomtat\u00e1s<\/span><\/li>\n<li style=\"font-weight: 400;\" aria-level=\"1\"><span style=\"font-weight: 400;\">Kiv\u00e1l\u00f3 rugalmass\u00e1g<\/span><\/li>\n<\/ul>\n<p><img decoding=\"async\" class=\"alignnone size-medium wp-image-18488\" src=\"https:\/\/azurefilm.com\/wp-content\/uploads\/2023\/10\/Liqcreate_Premium_Flex_Properties-Enhanced-SR.jpg\" alt=\"  Sz\u00e9less\u00e9g...\" height=\"258\" title=\"\"><\/p>\n","protected":false},"excerpt":{"rendered":"<p>K\u00e9sz\u00edtsen rugalmas protot\u00edpusokat a Liqcreate Premium Flex T\u00fcrkizk\u00e9k gyant\u00e1val (1000g).<\/p>\n","protected":false},"featured_media":60242,"comment_status":"closed","ping_status":"closed","template":"","meta":{"_acf_changed":false},"product_brand":[],"product_cat":[1686,1679,1688,2370,2581],"product_tag":[],"brand":[],"class_list":{"0":"post-60241","1":"product","2":"type-product","3":"status-publish","4":"has-post-thumbnail","6":"product_cat-3d-filmek","7":"product_cat-elado","8":"product_cat-minden-film","9":"product_cat-resin-hu","10":"product_cat-rugalmas-gyanta","11":"pa_colour-blue","12":"pa_resin-technology-dlp","13":"pa_resin-technology-lcd-msla","14":"pa_resin-type-flexible","15":"pa_resin-weight-1000g","17":"first","18":"outofstock","19":"sale","20":"taxable","21":"shipping-taxable","22":"purchasable","23":"product-type-simple"},"acf":[],"_links":{"self":[{"href":"https:\/\/azurefilm.com\/hu\/wp-json\/wp\/v2\/product\/60241","targetHints":{"allow":["GET"]}}],"collection":[{"href":"https:\/\/azurefilm.com\/hu\/wp-json\/wp\/v2\/product"}],"about":[{"href":"https:\/\/azurefilm.com\/hu\/wp-json\/wp\/v2\/types\/product"}],"replies":[{"embeddable":true,"href":"https:\/\/azurefilm.com\/hu\/wp-json\/wp\/v2\/comments?post=60241"}],"wp:featuredmedia":[{"embeddable":true,"href":"https:\/\/azurefilm.com\/hu\/wp-json\/wp\/v2\/media\/60242"}],"wp:attachment":[{"href":"https:\/\/azurefilm.com\/hu\/wp-json\/wp\/v2\/media?parent=60241"}],"wp:term":[{"taxonomy":"product_brand","embeddable":true,"href":"https:\/\/azurefilm.com\/hu\/wp-json\/wp\/v2\/product_brand?post=60241"},{"taxonomy":"product_cat","embeddable":true,"href":"https:\/\/azurefilm.com\/hu\/wp-json\/wp\/v2\/product_cat?post=60241"},{"taxonomy":"product_tag","embeddable":true,"href":"https:\/\/azurefilm.com\/hu\/wp-json\/wp\/v2\/product_tag?post=60241"},{"taxonomy":"brand","embeddable":true,"href":"https:\/\/azurefilm.com\/hu\/wp-json\/wp\/v2\/brand?post=60241"}],"curies":[{"name":"wp","href":"https:\/\/api.w.org\/{rel}","templated":true}]}}