
{"id":60251,"date":"2023-10-29T14:41:10","date_gmt":"2023-10-29T14:41:10","guid":{"rendered":"https:\/\/azurefilm.com\/?post_type=product&#038;p=60251"},"modified":"2025-04-11T09:14:57","modified_gmt":"2025-04-11T09:14:57","slug":"elegoo-neptune-3-max","status":"publish","type":"product","link":"https:\/\/azurefilm.com\/hu\/termek\/elegoo-neptune-3-max\/","title":{"rendered":"Elegoo Neptune 4 Max"},"content":{"rendered":"<p><span style=\"font-weight: 400;\">Ismerje meg az ELEGOO Neptune 4 Max-ot &#8211; egy prec\u00edz \u00e9s innovat\u00edv FDM 3D nyomtat\u00f3t. A Dual-Gear Direct Extruderrel, \u00e1ll\u00edthat\u00f3 extrud\u00e1l\u00e1si er\u0151vel \u00e9s 3:1 redukci\u00f3s ar\u00e1nnyal hib\u00e1tlan filament adagol\u00e1st \u00e9s t\u0171pontos pontoss\u00e1got biztos\u00edt. <\/span><\/p>\n<p><span style=\"font-weight: 400;\">Az al\u00e1bbiakban t\u00f6bbet olvashat a nyomtat\u00f3 legfontosabb jellemz\u0151ir\u0151l.<\/span><\/p>\n<h2><b>Kett\u0151s fogasker\u00e9kkel m\u0171k\u00f6d\u0151 k\u00f6zvetlen extruder<\/b><\/h2>\n<p><span style=\"font-weight: 400;\">A nyomtat\u00f3 egy <\/span><b>kett\u0151s fogasker\u00e9kkel m\u0171k\u00f6d\u0151 k\u00f6zvetlen extruder<\/b><span style=\"font-weight: 400;\"> SUS303 rozsdamentes ac\u00e9l fogaskerekekkel tervezt\u00e9k. Rendelkezik <\/span><b>\u00e1ll\u00edthat\u00f3 extrud\u00e1l\u00e1si er\u0151<\/b><span style=\"font-weight: 400;\"> \u00e9s 3:1 redukci\u00f3s ar\u00e1nnyal m\u0171k\u00f6dik. Ez a konfigur\u00e1ci\u00f3 garant\u00e1lja, hogy <\/span><b>a sz\u00e1lak adagol\u00e1sa z\u00f6kken\u0151mentes<\/b><span style=\"font-weight: 400;\">, ami pontos nyomtat\u00e1st eredm\u00e9nyez. Ide\u00e1lis olyan anyagokhoz, mint a PLA, PETG, ABS \u00e9s rugalmas sz\u00e1lak, p\u00e9ld\u00e1ul TPU. <\/span><\/p>\n<p><span style=\"font-weight: 400;\">Neptun 3 Max biztos\u00edtja <\/span><b>er\u0151teljes extrud\u00e1l\u00e1st<\/b><span style=\"font-weight: 400;\"> \u00e9s <\/span><b>hat\u00e9kony h\u0151elvezet\u00e9st<\/b><span style=\"font-weight: 400;\">. The dual-gear direct extruder is delivering powerful and adjustable extrusion force. To prevent nozzle clogging, the heat sink has been widened, and a cooling fan is employed. Additionally, fans are strategically placed to ensure <\/span><b>gyors leh\u0171l\u00e9s<\/b><span style=\"font-weight: 400;\"> a nyomtatott r\u00e9tegek.<\/span><\/p>\n<h2><b>Hatalmas nyomtat\u00e1si mennyis\u00e9g<\/b><\/h2>\n<p><span style=\"font-weight: 400;\">Ez a nyomtat\u00f3 nagyvonal\u00fa nyomtat\u00e1si helyet biztos\u00edt egy <\/span><b>420x420x500mm-es t\u00e9rfogattal<\/b><span style=\"font-weight: 400;\">. Enjoy printing larger models or batches with ease. <\/span><\/p>\n<h2><b>Automatikus \u00e1gykiegyenl\u00edt\u00e9s + kieg\u00e9sz\u00edt\u0151 \u00e1gykiegyenl\u00edt\u00e9s<\/b><\/h2>\n<p><span style=\"font-weight: 400;\">Az \u00e9rint\u00e9smentes, nagy pontoss\u00e1g\u00fa \u00e9rz\u00e9kel\u0151 <\/span><b>automatikusan <\/b> <span style=\"font-weight: 400;\">a meleg\u00e1gy 63 pontj\u00e1t vizsg\u00e1lja, hogy kompenz\u00e1lja a nyomtat\u00e1si platform esetleges egyenetlens\u00e9geit \u00e9s k\u00f6vetkezetlens\u00e9geit. Haszn\u00e1lhatja a <\/span><b>k\u00e9zzel csavarhat\u00f3 gombok<\/b><span style=\"font-weight: 400;\"> az \u00e9p\u00edt\u00e9si platform alatt a kieg\u00e9sz\u00edt\u0151 szintez\u00e9shez, hogy sz\u00e9p els\u0151 r\u00e9teget kapjunk.<\/span><\/p>\n<h2><b>Stabil \u00e9s csendes nyomtat\u00e1s <\/b><\/h2>\n<p><span style=\"font-weight: 400;\">A Z-tengely mag\u00e1ban foglalja <\/span><b>kett\u0151s vez\u00e9rl\u0151csavarok<\/b><span style=\"font-weight: 400;\"> \u00e9s egy <\/span><b>kett\u0151s motoros meghajt\u00f3rendszer<\/b><span style=\"font-weight: 400;\">, biztos\u00edtva ezzel <\/span><b>nagyfok\u00fa stabilit\u00e1st<\/b><span style=\"font-weight: 400;\"> m\u0171k\u00f6d\u00e9s k\u00f6zben. Az integr\u00e1ci\u00f3val egy <\/span><b>STM 32 bites csendes alaplap<\/b><span style=\"font-weight: 400;\"> \u00e9s a nagy pontoss\u00e1g\u00fa l\u00e9ptet\u0151motoroknak k\u00f6sz\u00f6nhet\u0151en a m\u0171k\u00f6d\u00e9si zaj hat\u00e9konyan cs\u00f6kken a <\/span><b>50 dB al\u00e1<\/b><span style=\"font-weight: 400;\">.<\/span> <span style=\"font-weight: 400;\">A nyomtat\u00f3 mozg\u00e1s\u00e1t tov\u00e1bb egyszer\u0171s\u00edtik a k\u00f6vetkez\u0151k <\/span><b>POM V-ny\u00edl\u00e1s\u00fa kerekek<\/b><span style=\"font-weight: 400;\">, amelyek biztos\u00edtj\u00e1k a sima, kop\u00e1s\u00e1ll\u00f3 \u00e9s <\/span><b>pontos mozg\u00e1st<\/b><\/p>\n<p><span style=\"font-weight: 400;\">. To enhance safety, a <\/span><b>500W-os sz\u00e9lesfesz\u00fclts\u00e9g\u0171 t\u00e1pegys\u00e9g<\/b><span style=\"font-weight: 400;\"> z\u00f6kken\u0151mentesen integr\u00e1l\u00f3dik.<\/span> <span style=\"font-weight: 400;\">A Z-tengely b\u00fcszk\u00e9lkedhet <\/span><b>kett\u0151s vezet\u0151csavaros kialak\u00edt\u00e1ssal<\/b><\/p>\n<p><span style=\"font-weight: 400;\"> a jobb nyomtat\u00e1si pontoss\u00e1g \u00e9rdek\u00e9ben. Tov\u00e1bb\u00e1, egy <\/span><b>kett\u0151s r\u00fadszerkezet<\/b><span style=\"font-weight: 400;\"> n\u00f6veli az \u00e1ltal\u00e1nos stabilit\u00e1st. Az optim\u00e1lis teljes\u00edtm\u00e9ny \u00e9rdek\u00e9ben az XY-tengelyes sz\u00edjfesz\u00edt\u0151 \u00e1ll\u00edthat\u00f3, az Y-tengelyes profilokat pedig 6V-os kerekek hajtj\u00e1k. <\/span><\/p>\n<h2><b>PEI M\u00e1gneses platform <\/b><\/h2>\n<p><span style=\"font-weight: 400;\">A platformnak van egy <\/span><b>speci\u00e1lis bevonat<\/b><span style=\"font-weight: 400;\"> \u00e9s egy <\/span><b>rug\u00f3ac\u00e9l lemez<\/b><span style=\"font-weight: 400;\"> amelyek er\u0151s tapad\u00e1st \u00e9s g\u00f6rb\u00fcl\u00e9sg\u00e1tl\u00f3 tulajdons\u00e1gokat biztos\u00edtanak. A t\u00e1rgyak nagyon k\u00f6nnyen elt\u00e1vol\u00edthat\u00f3k a PEI lap enyhe hajl\u00edt\u00e1s\u00e1val. A 420 W-os nagy teljes\u00edtm\u00e9ny\u0171 meleg\u00e1gy k\u00e9pes <\/span><b>gyorsan felmelegszik 100\u00b0C-ra<\/b><span style=\"font-weight: 400;\">.<\/span><\/p>\n<h2><b>Intelligens \u00f6n\u00e9letrajz nyomtat\u00e1s<\/b><\/h2>\n<p><span style=\"font-weight: 400;\">Nyomtat\u00e1s folytat\u00e1sa \u00e1ramkimarad\u00e1s ut\u00e1n. A sz\u00e1l\u00e9rz\u00e9kel\u0151 \u00e9rz\u00e9kel\u0151 megakad\u00e1lyozza a pazarl\u00e1st \u00e9s a modell selejtez\u00e9s\u00e9t. <\/span><\/p>\n<p><b>Kivehet\u0151 kapacit\u00edv \u00e9rint\u0151k\u00e9perny\u0151<\/b><\/p>\n<p><span style=\"font-weight: 400;\">A 4,3 h\u00fcvelykes <\/span><b>kivehet\u0151 m\u00e1gneses \u00e9rint\u0151k\u00e9perny\u0151<\/b><span style=\"font-weight: 400;\"> k\u00e9zzel vagy az alapra r\u00f6gz\u00edtve is kezelhet\u0151, a nyomtat\u00e1si modell el\u0151n\u00e9zet funkci\u00f3val, amellyel a modell k\u00e9p\u00e9t nyomtat\u00e1s k\u00f6zben l\u00e1thatja, \u00e9s megfigyelheti a nyomtat\u00e1s el\u0151rehalad\u00e1s\u00e1t.<\/span><\/p>\n<h2><b>Tov\u00e1bbi praktikus funkci\u00f3k <\/b><\/h2>\n<ul>\n<li style=\"font-weight: 400;\" aria-level=\"1\"><span style=\"font-weight: 400;\">A <\/span><b>LED f\u00e9nyszalag<\/b><span style=\"font-weight: 400;\"> a k\u00e9perny\u0151n l\u00e9v\u0151 gombbal m\u0171k\u00f6dtethet\u0151, hogy a modellt k\u00e9nyelmesen megfigyelhesse f\u00e9lhom\u00e1lyos k\u00f6rnyezetben.<\/span><\/li>\n<li style=\"font-weight: 400;\" aria-level=\"1\"><b>A ventil\u00e1torok automatikusan le\u00e1llnak<\/b><span style=\"font-weight: 400;\"> nyomtat\u00e1s ut\u00e1n, hogy energi\u00e1t takar\u00edtson meg, cs\u00f6kkentse a zajt \u00e9s meghosszabb\u00edtsa a ventil\u00e1tor \u00e9lettartam\u00e1t.<\/span><\/li>\n<li style=\"font-weight: 400;\" aria-level=\"1\"><span style=\"font-weight: 400;\">A <\/span><b>fi\u00f3kos eszk\u00f6zt\u00e1r<\/b><span style=\"font-weight: 400;\"> a g\u00e9p alj\u00e1n tal\u00e1lhat\u00f3, t\u00f6k\u00e9letes hely a nyomtat\u00f3ban haszn\u00e1lt szersz\u00e1mok t\u00e1rol\u00e1s\u00e1ra.<\/span><\/li>\n<\/ul>\n","protected":false},"excerpt":{"rendered":"<p><span style=\"font-weight: 400;\"><strong>Elegoo Neptune 3 Max<\/strong> &#8211; 3D nyomtat\u00f3 jelent\u0151s \u00e9p\u00edt\u00e9si t\u00e9rfogattal a korl\u00e1tlan kreativit\u00e1s\u00e9rt.<\/span><\/p>\n","protected":false},"featured_media":60253,"comment_status":"closed","ping_status":"closed","template":"","meta":{"_acf_changed":false},"product_brand":[],"product_cat":[1677,1679,2422,1678,1680],"product_tag":[],"brand":[],"class_list":{"0":"post-60251","1":"product","2":"type-product","3":"status-publish","4":"has-post-thumbnail","6":"product_cat-3d-nyomtato","7":"product_cat-elado","8":"product_cat-elegoo-hu","9":"product_cat-fdm-nyomtato","10":"product_cat-minden-3d-nyomtato","12":"first","13":"instock","14":"sale","15":"taxable","16":"shipping-taxable","17":"purchasable","18":"product-type-simple"},"acf":[],"_links":{"self":[{"href":"https:\/\/azurefilm.com\/hu\/wp-json\/wp\/v2\/product\/60251","targetHints":{"allow":["GET"]}}],"collection":[{"href":"https:\/\/azurefilm.com\/hu\/wp-json\/wp\/v2\/product"}],"about":[{"href":"https:\/\/azurefilm.com\/hu\/wp-json\/wp\/v2\/types\/product"}],"replies":[{"embeddable":true,"href":"https:\/\/azurefilm.com\/hu\/wp-json\/wp\/v2\/comments?post=60251"}],"wp:featuredmedia":[{"embeddable":true,"href":"https:\/\/azurefilm.com\/hu\/wp-json\/wp\/v2\/media\/60253"}],"wp:attachment":[{"href":"https:\/\/azurefilm.com\/hu\/wp-json\/wp\/v2\/media?parent=60251"}],"wp:term":[{"taxonomy":"product_brand","embeddable":true,"href":"https:\/\/azurefilm.com\/hu\/wp-json\/wp\/v2\/product_brand?post=60251"},{"taxonomy":"product_cat","embeddable":true,"href":"https:\/\/azurefilm.com\/hu\/wp-json\/wp\/v2\/product_cat?post=60251"},{"taxonomy":"product_tag","embeddable":true,"href":"https:\/\/azurefilm.com\/hu\/wp-json\/wp\/v2\/product_tag?post=60251"},{"taxonomy":"brand","embeddable":true,"href":"https:\/\/azurefilm.com\/hu\/wp-json\/wp\/v2\/brand?post=60251"}],"curies":[{"name":"wp","href":"https:\/\/api.w.org\/{rel}","templated":true}]}}