
{"id":60262,"date":"2023-10-29T14:42:00","date_gmt":"2023-10-29T14:42:00","guid":{"rendered":"https:\/\/azurefilm.com\/product\/liqcreate-strong-x-szurke-gyanta\/"},"modified":"2025-08-22T11:27:07","modified_gmt":"2025-08-22T11:27:07","slug":"liqcreate-strong-x-szurke-gyanta","status":"publish","type":"product","link":"https:\/\/azurefilm.com\/hu\/termek\/liqcreate-strong-x-szurke-gyanta\/","title":{"rendered":"Liqcreate Strong-X sz\u00fcrke gyanta"},"content":{"rendered":"<h2><b>Liqcreate Strong-X sz\u00fcrke<\/b><b><br \/>\n<\/b><\/h2>\n<p><span style=\"font-weight: 400;\">A Liqcreate Strong-X Grey egy cs\u00facsmin\u0151s\u00e9g\u0171 fotopolimer gyanta, amely az ipar\u00e1g vezet\u0151 term\u00e9keihez hasonl\u00f3, kiv\u00e9teles szil\u00e1rds\u00e1got biztos\u00edt. A <\/span><b>  135MPa hajl\u00edt\u00f3szil\u00e1rds\u00e1g<\/b><span style=\"font-weight: 400;\">, az egyik legkem\u00e9nyebb anyagk\u00e9nt t\u0171nik ki. Ez a gyanta   <\/span><b>magas h\u0151m\u00e9rs\u00e9kletet is kib\u00edr<\/b><span style=\"font-weight: 400;\">, \u00edgy ide\u00e1lis olyan alkalmaz\u00e1sokhoz, ahol a h\u0151\u00e1ll\u00f3s\u00e1g d\u00f6nt\u0151 fontoss\u00e1g\u00fa. Ezenk\u00edv\u00fcl a munkater\u00fcletet mentes\u00edti az er\u0151s szagokt\u00f3l, jav\u00edtva a nyomtat\u00e1s \u00e1ltal\u00e1nos \u00e9lm\u00e9ny\u00e9t.   <\/span><\/p>\n<p><span style=\"font-weight: 400;\">Ak\u00e1r fr\u00f6ccs\u00f6nt\u00e9ssel, ak\u00e1r nagy ig\u00e9nybev\u00e9tel\u0171 projektekkel foglalkozik, a Liqcreate Strong-X minim\u00e1lis zsugorod\u00e1ssal ny\u00fajtja a sz\u00fcks\u00e9ges teljes\u00edtm\u00e9nyt, biztos\u00edtva a pontoss\u00e1got \u00e9s megb\u00edzhat\u00f3s\u00e1got.<\/span><\/p>\n<h3><strong>Tulajdons\u00e1gok:<\/strong><\/h3>\n<ul>\n<li style=\"font-weight: 400;\" aria-level=\"1\"><span style=\"font-weight: 400;\">Nagy szil\u00e1rds\u00e1g<\/span><\/li>\n<li style=\"font-weight: 400;\" aria-level=\"1\"><span style=\"font-weight: 400;\">Magas h\u0151m\u00e9rs\u00e9kleti ellen\u00e1ll\u00e1s<\/span><\/li>\n<li style=\"font-weight: 400;\" aria-level=\"1\"><span style=\"font-weight: 400;\">Alacsony szag<\/span><\/li>\n<li style=\"font-weight: 400;\" aria-level=\"1\"><span style=\"font-weight: 400;\">Alacsony zsugorod\u00e1s<\/span><\/li>\n<\/ul>\n<p><img decoding=\"async\" class=\"alignnone size-medium wp-image-18642\" src=\"https:\/\/azurefilm.com\/wp-content\/uploads\/2023\/10\/Liqcreate_Strong_X_properties.jpg\" alt=\"  Sz\u00e9less\u00e9g...\" height=\"275\" title=\"\"><\/p>\n","protected":false},"excerpt":{"rendered":"<p>Alkosson a Liqcreate Strong-X Grey gyant\u00e1val (1000g), \u00e9s tapasztalja meg az egyik legkem\u00e9nyebb anyag magas h\u0151\u00e1ll\u00f3s\u00e1g\u00e1t.<\/p>\n","protected":false},"featured_media":60263,"comment_status":"closed","ping_status":"closed","template":"","meta":{"_acf_changed":false},"product_brand":[],"product_cat":[1686,2420,1688,2370],"product_tag":[],"brand":[],"class_list":{"0":"post-60262","1":"product","2":"type-product","3":"status-publish","4":"has-post-thumbnail","6":"product_cat-3d-filmek","7":"product_cat-ipari-gyanta","8":"product_cat-minden-film","9":"product_cat-resin-hu","10":"pa_colour-gray","11":"pa_resin-technology-dlp","12":"pa_resin-technology-lcd-msla","13":"pa_resin-technology-sla","14":"pa_resin-type-industrial","15":"pa_resin-weight-1000g","17":"first","18":"instock","19":"taxable","20":"shipping-taxable","21":"purchasable","22":"product-type-simple"},"acf":[],"_links":{"self":[{"href":"https:\/\/azurefilm.com\/hu\/wp-json\/wp\/v2\/product\/60262","targetHints":{"allow":["GET"]}}],"collection":[{"href":"https:\/\/azurefilm.com\/hu\/wp-json\/wp\/v2\/product"}],"about":[{"href":"https:\/\/azurefilm.com\/hu\/wp-json\/wp\/v2\/types\/product"}],"replies":[{"embeddable":true,"href":"https:\/\/azurefilm.com\/hu\/wp-json\/wp\/v2\/comments?post=60262"}],"wp:featuredmedia":[{"embeddable":true,"href":"https:\/\/azurefilm.com\/hu\/wp-json\/wp\/v2\/media\/60263"}],"wp:attachment":[{"href":"https:\/\/azurefilm.com\/hu\/wp-json\/wp\/v2\/media?parent=60262"}],"wp:term":[{"taxonomy":"product_brand","embeddable":true,"href":"https:\/\/azurefilm.com\/hu\/wp-json\/wp\/v2\/product_brand?post=60262"},{"taxonomy":"product_cat","embeddable":true,"href":"https:\/\/azurefilm.com\/hu\/wp-json\/wp\/v2\/product_cat?post=60262"},{"taxonomy":"product_tag","embeddable":true,"href":"https:\/\/azurefilm.com\/hu\/wp-json\/wp\/v2\/product_tag?post=60262"},{"taxonomy":"brand","embeddable":true,"href":"https:\/\/azurefilm.com\/hu\/wp-json\/wp\/v2\/brand?post=60262"}],"curies":[{"name":"wp","href":"https:\/\/api.w.org\/{rel}","templated":true}]}}