
{"id":60273,"date":"2023-10-29T14:42:00","date_gmt":"2023-10-29T14:42:00","guid":{"rendered":"https:\/\/azurefilm.com\/product\/liqcreate-flexible-x-fekete-gyanta\/"},"modified":"2025-08-22T11:27:08","modified_gmt":"2025-08-22T11:27:08","slug":"liqcreate-flexible-x-fekete-gyanta","status":"publish","type":"product","link":"https:\/\/azurefilm.com\/hu\/termek\/liqcreate-flexible-x-fekete-gyanta\/","title":{"rendered":"Liqcreate Flexible-X fekete gyanta"},"content":{"rendered":"<h2><b>Liqcreate Flexible-X fekete<\/b><b><br \/>\n<\/b><\/h2>\n<p><span style=\"font-weight: 400;\">A Liqcreate Flexible-X Black egy \u00e1tl\u00e1tszatlan fekete fotopolimer gyanta, amely nyitott MSLA, DLP \u00e9s l\u00e9zer alap\u00fa 3D nyomtat\u00f3khoz (385-420 nm) k\u00e9sz\u00fclt. A  oldalon tal\u00e1lhat\u00f3.   <\/span><b>kiemelked\u0151 rugalmass\u00e1g <\/b><span style=\"font-weight: 400;\">\u00e9s <\/span><b>visszapattan\u00e1si tulajdons\u00e1gok<\/b><span style=\"font-weight: 400;\">, ez az anyag alkalmas puha tapint\u00e1s\u00fa \u00e9s rugalmas ipari alkatr\u00e9szek k\u00e9sz\u00edt\u00e9s\u00e9re. B\u00fcszk\u00e9lkedhet <\/span> <b> alacsony 55 Shore A<\/b><span style=\"font-weight: 400;\"> kem\u00e9nys\u00e9g \u00e9s<\/span><b> ak\u00e1r 160%-os ny\u00fal\u00e1s<\/b><span style=\"font-weight: 400;\">, ide\u00e1lis k\u00fcl\u00f6nb\u00f6z\u0151 ipari alkalmaz\u00e1sokhoz. <\/span> <span style=\"font-weight: 400;\">A <\/span><b>kiv\u00e1l\u00f3 feldolgozhat\u00f3s\u00e1g<\/b><span style=\"font-weight: 400;\"> \u00e9s <\/span><b>nyomtat\u00e1si sebess\u00e9g<\/b><span style=\"font-weight: 400;\"> MSLA, DLP \u00e9s l\u00e9zer alap\u00fa nyomtat\u00f3kon, figyelemre m\u00e9lt\u00f3 rugalmass\u00e1got \u00e9s visszapattan\u00f3 tulajdons\u00e1gokat biztos\u00edt, k\u00f6nnyen haszn\u00e1lhat\u00f3 ny\u00edlt forr\u00e1sk\u00f3d\u00fa DLP, LCD \u00e9s SLA 3D nyomtat\u00f3kon (385 &#8211; 420nm), kiel\u00e9g\u00edtve a k\u00fcl\u00f6nb\u00f6z\u0151 ipari ig\u00e9nyeket.<\/span> <\/p>\n<h3><strong>Tulajdons\u00e1gok:<\/strong><\/h3>\n<ul>\n<li style=\"font-weight: 400;\" aria-level=\"1\"><span style=\"font-weight: 400;\">Nagy ny\u00fal\u00e1s<\/span><\/li>\n<li style=\"font-weight: 400;\" aria-level=\"1\"><span style=\"font-weight: 400;\">Kiv\u00e1l\u00f3 lepattan\u00e1s<\/span><\/li>\n<li style=\"font-weight: 400;\" aria-level=\"1\"><span style=\"font-weight: 400;\">Tart\u00f3s puha tapint\u00e1s\u00fa<\/span><\/li>\n<\/ul>\n<p><img decoding=\"async\" class=\"alignnone size-medium wp-image-18576\" src=\"https:\/\/azurefilm.com\/wp-content\/uploads\/2023\/10\/Liqcreate_Flexible_X_properties.jpg\" alt=\"  Sz\u00e9less\u00e9g...\" height=\"275\" title=\"\"><\/p>\n","protected":false},"excerpt":{"rendered":"<p>Pr\u00f3b\u00e1lja ki a Liqcreate Flexible-X Black gyant\u00e1t (1000g), \u00e9s k\u00e9sz\u00edtsen rugalmas ipari alkatr\u00e9szeket \u00e1tl\u00e1tszatlan fekete sz\u00ednben.<\/p>\n","protected":false},"featured_media":60274,"comment_status":"closed","ping_status":"closed","template":"","meta":{"_acf_changed":false},"product_brand":[],"product_cat":[1686,1679,1688,2370,2581],"product_tag":[],"brand":[],"class_list":{"0":"post-60273","1":"product","2":"type-product","3":"status-publish","4":"has-post-thumbnail","6":"product_cat-3d-filmek","7":"product_cat-elado","8":"product_cat-minden-film","9":"product_cat-resin-hu","10":"product_cat-rugalmas-gyanta","11":"pa_colour-black","12":"pa_resin-technology-dlp","13":"pa_resin-technology-lcd-msla","14":"pa_resin-technology-sla","15":"pa_resin-type-flexible","16":"pa_resin-weight-1000g","18":"first","19":"outofstock","20":"sale","21":"taxable","22":"shipping-taxable","23":"purchasable","24":"product-type-simple"},"acf":[],"_links":{"self":[{"href":"https:\/\/azurefilm.com\/hu\/wp-json\/wp\/v2\/product\/60273","targetHints":{"allow":["GET"]}}],"collection":[{"href":"https:\/\/azurefilm.com\/hu\/wp-json\/wp\/v2\/product"}],"about":[{"href":"https:\/\/azurefilm.com\/hu\/wp-json\/wp\/v2\/types\/product"}],"replies":[{"embeddable":true,"href":"https:\/\/azurefilm.com\/hu\/wp-json\/wp\/v2\/comments?post=60273"}],"wp:featuredmedia":[{"embeddable":true,"href":"https:\/\/azurefilm.com\/hu\/wp-json\/wp\/v2\/media\/60274"}],"wp:attachment":[{"href":"https:\/\/azurefilm.com\/hu\/wp-json\/wp\/v2\/media?parent=60273"}],"wp:term":[{"taxonomy":"product_brand","embeddable":true,"href":"https:\/\/azurefilm.com\/hu\/wp-json\/wp\/v2\/product_brand?post=60273"},{"taxonomy":"product_cat","embeddable":true,"href":"https:\/\/azurefilm.com\/hu\/wp-json\/wp\/v2\/product_cat?post=60273"},{"taxonomy":"product_tag","embeddable":true,"href":"https:\/\/azurefilm.com\/hu\/wp-json\/wp\/v2\/product_tag?post=60273"},{"taxonomy":"brand","embeddable":true,"href":"https:\/\/azurefilm.com\/hu\/wp-json\/wp\/v2\/brand?post=60273"}],"curies":[{"name":"wp","href":"https:\/\/api.w.org\/{rel}","templated":true}]}}