
{"id":60277,"date":"2023-10-29T14:42:40","date_gmt":"2023-10-29T14:42:40","guid":{"rendered":"https:\/\/azurefilm.com\/product\/bambu-lab-ams-hub\/"},"modified":"2023-10-29T14:42:40","modified_gmt":"2023-10-29T14:42:40","slug":"bambu-lab-ams-hub","status":"publish","type":"product","link":"https:\/\/azurefilm.com\/hu\/termek\/bambu-lab-ams-hub\/","title":{"rendered":"Bambu Lab AMS Hub"},"content":{"rendered":"<h2>B\u0151v\u00edtse AMS k\u00e9pess\u00e9geit<\/h2>\n<p><span style=\"font-weight: 400;\">A Bambu Lab AMS Hub seg\u00edts\u00e9g\u00e9vel \u00faj szintre emelheti AMS-kapcsolat\u00e1t. Lehet\u0151v\u00e9 teszi, hogy ak\u00e1r n\u00e9gy AMS egys\u00e9get (16 csatorna) csatlakoztasson a Bambu X1 vagy P1 sorozat\u00fa nyomtat\u00f3ihoz az ut\u00e1nt\u00f6lt\u00e9si sebess\u00e9g jav\u00edt\u00e1sa \u00e9s a pufferelt jel redundanci\u00e1j\u00e1nak t\u00e1mogat\u00e1sa \u00e9rdek\u00e9ben. <\/span><\/p>\n<h2>K\u00f6nny\u0171 telep\u00edt\u00e9s<\/h2>\n<p><span style=\"font-weight: 400;\">Szerelje fel az AMS Hubot a nyomtat\u00f3 h\u00e1tulj\u00e1ra, \u00e9s cser\u00e9lje ki a sz\u00e1lpuffert, ha van. Csatlakoztassa a nyomtat\u00f3hoz a Bambu 4-t\u0171s k\u00e1bellel, \u00e9s a Bambu 6-t\u0171s k\u00e1bellel k\u00f6sse \u00f6ssze az els\u0151 AMS egys\u00e9ggel. Folytassa a tov\u00e1bbi AMS egys\u00e9gek soros csatlakoztat\u00e1s\u00e1t a 6-t\u0171s k\u00e1bel seg\u00edts\u00e9g\u00e9vel.  <\/span><\/p>\n<p><span style=\"font-weight: 400;\">Fokozza a l\u00e9g\u00e1raml\u00e1st \u00e9s minimaliz\u00e1lja az ellen\u00e1ll\u00e1st, ha a mell\u00e9kelt PTFE-cs\u0151 seg\u00edts\u00e9g\u00e9vel csatlakoztatja az AMS Hubot a nyomtat\u00f3 h\u00e1toldal\u00e1n l\u00e9v\u0151 l\u00e9gcs\u0151csatlakoz\u00f3hoz. V\u00e1lassza ki a megfelel\u0151 cs\u0151hossz\u00fas\u00e1got, a lehet\u0151 legr\u00f6videbb legyen, ugyanakkor ker\u00fclje a tekercsel\u00e9st a z\u00f6kken\u0151mentes m\u0171k\u00f6d\u00e9s \u00e9rdek\u00e9ben. <\/span><\/p>\n","protected":false},"excerpt":{"rendered":"<p><span style=\"font-weight: 400;\">Akn\u00e1zza ki a Bambu X1 vagy P1 sorozat\u00fa 3D nyomtat\u00f3inak teljes potenci\u00e1lj\u00e1t a Bambu Lab AMS Hub seg\u00edts\u00e9g\u00e9vel, amely egy olyan j\u00e1t\u00e9kv\u00e1ltoztat\u00f3 kieg\u00e9sz\u00edt\u0151, amely<strong> az AMS lehet\u0151s\u00e9gek b\u0151v\u00edt\u00e9s\u00e9re<\/strong> szolg\u00e1l, \u00e9s <strong>ak\u00e1r 16 sz\u00ednnel<\/strong> nyomtathat <strong>egyszerre!<\/strong>  <\/span><\/p>\n","protected":false},"featured_media":60278,"comment_status":"closed","ping_status":"closed","template":"","meta":{"_acf_changed":false},"product_brand":[],"product_cat":[2238,2224,2221],"product_tag":[],"brand":[],"class_list":{"0":"post-60277","1":"product","2":"type-product","3":"status-publish","4":"has-post-thumbnail","6":"product_cat-egyeb-tetelek","7":"product_cat-minden-potalkatresz","8":"product_cat-potalkatreszek","9":"pa_compatible-with-bambulab-fdm-3d-printers","10":"pa_fits-printer-all-bambu-lab-x1-series-p1-series","12":"first","13":"instock","14":"taxable","15":"shipping-taxable","16":"purchasable","17":"product-type-simple"},"acf":[],"_links":{"self":[{"href":"https:\/\/azurefilm.com\/hu\/wp-json\/wp\/v2\/product\/60277","targetHints":{"allow":["GET"]}}],"collection":[{"href":"https:\/\/azurefilm.com\/hu\/wp-json\/wp\/v2\/product"}],"about":[{"href":"https:\/\/azurefilm.com\/hu\/wp-json\/wp\/v2\/types\/product"}],"replies":[{"embeddable":true,"href":"https:\/\/azurefilm.com\/hu\/wp-json\/wp\/v2\/comments?post=60277"}],"wp:featuredmedia":[{"embeddable":true,"href":"https:\/\/azurefilm.com\/hu\/wp-json\/wp\/v2\/media\/60278"}],"wp:attachment":[{"href":"https:\/\/azurefilm.com\/hu\/wp-json\/wp\/v2\/media?parent=60277"}],"wp:term":[{"taxonomy":"product_brand","embeddable":true,"href":"https:\/\/azurefilm.com\/hu\/wp-json\/wp\/v2\/product_brand?post=60277"},{"taxonomy":"product_cat","embeddable":true,"href":"https:\/\/azurefilm.com\/hu\/wp-json\/wp\/v2\/product_cat?post=60277"},{"taxonomy":"product_tag","embeddable":true,"href":"https:\/\/azurefilm.com\/hu\/wp-json\/wp\/v2\/product_tag?post=60277"},{"taxonomy":"brand","embeddable":true,"href":"https:\/\/azurefilm.com\/hu\/wp-json\/wp\/v2\/brand?post=60277"}],"curies":[{"name":"wp","href":"https:\/\/api.w.org\/{rel}","templated":true}]}}