
{"id":60370,"date":"2023-10-29T14:44:31","date_gmt":"2023-10-29T14:44:31","guid":{"rendered":"https:\/\/azurefilm.com\/product\/creality-ender-3-v3-se\/"},"modified":"2025-04-11T10:18:30","modified_gmt":"2025-04-11T10:18:30","slug":"creality-ender-3-v3-se","status":"publish","type":"product","link":"https:\/\/azurefilm.com\/hu\/termek\/creality-ender-3-v3-se\/","title":{"rendered":"Creality Ender 3 V3 SE"},"content":{"rendered":"<p>A Creality Ender 3 V3 SE nyomtat\u00f3 <strong>gondtalan automatikus szintez\u00e9ssel<\/strong>, prec\u00edz &#8220;Sprite&#8221; direkt extruderrel, stabil kett\u0151s Z-tengellyel \u00e9s felhaszn\u00e1l\u00f3bar\u00e1t felhaszn\u00e1l\u00f3i fel\u00fclet kijelz\u0151vel b\u00fcszk\u00e9lkedhet. A <strong>megb\u00edzhat\u00f3s\u00e1got a sebess\u00e9ggel<\/strong> \u00e9s a karcs\u00fa diz\u00e1jnnal <strong>\u00f6tv\u00f6zi<\/strong> a 3D nyomtat\u00e1si \u00e9lm\u00e9ny fokoz\u00e1sa \u00e9rdek\u00e9ben. <\/p>\n<h2>Robusztus szerkezet a stabilit\u00e1s \u00e9rdek\u00e9ben<\/h2>\n<p>Az Ender 3 V3 SE-t a 3D nyomtat\u00e1s stabilit\u00e1s\u00e1ra tervezt\u00e9k. Merev dupla z-tengelyt alkalmaz a z-ingadoz\u00e1s minimaliz\u00e1l\u00e1sa \u00e9rdek\u00e9ben, \u00e9s k\u00e9t tart\u00f3s, egyenk\u00e9nt 8 mm vastag ac\u00e9l line\u00e1ris s\u00ednnel megt\u00e1masztott y-tengellyel rendelkezik, amely biztos\u00edtja a platform hosszan tart\u00f3 stabilit\u00e1s\u00e1t nyomtat\u00e1s k\u00f6zben. <\/p>\n<h2>Megb\u00edzhat\u00f3 &#8220;Sprite&#8221; k\u00f6zvetlen meghajt\u00e1s\u00fa extruder<\/h2>\n<p>A &#8220;Sprite&#8221; Direct Drive extruderrel felszerelt Ender 3 V3 SE megb\u00edzhat\u00f3s\u00e1got \u00e9s sokoldal\u00fas\u00e1got k\u00edn\u00e1l. Ez az extruder sz\u00e1mos anyagot kezel, bele\u00e9rtve a PLA-t, PETG-t \u00e9s TPU-t. Nagy sebess\u00e9g\u0171 nyomtat\u00e1si k\u00e9pess\u00e9ggel is rendelkezik, 250 mm\/s maxim\u00e1lis sebess\u00e9ggel \u00e9s 2500 mm\/s\u00b2 gyorsul\u00e1ssal.  <\/p>\n<h2>Egyszer\u0171s\u00edtett \u00fczemeltet\u00e9s \u00e9s fel\u00fcgyelet<\/h2>\n<p>Az Ender 3 V3 SE megk\u00f6nny\u00edti a nyomtat\u00e1st a nyomtat\u00f3\u00e1gy automatikus be\u00e1ll\u00edt\u00e1s\u00e1val a CR-Touch \u00e9rz\u00e9kel\u0151 \u00e9s a Z tengelyhez tartoz\u00f3 t\u00f6rzs\u00e9rz\u00e9kel\u0151 seg\u00edts\u00e9g\u00e9vel. A nyomatok ellen\u0151rz\u00e9se egyszer\u0171 a 3,2 h\u00fcvelykes sz\u00ednes kijelz\u0151vel, amelyet egy forgat\u00f3gombbal vez\u00e9relhet. <\/p>\n<h2>K\u00f6nnyed sz\u00e1lkezel\u00e9s<\/h2>\n<p>Az izz\u00f3sz\u00e1l be- \u00e9s kirakod\u00e1sa m\u00e9g soha nem volt ilyen egyszer\u0171. A nyomtat\u00f3 &#8220;extrud\u00e1l\u00e1si&#8221; \u00e9s &#8220;visszah\u00faz\u00e1si&#8221; opci\u00f3kat k\u00edn\u00e1l a z\u00f6kken\u0151mentes sz\u00e1lkezel\u00e9shez, jav\u00edtva a felhaszn\u00e1l\u00f3i \u00e9lm\u00e9nyt. <\/p>\n<h2>Kompakt \u00e9s funkcion\u00e1lis kialak\u00edt\u00e1s<\/h2>\n<p>Az Ender 3 V3 SE kompakt kialak\u00edt\u00e1st \u00e9s robusztus funkci\u00f3kat \u00f6tv\u00f6z. A funkcionalit\u00e1st helyezi el\u0151t\u00e9rbe, mik\u00f6zben meg\u0151rzi eleg\u00e1ns megjelen\u00e9s\u00e9t. <\/p>\n","protected":false},"excerpt":{"rendered":"<p>A Creality Ender 3 V3 SE egy nagyon k\u00f6nnyen ind\u00edthat\u00f3 3D nyomtat\u00f3, amely felszabad\u00edtja kreat\u00edv potenci\u00e1lj\u00e1t.<\/p>\n","protected":false},"featured_media":60371,"comment_status":"closed","ping_status":"closed","template":"","meta":{"_acf_changed":false},"product_brand":[],"product_cat":[1677,2251,1679,1678,1680],"product_tag":[],"brand":[],"class_list":{"0":"post-60370","1":"product","2":"type-product","3":"status-publish","4":"has-post-thumbnail","6":"product_cat-3d-nyomtato","7":"product_cat-creality-hu","8":"product_cat-elado","9":"product_cat-fdm-nyomtato","10":"product_cat-minden-3d-nyomtato","12":"first","13":"instock","14":"sale","15":"featured","16":"taxable","17":"shipping-taxable","18":"purchasable","19":"product-type-simple"},"acf":[],"_links":{"self":[{"href":"https:\/\/azurefilm.com\/hu\/wp-json\/wp\/v2\/product\/60370","targetHints":{"allow":["GET"]}}],"collection":[{"href":"https:\/\/azurefilm.com\/hu\/wp-json\/wp\/v2\/product"}],"about":[{"href":"https:\/\/azurefilm.com\/hu\/wp-json\/wp\/v2\/types\/product"}],"replies":[{"embeddable":true,"href":"https:\/\/azurefilm.com\/hu\/wp-json\/wp\/v2\/comments?post=60370"}],"wp:featuredmedia":[{"embeddable":true,"href":"https:\/\/azurefilm.com\/hu\/wp-json\/wp\/v2\/media\/60371"}],"wp:attachment":[{"href":"https:\/\/azurefilm.com\/hu\/wp-json\/wp\/v2\/media?parent=60370"}],"wp:term":[{"taxonomy":"product_brand","embeddable":true,"href":"https:\/\/azurefilm.com\/hu\/wp-json\/wp\/v2\/product_brand?post=60370"},{"taxonomy":"product_cat","embeddable":true,"href":"https:\/\/azurefilm.com\/hu\/wp-json\/wp\/v2\/product_cat?post=60370"},{"taxonomy":"product_tag","embeddable":true,"href":"https:\/\/azurefilm.com\/hu\/wp-json\/wp\/v2\/product_tag?post=60370"},{"taxonomy":"brand","embeddable":true,"href":"https:\/\/azurefilm.com\/hu\/wp-json\/wp\/v2\/brand?post=60370"}],"curies":[{"name":"wp","href":"https:\/\/api.w.org\/{rel}","templated":true}]}}