
{"id":60374,"date":"2023-10-29T14:44:31","date_gmt":"2023-10-29T14:44:31","guid":{"rendered":"https:\/\/azurefilm.com\/product\/bambu-hotend-fuvokaval\/"},"modified":"2023-10-29T14:44:31","modified_gmt":"2023-10-29T14:44:31","slug":"bambu-hotend-fuvokaval","status":"publish","type":"product","link":"https:\/\/azurefilm.com\/hu\/termek\/bambu-hotend-fuvokaval\/","title":{"rendered":"Bambu hotend f\u00fav\u00f3k\u00e1val"},"content":{"rendered":"<p>V\u00e1lassza a Bambu hotendet f\u00fav\u00f3k\u00e1val a 3D nyomtat\u00f3 teljes\u00edtm\u00e9ny\u00e9nek jav\u00edt\u00e1s\u00e1hoz. 4 m\u00e9ret \u00e1ll rendelkez\u00e9sre. A vari\u00e1ci\u00f3k men\u00fcpontban kiv\u00e1laszthatja a k\u00edv\u00e1nt opci\u00f3t. A <strong>rozsdamentes ac\u00e9lb\u00f3l k\u00e9sz\u00fclt 0,2 mm-es f\u00fav\u00f3ka<\/strong> optim\u00e1lis a finoms\u00e1gok nyomtat\u00e1s\u00e1hoz. A kis \u00e1tm\u00e9r\u0151 nagyon v\u00e9konyan extrud\u00e1l, ami nagy felbont\u00e1s\u00fa nyomtat\u00e1st tesz lehet\u0151v\u00e9 v\u00edzszintes nyomtat\u00e1si fel\u00fcleten. Az <strong>edzett ac\u00e9l 0,4 mm-es f\u00fav\u00f3ka<\/strong> nagyszer\u0171 egyens\u00falyt k\u00edn\u00e1l a nyomtat\u00e1si min\u0151s\u00e9g \u00e9s a sebess\u00e9g k\u00f6z\u00f6tt, \u00edgy ide\u00e1lis az anyagok sz\u00e9les sk\u00e1l\u00e1j\u00e1hoz. Az <strong>edzett ac\u00e9l 0,6 mm-es f\u00fav\u00f3ka<\/strong> t\u00f6k\u00e9letes olyan koptat\u00f3 anyagokhoz, amelyek szint\u00e9n elt\u00f6m\u00edthetik a f\u00fav\u00f3k\u00e1t, mint a PLA Wood, PLA Glitter vagy Carbon Fiber. Az <strong>edzett ac\u00e9l 0,8 mm-es f\u00fav\u00f3ka<\/strong> gyorsabb nyomtat\u00e1si sebess\u00e9get tesz lehet\u0151v\u00e9, mivel a nagyobb \u00e1tm\u00e9r\u0151 miatt m\u00e1sodpercenk\u00e9nt t\u00f6bb anyag extrud\u00e1lhat\u00f3.  <\/p>\n<h2>Bambu hotend edzett ac\u00e9l f\u00fav\u00f3kacser\u00e9vel<\/h2>\n<p>Ha ki kell cser\u00e9lnie a f\u00fav\u00f3k\u00e1t, k\u00e9rj\u00fck, hogy <a href=\"https:\/\/wiki.bambulab.com\/en\/x1\/maintenance\/replace-hotend\" target=\"_blank\" rel=\"noopener\"><strong>k\u00f6vesse a Bambu Lab \u00e1ltal megadott utas\u00edt\u00e1sokat<\/strong><\/a>. Megn\u00e9zheti az al\u00e1bbi vide\u00f3t is, \u00e9s k\u00f6vetheti ezeket a l\u00e9p\u00e9sr\u0151l-l\u00e9p\u00e9sre t\u00f6rt\u00e9n\u0151 utas\u00edt\u00e1sokat. <\/p>\n<h2>M\u0171szaki specifik\u00e1ci\u00f3k<\/h2>\n<h3>A csomag tartalma:<\/h3>\n<ul>\n<li>Hotend f\u00fav\u00f3k\u00e1val<\/li>\n<li>Szilikon zokni<\/li>\n<li>H\u0151zs\u00edr<\/li>\n<li>M3-14 l\u00e9p\u00e9ses csavarok<\/li>\n<\/ul>\n","protected":false},"excerpt":{"rendered":"<p><span style=\"font-weight: 400;\">Jav\u00edtsa \u00e9s defini\u00e1lja \u00fajra a nyomatokat a Bambu hotend f\u00fav\u00f3k\u00e1val. Kompatibilis az \u00f6sszes Bambu Lab X1 \u00e9s P1 sz\u00e9ri\u00e1val. <\/span><\/p>\n","protected":false},"featured_media":60375,"comment_status":"closed","ping_status":"closed","template":"","meta":{"_acf_changed":false},"product_brand":[],"product_cat":[2243,2223,2232,2247,2222,2226,2249,2224,2221],"product_tag":[],"brand":[268],"class_list":{"0":"post-60374","1":"product","2":"type-product","3":"status-publish","4":"has-post-thumbnail","6":"product_cat-edzett-es-kopasallo-fuvokak","7":"product_cat-extruder-hu","8":"product_cat-extruder-alkatreszek","9":"product_cat-extruder-frissitesek","10":"product_cat-extruders-hu","11":"product_cat-fuvoszarnyak","12":"product_cat-hotends-hu","13":"product_cat-minden-potalkatresz","14":"product_cat-potalkatreszek","15":"pa_compatible-with-bambulab-fdm-3d-printers","16":"pa_fits-printer-all-bambu-lab-x1-series-p1-series","17":"pa_nozzle-diameter-0-2mm","18":"pa_nozzle-diameter-0-4mm","19":"pa_nozzle-diameter-0-6mm","20":"pa_nozzle-diameter-0-8mm","21":"pa_nozzle-material-hardened-steel","22":"pa_nozzle-material-stainless-steel","23":"brand-bambu-lab","25":"first","26":"instock","27":"taxable","28":"shipping-taxable","29":"purchasable","30":"product-type-variable"},"acf":[],"_links":{"self":[{"href":"https:\/\/azurefilm.com\/hu\/wp-json\/wp\/v2\/product\/60374","targetHints":{"allow":["GET"]}}],"collection":[{"href":"https:\/\/azurefilm.com\/hu\/wp-json\/wp\/v2\/product"}],"about":[{"href":"https:\/\/azurefilm.com\/hu\/wp-json\/wp\/v2\/types\/product"}],"replies":[{"embeddable":true,"href":"https:\/\/azurefilm.com\/hu\/wp-json\/wp\/v2\/comments?post=60374"}],"wp:featuredmedia":[{"embeddable":true,"href":"https:\/\/azurefilm.com\/hu\/wp-json\/wp\/v2\/media\/60375"}],"wp:attachment":[{"href":"https:\/\/azurefilm.com\/hu\/wp-json\/wp\/v2\/media?parent=60374"}],"wp:term":[{"taxonomy":"product_brand","embeddable":true,"href":"https:\/\/azurefilm.com\/hu\/wp-json\/wp\/v2\/product_brand?post=60374"},{"taxonomy":"product_cat","embeddable":true,"href":"https:\/\/azurefilm.com\/hu\/wp-json\/wp\/v2\/product_cat?post=60374"},{"taxonomy":"product_tag","embeddable":true,"href":"https:\/\/azurefilm.com\/hu\/wp-json\/wp\/v2\/product_tag?post=60374"},{"taxonomy":"brand","embeddable":true,"href":"https:\/\/azurefilm.com\/hu\/wp-json\/wp\/v2\/brand?post=60374"}],"curies":[{"name":"wp","href":"https:\/\/api.w.org\/{rel}","templated":true}]}}