
{"id":60483,"date":"2023-10-29T14:12:43","date_gmt":"2023-10-29T14:12:43","guid":{"rendered":"https:\/\/azurefilm.com\/product\/petg-neonszal-mesz\/"},"modified":"2025-08-22T11:28:18","modified_gmt":"2025-08-22T11:28:18","slug":"petg-neonszal-mesz","status":"publish","type":"product","link":"https:\/\/azurefilm.com\/hu\/termek\/petg-neonszal-mesz\/","title":{"rendered":"PETG Neonsz\u00e1l M\u00e9sz"},"content":{"rendered":"<h2><b>PETG Neon<\/b><\/h2>\n<p><span style=\"font-weight: 400;\">Ismerje meg a PETG Neon filament kiad\u00e1st. Ez a kiad\u00e1s a k\u00f6vetkez\u0151 jellemz\u0151kkel rendelkezik <\/span><b>vibr\u00e1l\u00f3 neon<\/b><span style=\"font-weight: 400;\"> sz\u00ednek, amelyek kiemelik a nyomatokat. A PETG egy <\/span><b>szil\u00e1rd<\/b><span style=\"font-weight: 400;\"> \u00e9s <\/span><b>h\u0151m\u00e9rs\u00e9klet\u00e1ll\u00f3<\/b><span style=\"font-weight: 400;\"> anyag \u00e9s <\/span><b>k\u00f6nnyen megmunk\u00e1lhat\u00f3<\/b><span style=\"font-weight: 400;\">. Try PETG Neon for bright and bold results. <\/span><\/p>\n<h2><strong>PETG Neonsz\u00e1l M\u00e9sz<\/strong><\/h2>\n<p>Kezdj el j\u00e1t\u00e9kos \u00e9s energikus lenni, \u00e9s szerezd be a PETG Neon Filament Lime-ot.<\/p>\n<p><span style=\"font-weight: 400;\">Ha t\u00f6bbet szeretne megtudni a PETG sz\u00e1lakr\u00f3l, olvassa el <a href=\"https:\/\/azurefilm.com\/hu\/2023\/07\/10\/petg-szalak-minden-amit-tudnia-kell\/\" target=\"_blank\" rel=\"noopener\">blogunkat<\/a>. <\/span><\/p>\n<p><span style=\"font-weight: 400;\">Hozz\u00e1f\u00e9rhet a <\/span><b>M\u0171szaki adatlap<\/b><span style=\"font-weight: 400;\"><a href=\"https:\/\/azurefilm.com\/hu\/technical-data-sheets\/\" target=\"_blank\" rel=\"noopener\"> itt<\/a>.<\/span><\/p>\n<p><span style=\"font-weight: 400;\">Nyomtat\u00e1si aj\u00e1nl\u00e1sok:<\/span><\/p>\n<ul>\n<li style=\"font-weight: 400;\" aria-level=\"1\"><span style=\"font-weight: 400;\">A legjobb eredm\u00e9ny \u00e9rdek\u00e9ben 220-240\u00b0C-on nyomtasson. <\/span><\/li>\n<li style=\"font-weight: 400;\" aria-level=\"1\"><span style=\"font-weight: 400;\">A nyomtat\u00f3asztal aj\u00e1nlott h\u0151m\u00e9rs\u00e9klete 80\u00b0C.<\/span><\/li>\n<li style=\"font-weight: 400;\" aria-level=\"1\"><span style=\"font-weight: 400;\">Haszn\u00e1ljon \u00fcveg\u00e1gyat, PEI lapot, Kapton vagy k\u00e9k szalagot az \u00e9p\u00edt\u00e9si platformhoz 3Dlac spray-vel.<\/span><\/li>\n<\/ul>\n<p><i><span style=\"font-weight: 400;\">*A k\u00fcl\u00f6nb\u00f6z\u0151 nyomtat\u00f3k haszn\u00e1lata eset\u00e9n az ide\u00e1lis h\u0151m\u00e9rs\u00e9klet elt\u00e9r\u0151 lehet.<\/span><\/i><\/p>\n","protected":false},"excerpt":{"rendered":"<p>Kezdj el j\u00e1t\u00e9kos \u00e9s energikus lenni, \u00e9s szerezd be a PETG Neon Filament Lime-ot.<\/p>\n","protected":false},"featured_media":109639,"comment_status":"closed","ping_status":"closed","template":"","meta":{"_acf_changed":false},"product_brand":[],"product_cat":[1686,1688,2586,2177],"product_tag":[],"brand":[267],"class_list":{"0":"post-60483","1":"product","2":"type-product","3":"status-publish","4":"has-post-thumbnail","6":"product_cat-3d-filmek","7":"product_cat-minden-film","8":"product_cat-petg-neon-hu","9":"product_cat-petg-szalak","10":"pa_colour-green","11":"pa_colour-yellow","12":"pa_filament-diameter-1-75mm","13":"pa_filament-weight-1000g","14":"brand-azurefilm","16":"first","17":"instock","18":"taxable","19":"shipping-taxable","20":"purchasable","21":"product-type-variable","22":"has-default-attributes"},"acf":[],"_links":{"self":[{"href":"https:\/\/azurefilm.com\/hu\/wp-json\/wp\/v2\/product\/60483","targetHints":{"allow":["GET"]}}],"collection":[{"href":"https:\/\/azurefilm.com\/hu\/wp-json\/wp\/v2\/product"}],"about":[{"href":"https:\/\/azurefilm.com\/hu\/wp-json\/wp\/v2\/types\/product"}],"replies":[{"embeddable":true,"href":"https:\/\/azurefilm.com\/hu\/wp-json\/wp\/v2\/comments?post=60483"}],"wp:featuredmedia":[{"embeddable":true,"href":"https:\/\/azurefilm.com\/hu\/wp-json\/wp\/v2\/media\/109639"}],"wp:attachment":[{"href":"https:\/\/azurefilm.com\/hu\/wp-json\/wp\/v2\/media?parent=60483"}],"wp:term":[{"taxonomy":"product_brand","embeddable":true,"href":"https:\/\/azurefilm.com\/hu\/wp-json\/wp\/v2\/product_brand?post=60483"},{"taxonomy":"product_cat","embeddable":true,"href":"https:\/\/azurefilm.com\/hu\/wp-json\/wp\/v2\/product_cat?post=60483"},{"taxonomy":"product_tag","embeddable":true,"href":"https:\/\/azurefilm.com\/hu\/wp-json\/wp\/v2\/product_tag?post=60483"},{"taxonomy":"brand","embeddable":true,"href":"https:\/\/azurefilm.com\/hu\/wp-json\/wp\/v2\/brand?post=60483"}],"curies":[{"name":"wp","href":"https:\/\/api.w.org\/{rel}","templated":true}]}}