
{"id":60510,"date":"2023-10-29T14:30:52","date_gmt":"2023-10-29T14:30:52","guid":{"rendered":"https:\/\/azurefilm.com\/product\/cr10-max-tapegyseg\/"},"modified":"2023-10-29T14:30:52","modified_gmt":"2023-10-29T14:30:52","slug":"cr10-max-tapegyseg","status":"publish","type":"product","link":"https:\/\/azurefilm.com\/hu\/termek\/cr10-max-tapegyseg\/","title":{"rendered":"CR10 MAX t\u00e1pegys\u00e9g"},"content":{"rendered":"<p>Eredeti Meanwell <strong>t\u00e1pegys\u00e9g a CR10 MAX-hez<\/strong> &#8211; 24V 750W.<\/p>\n<h2><strong>F\u0151bb jellemz\u0151k:<\/strong><\/h2>\n<ul>\n<li>A t\u00e1pegys\u00e9g meghib\u00e1sod\u00e1s eset\u00e9n k\u00f6nnyen cser\u00e9lhet\u0151 a 3D nyomtat\u00f3n. A Meanwell az egyik legismertebb gy\u00e1rt\u00f3ja a 3d nyomtat\u00f3khoz val\u00f3 t\u00e1pegys\u00e9geknek a vil\u00e1gon. Ezzel a t\u00e1pegys\u00e9ggel nem kell agg\u00f3dnia, hogy valami le\u00e9g, \u00e9s az sem fordul el\u0151 gyakran, hogy a 3D nyomtat\u00f3k t\u00e1pegys\u00e9gei le\u00e9gnek.  <\/li>\n<li>A csatlakoz\u00e1si fesz\u00fclts\u00e9g 230V<\/li>\n<li>Kimeneti fesz\u00fclts\u00e9g 24V<\/li>\n<li>T\u00e1pegys\u00e9g 750W<\/li>\n<li>Jelenlegi 31A<\/li>\n<\/ul>\n","protected":false},"excerpt":{"rendered":"<p>Eredeti Creality <strong>t\u00e1pegys\u00e9g CR10 MAX<\/strong> 3D <strong>nyomtat\u00f3hoz<\/strong>, 24V, 750W.<\/p>\n","protected":false},"featured_media":60511,"comment_status":"closed","ping_status":"closed","template":"","meta":{"_acf_changed":false},"product_brand":[],"product_cat":[1679,2224,2221],"product_tag":[],"brand":[],"class_list":{"0":"post-60510","1":"product","2":"type-product","3":"status-publish","4":"has-post-thumbnail","6":"product_cat-elado","7":"product_cat-minden-potalkatresz","8":"product_cat-potalkatreszek","10":"first","11":"instock","12":"sale","13":"taxable","14":"shipping-taxable","15":"purchasable","16":"product-type-simple"},"acf":[],"_links":{"self":[{"href":"https:\/\/azurefilm.com\/hu\/wp-json\/wp\/v2\/product\/60510","targetHints":{"allow":["GET"]}}],"collection":[{"href":"https:\/\/azurefilm.com\/hu\/wp-json\/wp\/v2\/product"}],"about":[{"href":"https:\/\/azurefilm.com\/hu\/wp-json\/wp\/v2\/types\/product"}],"replies":[{"embeddable":true,"href":"https:\/\/azurefilm.com\/hu\/wp-json\/wp\/v2\/comments?post=60510"}],"wp:featuredmedia":[{"embeddable":true,"href":"https:\/\/azurefilm.com\/hu\/wp-json\/wp\/v2\/media\/60511"}],"wp:attachment":[{"href":"https:\/\/azurefilm.com\/hu\/wp-json\/wp\/v2\/media?parent=60510"}],"wp:term":[{"taxonomy":"product_brand","embeddable":true,"href":"https:\/\/azurefilm.com\/hu\/wp-json\/wp\/v2\/product_brand?post=60510"},{"taxonomy":"product_cat","embeddable":true,"href":"https:\/\/azurefilm.com\/hu\/wp-json\/wp\/v2\/product_cat?post=60510"},{"taxonomy":"product_tag","embeddable":true,"href":"https:\/\/azurefilm.com\/hu\/wp-json\/wp\/v2\/product_tag?post=60510"},{"taxonomy":"brand","embeddable":true,"href":"https:\/\/azurefilm.com\/hu\/wp-json\/wp\/v2\/brand?post=60510"}],"curies":[{"name":"wp","href":"https:\/\/api.w.org\/{rel}","templated":true}]}}