
{"id":60523,"date":"2023-10-29T14:30:52","date_gmt":"2023-10-29T14:30:52","guid":{"rendered":"https:\/\/azurefilm.com\/product\/aluminium-hoblokk-mk10\/"},"modified":"2023-10-29T14:30:52","modified_gmt":"2023-10-29T14:30:52","slug":"aluminium-hoblokk-mk10","status":"publish","type":"product","link":"https:\/\/azurefilm.com\/hu\/termek\/aluminium-hoblokk-mk10\/","title":{"rendered":"Alum\u00ednium h\u0151blokk MK10"},"content":{"rendered":"<h2><b>F\u0151bb jellemz\u0151k:<\/b><\/h2>\n<ul>\n<li>Ez az alum\u00ednium f\u0171t\u0151blokk kiv\u00e1l\u00f3an alkalmas az MK10 extruder 3D nyomtat\u00f3 forr\u00f3 v\u00e9g\u00e9hez.<\/li>\n<li>M6-os menettel rendelkez\u0151 f\u00fav\u00f3k\u00e1t fogadjon el.<\/li>\n<li>Bels\u0151 furat a be\u00e1ll\u00edt\u00f3csavarhoz: M3\/M6.<\/li>\n<li>Teljes m\u00e9ret: 20x20x10mm.<\/li>\n<li>Kiv\u00e1l\u00f3 min\u0151s\u00e9g\u0171 alum\u00ednium\u00f6tv\u00f6zetb\u0151l k\u00e9sz\u00fclt a tart\u00f3ss\u00e1g \u00e9rdek\u00e9ben.<\/li>\n<\/ul>\n","protected":false},"excerpt":{"rendered":"<p><strong>Az MK10 alum\u00ednium h\u0151blokk<\/strong> kiv\u00e1l\u00f3an alkalmas az MK10 extruder 3D nyomtat\u00f3 forr\u00f3 v\u00e9g\u00e9hez, \u00e9s 20x20x10mm-es m\u00e9retekkel rendelkezik.<\/p>\n","protected":false},"featured_media":60524,"comment_status":"closed","ping_status":"closed","template":"","meta":{"_acf_changed":false},"product_brand":[],"product_cat":[1679,2376,2224,2221],"product_tag":[],"brand":[],"class_list":{"0":"post-60523","1":"product","2":"type-product","3":"status-publish","4":"has-post-thumbnail","6":"product_cat-elado","7":"product_cat-hotelekek","8":"product_cat-minden-potalkatresz","9":"product_cat-potalkatreszek","11":"first","12":"instock","13":"sale","14":"taxable","15":"shipping-taxable","16":"purchasable","17":"product-type-simple"},"acf":[],"_links":{"self":[{"href":"https:\/\/azurefilm.com\/hu\/wp-json\/wp\/v2\/product\/60523","targetHints":{"allow":["GET"]}}],"collection":[{"href":"https:\/\/azurefilm.com\/hu\/wp-json\/wp\/v2\/product"}],"about":[{"href":"https:\/\/azurefilm.com\/hu\/wp-json\/wp\/v2\/types\/product"}],"replies":[{"embeddable":true,"href":"https:\/\/azurefilm.com\/hu\/wp-json\/wp\/v2\/comments?post=60523"}],"wp:featuredmedia":[{"embeddable":true,"href":"https:\/\/azurefilm.com\/hu\/wp-json\/wp\/v2\/media\/60524"}],"wp:attachment":[{"href":"https:\/\/azurefilm.com\/hu\/wp-json\/wp\/v2\/media?parent=60523"}],"wp:term":[{"taxonomy":"product_brand","embeddable":true,"href":"https:\/\/azurefilm.com\/hu\/wp-json\/wp\/v2\/product_brand?post=60523"},{"taxonomy":"product_cat","embeddable":true,"href":"https:\/\/azurefilm.com\/hu\/wp-json\/wp\/v2\/product_cat?post=60523"},{"taxonomy":"product_tag","embeddable":true,"href":"https:\/\/azurefilm.com\/hu\/wp-json\/wp\/v2\/product_tag?post=60523"},{"taxonomy":"brand","embeddable":true,"href":"https:\/\/azurefilm.com\/hu\/wp-json\/wp\/v2\/brand?post=60523"}],"curies":[{"name":"wp","href":"https:\/\/api.w.org\/{rel}","templated":true}]}}