
{"id":60526,"date":"2023-10-29T14:30:52","date_gmt":"2023-10-29T14:30:52","guid":{"rendered":"https:\/\/azurefilm.com\/product\/flash-forge-creator-3-extrudor-erzekelo\/"},"modified":"2023-10-29T14:30:52","modified_gmt":"2023-10-29T14:30:52","slug":"flash-forge-creator-3-extrudor-erzekelo","status":"publish","type":"product","link":"https:\/\/azurefilm.com\/hu\/termek\/flash-forge-creator-3-extrudor-erzekelo\/","title":{"rendered":"Flash Forge Creator 3 Extrudor \u00e9rz\u00e9kel\u0151"},"content":{"rendered":"<h2><b>F\u0151bb jellemz\u0151k:<\/b><\/h2>\n<ul>\n<li>Alkalmas: Flashforge 3D Printer Creator 3.<\/li>\n<li>Flash Forge Creator 3 Extruder \u00e9rz\u00e9kel\u0151 egys\u00e9g automatikus \u00e1gykiegyenl\u00edt\u00e9shez.<\/li>\n<\/ul>\n","protected":false},"excerpt":{"rendered":"<p><strong>Flash Forge Creator 3 Extrudor \u00e9rz\u00e9kel\u0151<\/strong> a Flashforge Creator 3 3D nyomtat\u00f3hoz.<\/p>\n","protected":false},"featured_media":60528,"comment_status":"closed","ping_status":"closed","template":"","meta":{"_acf_changed":false},"product_brand":[],"product_cat":[1679,2224,2221],"product_tag":[],"brand":[],"class_list":{"0":"post-60526","1":"product","2":"type-product","3":"status-publish","4":"has-post-thumbnail","6":"product_cat-elado","7":"product_cat-minden-potalkatresz","8":"product_cat-potalkatreszek","10":"first","11":"instock","12":"sale","13":"taxable","14":"shipping-taxable","15":"purchasable","16":"product-type-simple"},"acf":[],"_links":{"self":[{"href":"https:\/\/azurefilm.com\/hu\/wp-json\/wp\/v2\/product\/60526","targetHints":{"allow":["GET"]}}],"collection":[{"href":"https:\/\/azurefilm.com\/hu\/wp-json\/wp\/v2\/product"}],"about":[{"href":"https:\/\/azurefilm.com\/hu\/wp-json\/wp\/v2\/types\/product"}],"replies":[{"embeddable":true,"href":"https:\/\/azurefilm.com\/hu\/wp-json\/wp\/v2\/comments?post=60526"}],"wp:featuredmedia":[{"embeddable":true,"href":"https:\/\/azurefilm.com\/hu\/wp-json\/wp\/v2\/media\/60528"}],"wp:attachment":[{"href":"https:\/\/azurefilm.com\/hu\/wp-json\/wp\/v2\/media?parent=60526"}],"wp:term":[{"taxonomy":"product_brand","embeddable":true,"href":"https:\/\/azurefilm.com\/hu\/wp-json\/wp\/v2\/product_brand?post=60526"},{"taxonomy":"product_cat","embeddable":true,"href":"https:\/\/azurefilm.com\/hu\/wp-json\/wp\/v2\/product_cat?post=60526"},{"taxonomy":"product_tag","embeddable":true,"href":"https:\/\/azurefilm.com\/hu\/wp-json\/wp\/v2\/product_tag?post=60526"},{"taxonomy":"brand","embeddable":true,"href":"https:\/\/azurefilm.com\/hu\/wp-json\/wp\/v2\/brand?post=60526"}],"curies":[{"name":"wp","href":"https:\/\/api.w.org\/{rel}","templated":true}]}}