
{"id":60530,"date":"2023-10-29T14:31:41","date_gmt":"2023-10-29T14:31:41","guid":{"rendered":"https:\/\/azurefilm.com\/product\/fekete-kapcsok-4-vagy-10-csomag\/"},"modified":"2023-10-29T14:31:41","modified_gmt":"2023-10-29T14:31:41","slug":"fekete-kapcsok-4-vagy-10-csomag","status":"publish","type":"product","link":"https:\/\/azurefilm.com\/hu\/termek\/fekete-kapcsok-4-vagy-10-csomag\/","title":{"rendered":"Fekete kapcsok (4 vagy 10 csomag)"},"content":{"rendered":"<h2><strong>F\u0151bb jellemz\u0151k:<\/strong><\/h2>\n<p>Fekete klipszek az \u00fcvegplatform 3D nyomtat\u00f3hoz val\u00f3 r\u00f6gz\u00edt\u00e9s\u00e9hez.<\/p>\n<ul>\n<li>Fekete klipszek 22mm 10 db<\/li>\n<li>Fekete klipszek 31mm 10 db<\/li>\n<li>Fekete kapcsok 38mm 10 db<\/li>\n<li>Fekete kapcsok 50mm 10 db<\/li>\n<li>Fekete kapcsok 63mm 4 db<\/li>\n<\/ul>\n","protected":false},"excerpt":{"rendered":"<p><strong>Fekete klipszek<\/strong> az \u00fcvegplatform 3D nyomtat\u00f3hoz val\u00f3 r\u00f6gz\u00edt\u00e9s\u00e9hez.<\/p>\n","protected":false},"featured_media":60532,"comment_status":"closed","ping_status":"closed","template":"","meta":{"_acf_changed":false},"product_brand":[],"product_cat":[2238,1679,2224,2221],"product_tag":[],"brand":[],"class_list":{"0":"post-60530","1":"product","2":"type-product","3":"status-publish","4":"has-post-thumbnail","6":"product_cat-egyeb-tetelek","7":"product_cat-elado","8":"product_cat-minden-potalkatresz","9":"product_cat-potalkatreszek","11":"first","12":"instock","13":"sale","14":"taxable","15":"shipping-taxable","16":"purchasable","17":"product-type-variable"},"acf":[],"_links":{"self":[{"href":"https:\/\/azurefilm.com\/hu\/wp-json\/wp\/v2\/product\/60530","targetHints":{"allow":["GET"]}}],"collection":[{"href":"https:\/\/azurefilm.com\/hu\/wp-json\/wp\/v2\/product"}],"about":[{"href":"https:\/\/azurefilm.com\/hu\/wp-json\/wp\/v2\/types\/product"}],"replies":[{"embeddable":true,"href":"https:\/\/azurefilm.com\/hu\/wp-json\/wp\/v2\/comments?post=60530"}],"wp:featuredmedia":[{"embeddable":true,"href":"https:\/\/azurefilm.com\/hu\/wp-json\/wp\/v2\/media\/60532"}],"wp:attachment":[{"href":"https:\/\/azurefilm.com\/hu\/wp-json\/wp\/v2\/media?parent=60530"}],"wp:term":[{"taxonomy":"product_brand","embeddable":true,"href":"https:\/\/azurefilm.com\/hu\/wp-json\/wp\/v2\/product_brand?post=60530"},{"taxonomy":"product_cat","embeddable":true,"href":"https:\/\/azurefilm.com\/hu\/wp-json\/wp\/v2\/product_cat?post=60530"},{"taxonomy":"product_tag","embeddable":true,"href":"https:\/\/azurefilm.com\/hu\/wp-json\/wp\/v2\/product_tag?post=60530"},{"taxonomy":"brand","embeddable":true,"href":"https:\/\/azurefilm.com\/hu\/wp-json\/wp\/v2\/brand?post=60530"}],"curies":[{"name":"wp","href":"https:\/\/api.w.org\/{rel}","templated":true}]}}