
{"id":60543,"date":"2023-10-29T14:31:41","date_gmt":"2023-10-29T14:31:41","guid":{"rendered":"https:\/\/azurefilm.com\/product\/creality-cr-200b-csendes-alaplap\/"},"modified":"2023-10-29T14:31:41","modified_gmt":"2023-10-29T14:31:41","slug":"creality-cr-200b-csendes-alaplap","status":"publish","type":"product","link":"https:\/\/azurefilm.com\/hu\/termek\/creality-cr-200b-csendes-alaplap\/","title":{"rendered":"Creality CR-200B csendes alaplap"},"content":{"rendered":"<h4>Creality CR-200B csendes alaplap<\/h4>\n<h3><strong>F\u0151bb jellemz\u0151k:<\/strong><\/h3>\n<ul>\n<li><strong>Csendes m\u0171k\u00f6d\u00e9s:<\/strong> Jelent\u0151sen cs\u00f6kkenti a nyomtat\u00e1si zajt a csendesebb k\u00f6rnyezet \u00e9rdek\u00e9ben.<\/li>\n<li><strong>Fejlett l\u00e9ptet\u0151motor-technol\u00f3gia:<\/strong> Olyan technol\u00f3gi\u00e1kat haszn\u00e1l, mint a StealthChop vagy a SpreadCycle a sim\u00e1bb, kev\u00e9sb\u00e9 zajos motorvez\u00e9rl\u00e9s \u00e9rdek\u00e9ben.<\/li>\n<li><strong>Fokozott precizit\u00e1s:<\/strong> Finomabb vez\u00e9rl\u00e9st biztos\u00edt a motoros mozg\u00e1sok felett, jav\u00edtva a nyomtat\u00e1s min\u0151s\u00e9g\u00e9t.<\/li>\n<li><strong>R\u00e1zk\u00f3d\u00e1scs\u00f6kkent\u00e9s:<\/strong> Minim\u00e1lisra cs\u00f6kkenti a nyomtat\u00e1s k\u00f6zbeni rezg\u00e9seket, n\u00f6velve az \u00e1ltal\u00e1nos stabilit\u00e1st.<\/li>\n<li><strong>Termikus elszabadul\u00e1s elleni v\u00e9delem:<\/strong> Tartalmaz biztons\u00e1gi funkci\u00f3kat az alkatr\u00e9szek t\u00falmeleged\u00e9s\u00e9nek megakad\u00e1lyoz\u00e1s\u00e1ra.<\/li>\n<li><strong>Hat\u00e9kony energiagazd\u00e1lkod\u00e1s:<\/strong> Optimaliz\u00e1lja az energiafelhaszn\u00e1l\u00e1st az energiahat\u00e9konys\u00e1g \u00e9s a k\u00f6lts\u00e9gmegtakar\u00edt\u00e1s \u00e9rdek\u00e9ben.<\/li>\n<\/ul>\n<p><iframe loading=\"lazy\" title=\"Service tutorial CR 200B replace switch\uff0csocket extrusion kit\uff0cmainboard\uff0cpower source\" width=\"1020\" height=\"574\" src=\"https:\/\/www.youtube.com\/embed\/t9EFMdf969E?feature=oembed\" frameborder=\"0\" allow=\"accelerometer; autoplay; clipboard-write; encrypted-media; gyroscope; picture-in-picture; web-share\" referrerpolicy=\"strict-origin-when-cross-origin\" allowfullscreen><\/iframe><\/p>\n","protected":false},"excerpt":{"rendered":"<p><strong>Creality CR-200B csendes alaplap<\/strong> a Creality CR-200B-hez.<\/p>\n","protected":false},"featured_media":60544,"comment_status":"closed","ping_status":"closed","template":"","meta":{"_acf_changed":false},"product_brand":[],"product_cat":[1679,2275,2224,2221],"product_tag":[],"brand":[],"class_list":{"0":"post-60543","1":"product","2":"type-product","3":"status-publish","4":"has-post-thumbnail","6":"product_cat-elado","7":"product_cat-mainboards-hu","8":"product_cat-minden-potalkatresz","9":"product_cat-potalkatreszek","11":"first","12":"instock","13":"sale","14":"taxable","15":"shipping-taxable","16":"purchasable","17":"product-type-simple"},"acf":[],"_links":{"self":[{"href":"https:\/\/azurefilm.com\/hu\/wp-json\/wp\/v2\/product\/60543","targetHints":{"allow":["GET"]}}],"collection":[{"href":"https:\/\/azurefilm.com\/hu\/wp-json\/wp\/v2\/product"}],"about":[{"href":"https:\/\/azurefilm.com\/hu\/wp-json\/wp\/v2\/types\/product"}],"replies":[{"embeddable":true,"href":"https:\/\/azurefilm.com\/hu\/wp-json\/wp\/v2\/comments?post=60543"}],"wp:featuredmedia":[{"embeddable":true,"href":"https:\/\/azurefilm.com\/hu\/wp-json\/wp\/v2\/media\/60544"}],"wp:attachment":[{"href":"https:\/\/azurefilm.com\/hu\/wp-json\/wp\/v2\/media?parent=60543"}],"wp:term":[{"taxonomy":"product_brand","embeddable":true,"href":"https:\/\/azurefilm.com\/hu\/wp-json\/wp\/v2\/product_brand?post=60543"},{"taxonomy":"product_cat","embeddable":true,"href":"https:\/\/azurefilm.com\/hu\/wp-json\/wp\/v2\/product_cat?post=60543"},{"taxonomy":"product_tag","embeddable":true,"href":"https:\/\/azurefilm.com\/hu\/wp-json\/wp\/v2\/product_tag?post=60543"},{"taxonomy":"brand","embeddable":true,"href":"https:\/\/azurefilm.com\/hu\/wp-json\/wp\/v2\/brand?post=60543"}],"curies":[{"name":"wp","href":"https:\/\/api.w.org\/{rel}","templated":true}]}}