
{"id":60553,"date":"2023-10-29T14:31:41","date_gmt":"2023-10-29T14:31:41","guid":{"rendered":"https:\/\/azurefilm.com\/product\/muanyag-fogantyuval-ellatott-bilincs\/"},"modified":"2023-10-29T14:31:41","modified_gmt":"2023-10-29T14:31:41","slug":"muanyag-fogantyuval-ellatott-bilincs","status":"publish","type":"product","link":"https:\/\/azurefilm.com\/hu\/termek\/muanyag-fogantyuval-ellatott-bilincs\/","title":{"rendered":"M\u0171anyag foganty\u00faval ell\u00e1tott bilincs"},"content":{"rendered":"<h2><strong>F\u0151bb jellemz\u0151k:<\/strong><\/h2>\n<ul>\n<li>25mm<\/li>\n<li>Kulcsos t\u00edpus\u00fa t\u00f6ml\u0151bilincsek markolattal.<\/li>\n<li>A t\u00f6ml\u0151bilincs foganty\u00faval van ell\u00e1tva. K\u00f6nnyen haszn\u00e1lhat\u00f3 \u00e9s felszerelhet\u0151, korr\u00f3zi\u00f3\u00e1ll\u00f3. <\/li>\n<li>A rozsdamentes ac\u00e9l j\u00f3 min\u0151s\u00e9ge.<\/li>\n<li>\u00dczemanyag-, v\u00e1kuum- \u00e9s l\u00e9gt\u00f6ml\u0151kh\u00f6z vagy cs\u00f6vek k\u00f6r\u00fcli t\u00f6ml\u0151k r\u00f6gz\u00edt\u00e9s\u00e9hez haszn\u00e1lhat\u00f3.<\/li>\n<li>A belseje sima \u00e9s nem harap a t\u00f6ml\u0151be.<\/li>\n<li>\u00c1ll\u00edthat\u00f3, ellen\u00e1ll a csavarod\u00e1snak \u00e9s tart\u00f3s.<\/li>\n<li>Anyag: Rozsdamentes ac\u00e9l + m\u0171anyag foganty\u00fa.<\/li>\n<\/ul>\n","protected":false},"excerpt":{"rendered":"<p><strong>M\u0171anyag foganty\u00faval ell\u00e1tott bilincs<\/strong>, amely k\u00f6nnyen haszn\u00e1lhat\u00f3 \u00e9s telep\u00edthet\u0151, valamint korr\u00f3zi\u00f3\u00e1ll\u00f3.<\/p>\n","protected":false},"featured_media":60559,"comment_status":"closed","ping_status":"closed","template":"","meta":{"_acf_changed":false},"product_brand":[],"product_cat":[2238,1679,2224,2221],"product_tag":[],"brand":[],"class_list":{"0":"post-60553","1":"product","2":"type-product","3":"status-publish","4":"has-post-thumbnail","6":"product_cat-egyeb-tetelek","7":"product_cat-elado","8":"product_cat-minden-potalkatresz","9":"product_cat-potalkatreszek","11":"first","12":"instock","13":"sale","14":"taxable","15":"shipping-taxable","16":"purchasable","17":"product-type-simple"},"acf":[],"_links":{"self":[{"href":"https:\/\/azurefilm.com\/hu\/wp-json\/wp\/v2\/product\/60553","targetHints":{"allow":["GET"]}}],"collection":[{"href":"https:\/\/azurefilm.com\/hu\/wp-json\/wp\/v2\/product"}],"about":[{"href":"https:\/\/azurefilm.com\/hu\/wp-json\/wp\/v2\/types\/product"}],"replies":[{"embeddable":true,"href":"https:\/\/azurefilm.com\/hu\/wp-json\/wp\/v2\/comments?post=60553"}],"wp:featuredmedia":[{"embeddable":true,"href":"https:\/\/azurefilm.com\/hu\/wp-json\/wp\/v2\/media\/60559"}],"wp:attachment":[{"href":"https:\/\/azurefilm.com\/hu\/wp-json\/wp\/v2\/media?parent=60553"}],"wp:term":[{"taxonomy":"product_brand","embeddable":true,"href":"https:\/\/azurefilm.com\/hu\/wp-json\/wp\/v2\/product_brand?post=60553"},{"taxonomy":"product_cat","embeddable":true,"href":"https:\/\/azurefilm.com\/hu\/wp-json\/wp\/v2\/product_cat?post=60553"},{"taxonomy":"product_tag","embeddable":true,"href":"https:\/\/azurefilm.com\/hu\/wp-json\/wp\/v2\/product_tag?post=60553"},{"taxonomy":"brand","embeddable":true,"href":"https:\/\/azurefilm.com\/hu\/wp-json\/wp\/v2\/brand?post=60553"}],"curies":[{"name":"wp","href":"https:\/\/api.w.org\/{rel}","templated":true}]}}