
{"id":60562,"date":"2023-10-29T14:32:52","date_gmt":"2023-10-29T14:32:52","guid":{"rendered":"https:\/\/azurefilm.com\/product\/creality-futoblokk\/"},"modified":"2023-10-29T14:32:52","modified_gmt":"2023-10-29T14:32:52","slug":"creality-futoblokk","status":"publish","type":"product","link":"https:\/\/azurefilm.com\/hu\/termek\/creality-futoblokk\/","title":{"rendered":"Creality f\u0171t\u0151blokk"},"content":{"rendered":"<h2><b>F\u0151bb jellemz\u0151k:<\/b><\/h2>\n<ul>\n<li>Alkalmas az Ender 3 \u00e9s CR10-S modellekhez<\/li>\n<li>Anyag: alum\u00ednium<\/li>\n<li>Van r\u00f6gz\u00edt\u0151furat<\/li>\n<li>M\u00e9retek: 20 x 20 x 10 mm<\/li>\n<li>S\u00faly: 4 g<\/li>\n<\/ul>\n","protected":false},"excerpt":{"rendered":"<p><strong>Creality f\u0171t\u0151blokk<\/strong> Ender 3 \u00e9s CR10-S 3D nyomtat\u00f3khoz.<\/p>\n","protected":false},"featured_media":60565,"comment_status":"closed","ping_status":"closed","template":"","meta":{"_acf_changed":false},"product_brand":[],"product_cat":[2376,2224,2221],"product_tag":[],"brand":[],"class_list":{"0":"post-60562","1":"product","2":"type-product","3":"status-publish","4":"has-post-thumbnail","6":"product_cat-hotelekek","7":"product_cat-minden-potalkatresz","8":"product_cat-potalkatreszek","10":"first","11":"outofstock","12":"taxable","13":"shipping-taxable","14":"purchasable","15":"product-type-simple"},"acf":[],"_links":{"self":[{"href":"https:\/\/azurefilm.com\/hu\/wp-json\/wp\/v2\/product\/60562","targetHints":{"allow":["GET"]}}],"collection":[{"href":"https:\/\/azurefilm.com\/hu\/wp-json\/wp\/v2\/product"}],"about":[{"href":"https:\/\/azurefilm.com\/hu\/wp-json\/wp\/v2\/types\/product"}],"replies":[{"embeddable":true,"href":"https:\/\/azurefilm.com\/hu\/wp-json\/wp\/v2\/comments?post=60562"}],"wp:featuredmedia":[{"embeddable":true,"href":"https:\/\/azurefilm.com\/hu\/wp-json\/wp\/v2\/media\/60565"}],"wp:attachment":[{"href":"https:\/\/azurefilm.com\/hu\/wp-json\/wp\/v2\/media?parent=60562"}],"wp:term":[{"taxonomy":"product_brand","embeddable":true,"href":"https:\/\/azurefilm.com\/hu\/wp-json\/wp\/v2\/product_brand?post=60562"},{"taxonomy":"product_cat","embeddable":true,"href":"https:\/\/azurefilm.com\/hu\/wp-json\/wp\/v2\/product_cat?post=60562"},{"taxonomy":"product_tag","embeddable":true,"href":"https:\/\/azurefilm.com\/hu\/wp-json\/wp\/v2\/product_tag?post=60562"},{"taxonomy":"brand","embeddable":true,"href":"https:\/\/azurefilm.com\/hu\/wp-json\/wp\/v2\/brand?post=60562"}],"curies":[{"name":"wp","href":"https:\/\/api.w.org\/{rel}","templated":true}]}}