
{"id":60570,"date":"2023-10-29T14:32:52","date_gmt":"2023-10-29T14:32:52","guid":{"rendered":"https:\/\/azurefilm.com\/product\/creality-hutoborda-2\/"},"modified":"2023-10-29T14:32:52","modified_gmt":"2023-10-29T14:32:52","slug":"creality-hutoborda-2","status":"publish","type":"product","link":"https:\/\/azurefilm.com\/hu\/termek\/creality-hutoborda-2\/","title":{"rendered":"Creality h\u0171t\u0151borda"},"content":{"rendered":"<h2><strong>F\u0151bb jellemz\u0151k:<\/strong><\/h2>\n<ul>\n<li>Ez az eredeti Creality h\u0171t\u0151borda kompatibilis a CR-10 sorozat\u00fa 3D nyomtat\u00f3val \u00e9s az Ender-3 nyomtat\u00f3val.<\/li>\n<li>Massz\u00edv alum\u00ednium anyag a tart\u00f3s haszn\u00e1lat \u00e9rdek\u00e9ben.<\/li>\n<li>K\u00f6nny\u0171 s\u00faly, nagy h\u0151elvezet\u00e9si teljes\u00edtm\u00e9ny.<\/li>\n<li>Oldals\u00f3 z\u00e1r\u00f3csavaros lyuk, kis m\u00e9ret \u00e9s k\u00f6nny\u0171 bark\u00e1csol\u00e1s, t\u00f6k\u00e9letes a 3D nyomtat\u00f3hoz.<\/li>\n<\/ul>\n<h2><strong>Specifik\u00e1ci\u00f3k:<\/strong><\/h2>\n<ul>\n<li>Kompatibilit\u00e1s: CR-10 sorozat<\/li>\n<li>Term\u00e9k m\u00e9rete: 27 x 20 x 12mm<\/li>\n<li>T\u00e9tel s\u00falya: 7.8g<\/li>\n<\/ul>\n<h2><strong>Alkalmas:<\/strong><\/h2>\n<ul>\n<li>CR10S<\/li>\n<li>CR10 S5<\/li>\n<li>Ender 3<\/li>\n<li>Ender 3 Pro<\/li>\n<li>Ender 3 V2<\/li>\n<li>Ender 5<\/li>\n<li>Ender 5 Pro<\/li>\n<li>Ender 5 Plus<\/li>\n<li>Ender 6<\/li>\n<\/ul>\n","protected":false},"excerpt":{"rendered":"<p>Ez az eredeti <strong>Creality h\u0171t\u0151borda<\/strong> kompatibilis a CR-10 sorozat\u00fa \u00e9s az Ender 3 3D nyomtat\u00f3kkal.<\/p>\n","protected":false},"featured_media":60572,"comment_status":"closed","ping_status":"closed","template":"","meta":{"_acf_changed":false},"product_brand":[],"product_cat":[1679,2232,2222,2224,2221],"product_tag":[],"brand":[],"class_list":{"0":"post-60570","1":"product","2":"type-product","3":"status-publish","4":"has-post-thumbnail","6":"product_cat-elado","7":"product_cat-extruder-alkatreszek","8":"product_cat-extruders-hu","9":"product_cat-minden-potalkatresz","10":"product_cat-potalkatreszek","11":"pa_compatible-with-creality-fdm-3d-printers","12":"pa_fits-printer-creality-cr-10","13":"pa_fits-printer-creality-ender-3","15":"first","16":"instock","17":"sale","18":"taxable","19":"shipping-taxable","20":"purchasable","21":"product-type-simple"},"acf":[],"_links":{"self":[{"href":"https:\/\/azurefilm.com\/hu\/wp-json\/wp\/v2\/product\/60570","targetHints":{"allow":["GET"]}}],"collection":[{"href":"https:\/\/azurefilm.com\/hu\/wp-json\/wp\/v2\/product"}],"about":[{"href":"https:\/\/azurefilm.com\/hu\/wp-json\/wp\/v2\/types\/product"}],"replies":[{"embeddable":true,"href":"https:\/\/azurefilm.com\/hu\/wp-json\/wp\/v2\/comments?post=60570"}],"wp:featuredmedia":[{"embeddable":true,"href":"https:\/\/azurefilm.com\/hu\/wp-json\/wp\/v2\/media\/60572"}],"wp:attachment":[{"href":"https:\/\/azurefilm.com\/hu\/wp-json\/wp\/v2\/media?parent=60570"}],"wp:term":[{"taxonomy":"product_brand","embeddable":true,"href":"https:\/\/azurefilm.com\/hu\/wp-json\/wp\/v2\/product_brand?post=60570"},{"taxonomy":"product_cat","embeddable":true,"href":"https:\/\/azurefilm.com\/hu\/wp-json\/wp\/v2\/product_cat?post=60570"},{"taxonomy":"product_tag","embeddable":true,"href":"https:\/\/azurefilm.com\/hu\/wp-json\/wp\/v2\/product_tag?post=60570"},{"taxonomy":"brand","embeddable":true,"href":"https:\/\/azurefilm.com\/hu\/wp-json\/wp\/v2\/brand?post=60570"}],"curies":[{"name":"wp","href":"https:\/\/api.w.org\/{rel}","templated":true}]}}