
{"id":60601,"date":"2023-10-29T14:32:52","date_gmt":"2023-10-29T14:32:52","guid":{"rendered":"https:\/\/azurefilm.com\/product\/szalerzekelo-a-cr-10-smart-pro-hoz\/"},"modified":"2023-10-29T14:32:52","modified_gmt":"2023-10-29T14:32:52","slug":"szalerzekelo-a-cr-10-smart-pro-hoz","status":"publish","type":"product","link":"https:\/\/azurefilm.com\/hu\/termek\/szalerzekelo-a-cr-10-smart-pro-hoz\/","title":{"rendered":"Sz\u00e1l\u00e9rz\u00e9kel\u0151 a CR-10 Smart Pro-hoz"},"content":{"rendered":"<h2><b>F\u0151bb jellemz\u0151k:<\/b><\/h2>\n<ul>\n<li>Az \u00e9rz\u00e9kel\u0151 alkalmas a CR-10 Smart Pro<\/li>\n<li>J\u00f3 szerkezet, egyszer\u0171en telep\u00edthet\u0151, gyors \u00e9s k\u00e9nyelmes<\/li>\n<li>Kiv\u00e1l\u00f3 min\u0151s\u00e9g\u0171 m\u0171anyagb\u00f3l k\u00e9sz\u00fclt<\/li>\n<li>Tart\u00f3s \u00e9s hossz\u00fa \u00e9lettartam\u00fa<\/li>\n<li>Nagyszer\u0171 kieg\u00e9sz\u00edt\u0151k a 3D nyomtat\u00f3hoz<\/li>\n<li>Anyag: M\u0171anyag<\/li>\n<\/ul>\n","protected":false},"excerpt":{"rendered":"<p><strong>Sz\u00e1l\u00e9rz\u00e9kel\u0151 a CR-10 Smart Pro-hoz <\/strong>, j\u00f3 szerkezettel, egyszer\u0171en telep\u00edthet\u0151, gyors \u00e9s k\u00e9nyelmes.<\/p>\n","protected":false},"featured_media":60607,"comment_status":"closed","ping_status":"closed","template":"","meta":{"_acf_changed":false},"product_brand":[],"product_cat":[1679,2224,2221],"product_tag":[],"brand":[],"class_list":{"0":"post-60601","1":"product","2":"type-product","3":"status-publish","4":"has-post-thumbnail","6":"product_cat-elado","7":"product_cat-minden-potalkatresz","8":"product_cat-potalkatreszek","10":"first","11":"instock","12":"sale","13":"taxable","14":"shipping-taxable","15":"purchasable","16":"product-type-simple"},"acf":[],"_links":{"self":[{"href":"https:\/\/azurefilm.com\/hu\/wp-json\/wp\/v2\/product\/60601","targetHints":{"allow":["GET"]}}],"collection":[{"href":"https:\/\/azurefilm.com\/hu\/wp-json\/wp\/v2\/product"}],"about":[{"href":"https:\/\/azurefilm.com\/hu\/wp-json\/wp\/v2\/types\/product"}],"replies":[{"embeddable":true,"href":"https:\/\/azurefilm.com\/hu\/wp-json\/wp\/v2\/comments?post=60601"}],"wp:featuredmedia":[{"embeddable":true,"href":"https:\/\/azurefilm.com\/hu\/wp-json\/wp\/v2\/media\/60607"}],"wp:attachment":[{"href":"https:\/\/azurefilm.com\/hu\/wp-json\/wp\/v2\/media?parent=60601"}],"wp:term":[{"taxonomy":"product_brand","embeddable":true,"href":"https:\/\/azurefilm.com\/hu\/wp-json\/wp\/v2\/product_brand?post=60601"},{"taxonomy":"product_cat","embeddable":true,"href":"https:\/\/azurefilm.com\/hu\/wp-json\/wp\/v2\/product_cat?post=60601"},{"taxonomy":"product_tag","embeddable":true,"href":"https:\/\/azurefilm.com\/hu\/wp-json\/wp\/v2\/product_tag?post=60601"},{"taxonomy":"brand","embeddable":true,"href":"https:\/\/azurefilm.com\/hu\/wp-json\/wp\/v2\/brand?post=60601"}],"curies":[{"name":"wp","href":"https:\/\/api.w.org\/{rel}","templated":true}]}}