
{"id":60618,"date":"2023-10-29T14:33:26","date_gmt":"2023-10-29T14:33:26","guid":{"rendered":"https:\/\/azurefilm.com\/product\/erintokepernyo-keszlet-a-creality-halot-sky-hoz\/"},"modified":"2023-10-29T14:33:26","modified_gmt":"2023-10-29T14:33:26","slug":"erintokepernyo-keszlet-a-creality-halot-sky-hoz","status":"publish","type":"product","link":"https:\/\/azurefilm.com\/hu\/termek\/erintokepernyo-keszlet-a-creality-halot-sky-hoz\/","title":{"rendered":"\u00c9rint\u0151k\u00e9perny\u0151 k\u00e9szlet a Creality HALOT-SKY-hoz"},"content":{"rendered":"<p>\u00c9rint\u0151k\u00e9perny\u0151 k\u00e9szlet a Creality HALOT-SKY-hoz.<\/p>\n","protected":false},"excerpt":{"rendered":"<p>\u00c9rint\u0151k\u00e9perny\u0151 k\u00e9szlet a Creality HALOT-SKY-hoz.<\/p>\n","protected":false},"featured_media":60622,"comment_status":"closed","ping_status":"closed","template":"","meta":{"_acf_changed":false},"product_brand":[],"product_cat":[1679,2224,2221],"product_tag":[],"brand":[],"class_list":{"0":"post-60618","1":"product","2":"type-product","3":"status-publish","4":"has-post-thumbnail","6":"product_cat-elado","7":"product_cat-minden-potalkatresz","8":"product_cat-potalkatreszek","10":"first","11":"instock","12":"sale","13":"taxable","14":"shipping-taxable","15":"purchasable","16":"product-type-simple"},"acf":[],"_links":{"self":[{"href":"https:\/\/azurefilm.com\/hu\/wp-json\/wp\/v2\/product\/60618","targetHints":{"allow":["GET"]}}],"collection":[{"href":"https:\/\/azurefilm.com\/hu\/wp-json\/wp\/v2\/product"}],"about":[{"href":"https:\/\/azurefilm.com\/hu\/wp-json\/wp\/v2\/types\/product"}],"replies":[{"embeddable":true,"href":"https:\/\/azurefilm.com\/hu\/wp-json\/wp\/v2\/comments?post=60618"}],"wp:featuredmedia":[{"embeddable":true,"href":"https:\/\/azurefilm.com\/hu\/wp-json\/wp\/v2\/media\/60622"}],"wp:attachment":[{"href":"https:\/\/azurefilm.com\/hu\/wp-json\/wp\/v2\/media?parent=60618"}],"wp:term":[{"taxonomy":"product_brand","embeddable":true,"href":"https:\/\/azurefilm.com\/hu\/wp-json\/wp\/v2\/product_brand?post=60618"},{"taxonomy":"product_cat","embeddable":true,"href":"https:\/\/azurefilm.com\/hu\/wp-json\/wp\/v2\/product_cat?post=60618"},{"taxonomy":"product_tag","embeddable":true,"href":"https:\/\/azurefilm.com\/hu\/wp-json\/wp\/v2\/product_tag?post=60618"},{"taxonomy":"brand","embeddable":true,"href":"https:\/\/azurefilm.com\/hu\/wp-json\/wp\/v2\/brand?post=60618"}],"curies":[{"name":"wp","href":"https:\/\/api.w.org\/{rel}","templated":true}]}}