
{"id":60629,"date":"2023-10-29T14:34:12","date_gmt":"2023-10-29T14:34:12","guid":{"rendered":"https:\/\/azurefilm.com\/product\/fuvoka-e3d-v5-v6-m6-10-csomag\/"},"modified":"2023-10-29T14:34:12","modified_gmt":"2023-10-29T14:34:12","slug":"fuvoka-e3d-v5-v6-m6-10-csomag","status":"publish","type":"product","link":"https:\/\/azurefilm.com\/hu\/termek\/fuvoka-e3d-v5-v6-m6-10-csomag\/","title":{"rendered":"F\u00fav\u00f3ka E3D V5-V6 M6 (10 csomag)"},"content":{"rendered":"<h4>F\u00fav\u00f3ka E3D V5-V6 M6 (10 csomag)<\/h4>\n<h3><b>F\u0151bb jellemz\u0151k:<\/b><\/h3>\n<ul>\n<li><strong>Sokoldal\u00fa sz\u00e1lkompatibilit\u00e1s:<\/strong> Az E3D V5-V6 M6 f\u00fav\u00f3ka 1,75 mm-es bemeneti \u00e1tm\u00e9r\u0151t t\u00e1mogat, \u00edgy a nyomtat\u00e1s optim\u00e1lis rugalmass\u00e1ga \u00e9rdek\u00e9ben t\u00f6bbf\u00e9le filamentt\u00edpust is befogad.<\/li>\n<li><strong>Prec\u00edzi\u00f3s kimeneti lehet\u0151s\u00e9gek:<\/strong> A 0,2 mm-t\u0151l 1,00 mm-ig terjed\u0151 kimeneti \u00e1tm\u00e9r\u0151vel a felhaszn\u00e1l\u00f3k kiv\u00e1laszthatj\u00e1k a t\u00f6k\u00e9letes f\u00fav\u00f3kam\u00e9retet a k\u00edv\u00e1nt r\u00e9szletess\u00e9g \u00e9s r\u00e9tegvastags\u00e1g el\u00e9r\u00e9s\u00e9hez a 3D nyomatokn\u00e1l.<\/li>\n<li><strong>Univerz\u00e1lis M6 menet:<\/strong> Az M6 menet sz\u00e9les k\u00f6r\u0171 kompatibilit\u00e1st biztos\u00edt, lehet\u0151v\u00e9 t\u00e9ve a z\u00f6kken\u0151mentes integr\u00e1ci\u00f3t a k\u00fcl\u00f6nb\u00f6z\u0151 3D nyomtat\u00f3kkal, kifejezetten az E3D V5 V6 modellekhez igaz\u00edtva.<\/li>\n<li><strong>Kiv\u00e1l\u00f3 min\u0151s\u00e9g\u0171 s\u00e1rgar\u00e9z konstrukci\u00f3:<\/strong> Ezek a f\u00fav\u00f3k\u00e1k nem csak tart\u00f3sak, hanem robusztus megold\u00e1st ny\u00fajtanak a hosszan tart\u00f3 3D nyomtat\u00e1si munkamenetekhez is, biztos\u00edtva a hossz\u00fa \u00e9lettartamot \u00e9s megb\u00edzhat\u00f3s\u00e1got.<\/li>\n<li><strong>Sz\u00e9les alkalmaz\u00e1si tartom\u00e1ny:<\/strong> Ezek a f\u00fav\u00f3k\u00e1k a 3D nyomtat\u00e1si alkalmaz\u00e1sok sz\u00e9les spektrum\u00e1hoz alkalmasak, kiel\u00e9g\u00edtve a hobbist\u00e1k \u00e9s a profik ig\u00e9nyeit egyar\u00e1nt.<\/li>\n<li><strong>Tart\u00f3ss\u00e1g \u00e9s ellen\u00e1ll\u00f3 k\u00e9pess\u00e9g:<\/strong> A f\u00fav\u00f3k\u00e1k kiv\u00e1l\u00f3 min\u0151s\u00e9g\u0171 s\u00e1rgar\u00e9zb\u0151l k\u00e9sz\u00fclt konstrukci\u00f3ja nemcsak szil\u00e1rds\u00e1got, hanem rugalmass\u00e1got is garant\u00e1l, \u00edgy k\u00e9pesek ellen\u00e1llni a k\u00fcl\u00f6nb\u00f6z\u0151, nagy \u00e9s bonyolult nyomtat\u00e1si projektek k\u00f6vetelm\u00e9nyeinek.<\/li>\n<\/ul>\n<p>\u00d6sszefoglalva, az E3D V5-V6 M6 f\u00fav\u00f3ka \u00e1tfog\u00f3 funkci\u00f3csomagot k\u00edn\u00e1l, \u00edgy n\u00e9lk\u00fcl\u00f6zhetetlen eszk\u00f6zz\u00e9 v\u00e1lik a 3D nyomtat\u00e1s szerelmesei sz\u00e1m\u00e1ra, akik precizit\u00e1st, alkalmazkod\u00f3k\u00e9pess\u00e9get \u00e9s tart\u00f3ss\u00e1got keresnek a nyomtat\u00e1si t\u00f6rekv\u00e9seik sor\u00e1n.<\/p>\n","protected":false},"excerpt":{"rendered":"<p><strong>Az E3D V5-V6 M6<\/strong> 3D nyomtat\u00f3 <strong>f\u00fav\u00f3k\u00e1k<\/strong> kiv\u00e1l\u00f3 min\u0151s\u00e9g\u0171 s\u00e1rgar\u00e9z anyagb\u00f3l k\u00e9sz\u00fclnek, strapab\u00edr\u00f3ak \u00e9s tart\u00f3sak.<\/p>\n<p>&nbsp;<\/p>\n","protected":false},"featured_media":55974,"comment_status":"closed","ping_status":"closed","template":"","meta":{"_acf_changed":false},"product_brand":[],"product_cat":[1679,2226,2224,2221,2227],"product_tag":[],"brand":[270],"class_list":{"0":"post-60629","1":"product","2":"type-product","3":"status-publish","4":"has-post-thumbnail","6":"product_cat-elado","7":"product_cat-fuvoszarnyak","8":"product_cat-minden-potalkatresz","9":"product_cat-potalkatreszek","10":"product_cat-rendszeres-fuvokak","11":"pa_nozzle-diameter-0-2mm","12":"pa_nozzle-diameter-0-3mm","13":"pa_nozzle-diameter-0-4mm","14":"pa_nozzle-diameter-0-5mm","15":"pa_nozzle-diameter-0-6mm","16":"pa_nozzle-diameter-0-8mm","17":"pa_nozzle-diameter-1-0mm","18":"brand-creality","20":"first","21":"instock","22":"sale","23":"taxable","24":"shipping-taxable","25":"purchasable","26":"product-type-variable"},"acf":[],"_links":{"self":[{"href":"https:\/\/azurefilm.com\/hu\/wp-json\/wp\/v2\/product\/60629","targetHints":{"allow":["GET"]}}],"collection":[{"href":"https:\/\/azurefilm.com\/hu\/wp-json\/wp\/v2\/product"}],"about":[{"href":"https:\/\/azurefilm.com\/hu\/wp-json\/wp\/v2\/types\/product"}],"replies":[{"embeddable":true,"href":"https:\/\/azurefilm.com\/hu\/wp-json\/wp\/v2\/comments?post=60629"}],"wp:featuredmedia":[{"embeddable":true,"href":"https:\/\/azurefilm.com\/hu\/wp-json\/wp\/v2\/media\/55974"}],"wp:attachment":[{"href":"https:\/\/azurefilm.com\/hu\/wp-json\/wp\/v2\/media?parent=60629"}],"wp:term":[{"taxonomy":"product_brand","embeddable":true,"href":"https:\/\/azurefilm.com\/hu\/wp-json\/wp\/v2\/product_brand?post=60629"},{"taxonomy":"product_cat","embeddable":true,"href":"https:\/\/azurefilm.com\/hu\/wp-json\/wp\/v2\/product_cat?post=60629"},{"taxonomy":"product_tag","embeddable":true,"href":"https:\/\/azurefilm.com\/hu\/wp-json\/wp\/v2\/product_tag?post=60629"},{"taxonomy":"brand","embeddable":true,"href":"https:\/\/azurefilm.com\/hu\/wp-json\/wp\/v2\/brand?post=60629"}],"curies":[{"name":"wp","href":"https:\/\/api.w.org\/{rel}","templated":true}]}}