
{"id":60637,"date":"2023-10-29T14:35:02","date_gmt":"2023-10-29T14:35:02","guid":{"rendered":"https:\/\/azurefilm.com\/product\/mix-pla-eredeti\/"},"modified":"2025-08-22T11:28:36","modified_gmt":"2025-08-22T11:28:36","slug":"mix-pla-eredeti","status":"publish","type":"product","link":"https:\/\/azurefilm.com\/hu\/termek\/mix-pla-eredeti\/","title":{"rendered":"Mix PLA Eredeti"},"content":{"rendered":"<h2><b>PLA Eredeti<\/b><\/h2>\n<p><span style=\"font-weight: 400;\">Bemutatjuk a PLA Original, a mi<\/span> <span style=\"font-weight: 400;\">filament term\u00e9kcsal\u00e1dunk, amely <\/span><b>megb\u00edzhat\u00f3 teljes\u00edtm\u00e9nyt<\/b><span style=\"font-weight: 400;\"> \u00e9s <\/span><b>sz\u00e9les sz\u00ednv\u00e1laszt\u00e9kot<\/b><span style=\"font-weight: 400;\"> lehet\u0151s\u00e9gek. Ez a kiad\u00e1s minden hagyom\u00e1nyos PLA tulajdons\u00e1ggal rendelkezik, \u00edgy a k\u00f6vetkez\u0151kkel rendelkezik <\/span><b>k\u00f6vetkezetes \u00e9s megb\u00edzhat\u00f3 eredm\u00e9nyek<\/b><span style=\"font-weight: 400;\">. PLA Original is <\/span><b>k\u00f6nnyen nyomtathat\u00f3<\/b><span style=\"font-weight: 400;\"> \u00e9s nagyszer\u0171 kezd\u0151knek. Ak\u00e1r dekor\u00e1ci\u00f3kon, protot\u00edpusokon vagy m\u00e1s modelleken dolgozik, a PLA Original a legjobb v\u00e1laszt\u00e1s a sikeres \u00e9s kiel\u00e9g\u00edt\u0151 nyomtat\u00e1si \u00e9lm\u00e9nyhez. <\/span><\/p>\n<h2><b>Mix PLA Eredeti<\/b><\/h2>\n<p><b>Hogyan k\u00e9sz\u00fclnek a Mix sz\u00e1lak?<\/b><span style=\"font-weight: 400;\"> A gy\u00e1rt\u00e1s sor\u00e1n a gy\u00e1rt\u00e1si folyamat le\u00e1ll\u00edt\u00e1sa n\u00e9lk\u00fcl v\u00e1ltunk \u00e1t a sz\u00ednek k\u00f6z\u00f6tt, hogy <\/span><b>id\u0151t, er\u0151forr\u00e1sokat \u00e9s energi\u00e1t takar\u00edtunk meg<\/b><span style=\"font-weight: 400;\">. Consequently, when we change the colour, there is a gradual transition in the filament string from one colour to another. Instead of throwing away the filament where transition happen, we decided to create the Mix filaments. <\/span><b>Elk\u00f6telezettek vagyunk a k\u00f6rnyezettudatoss\u00e1g \u00e9s a hullad\u00e9k minimaliz\u00e1l\u00e1sa mellett.<\/b><span style=\"font-weight: 400;\">.<\/span> <span style=\"font-weight: 400;\">A Mix PLA Original filament egy <\/span><b>k\u00fcl\u00f6nb\u00f6z\u0151 PLA sz\u00ednek kever\u00e9ke<\/b><span style=\"font-weight: 400;\"> k\u00edn\u00e1latunkb\u00f3l. <\/span><b>A Mix PLA Original sz\u00e1laink sz\u00ednei \u00e9s a sz\u00ednek sz\u00e1ma teljesen v\u00e9letlenszer\u0171ek, \u00e9s minden megrendel\u00e9ssel v\u00e1ltoznak. <\/b><span style=\"font-weight: 400;\">AzureFilm<\/span><\/p>\n<p><span style=\"font-weight: 400;\">A Mix PLA Original t\u00f6k\u00e9letes mindazok sz\u00e1m\u00e1ra, akiknek nincs sz\u00fcks\u00e9g\u00fck egy adott sz\u00edn\u0171 filamentre, vagy akik festeni fogj\u00e1k a v\u00e9gterm\u00e9ket. A term\u00e9k megv\u00e1s\u00e1rl\u00e1s\u00e1val \u00d6n beleegyezik, hogy egy \u00e1ltalunk kiv\u00e1lasztott v\u00e9letlenszer\u0171 ors\u00f3t kap. <\/span><\/p>\n<p><span style=\"font-weight: 400;\">Ha t\u00f6bbet szeretne megtudni a PLA sz\u00e1lakr\u00f3l, olvassa el a <\/span><strong><a href=\"https:\/\/azurefilm.com\/hu\/2023\/07\/04\/pla-szalak-minden-amit-tudnia-kell\/\">blogot.<\/a><\/strong><span style=\"font-weight: 400;\">. <\/span><\/p>\n<p><span style=\"font-weight: 400;\">Hozz\u00e1f\u00e9rhet a <\/span><b>M\u0171szaki adatlap<\/b><span style=\"font-weight: 400;\"><strong><a href=\"https:\/\/azurefilm.com\/hu\/technical-data-sheets\/\" target=\"_blank\" rel=\"noopener\"> itt<\/a><\/strong>.<\/span><\/p>\n<h3><strong>Nyomtat\u00e1si aj\u00e1nl\u00e1sok:<\/strong><\/h3>\n<ul>\n<li style=\"font-weight: 400;\" aria-level=\"1\"><span style=\"font-weight: 400;\">A legjobb eredm\u00e9ny \u00e9rdek\u00e9ben 200-230\u00b0C h\u0151m\u00e9rs\u00e9kleten nyomtasson.* <\/span><\/li>\n<li style=\"font-weight: 400;\" aria-level=\"1\"><span style=\"font-weight: 400;\">Nincs sz\u00fcks\u00e9g f\u0171t\u00f6tt \u00e1gyra, azonban javasoljuk, hogy a nyomtat\u00f3asztalt 50-60\u00b0C-ra meleg\u00edtse el\u0151.<\/span><\/li>\n<li style=\"font-weight: 400;\" aria-level=\"1\"><span style=\"font-weight: 400;\">Haszn\u00e1ljon \u00fcveg\u00e1gyat, PEI lapot, Kapton vagy k\u00e9k szalagot az \u00e9p\u00edt\u00e9si platformhoz 3Dlac spray-vel.<\/span><\/li>\n<\/ul>\n<p><i><span style=\"font-weight: 400;\">*A k\u00fcl\u00f6nb\u00f6z\u0151 nyomtat\u00f3k haszn\u00e1lata eset\u00e9n az ide\u00e1lis h\u0151m\u00e9rs\u00e9klet elt\u00e9r\u0151 lehet.<\/span><\/i><\/p>\n","protected":false},"excerpt":{"rendered":"<p>V\u00e1ltozatosabb\u00e1 teheti 3D nyomat\u00e1t a sz\u00ednes Mix PLA Original anyaggal.<\/p>\n","protected":false},"featured_media":60641,"comment_status":"closed","ping_status":"closed","template":"","meta":{"_acf_changed":false},"product_brand":[],"product_cat":[2210,1686,2285,1679,2398,1688,2594,1687],"product_tag":[2212,2286],"brand":[1682],"class_list":{"0":"post-60637","1":"product","2":"type-product","3":"status-publish","4":"has-post-thumbnail","6":"product_cat-pla-eredeti","7":"product_cat-3d-filmek","8":"product_cat-eco-filamentek","9":"product_cat-elado","10":"product_cat-keverjuk-ossze-a-szalakat","11":"product_cat-minden-film","12":"product_cat-mix-pla-eredeti","13":"product_cat-pla-szalak","14":"product_tag-oko-hu","15":"product_tag-veletlenszeru","16":"pa_colour-veletlenszeru","17":"pa_filament-diameter-1-75mm-hu","18":"pa_filament-diameter-2-85mm-hu","19":"pa_filament-weight-1000g-hu","20":"brand-azurefilm-hu","22":"first","23":"outofstock","24":"sale","25":"taxable","26":"shipping-taxable","27":"purchasable","28":"product-type-variable","29":"has-default-attributes"},"acf":[],"_links":{"self":[{"href":"https:\/\/azurefilm.com\/hu\/wp-json\/wp\/v2\/product\/60637","targetHints":{"allow":["GET"]}}],"collection":[{"href":"https:\/\/azurefilm.com\/hu\/wp-json\/wp\/v2\/product"}],"about":[{"href":"https:\/\/azurefilm.com\/hu\/wp-json\/wp\/v2\/types\/product"}],"replies":[{"embeddable":true,"href":"https:\/\/azurefilm.com\/hu\/wp-json\/wp\/v2\/comments?post=60637"}],"wp:featuredmedia":[{"embeddable":true,"href":"https:\/\/azurefilm.com\/hu\/wp-json\/wp\/v2\/media\/60641"}],"wp:attachment":[{"href":"https:\/\/azurefilm.com\/hu\/wp-json\/wp\/v2\/media?parent=60637"}],"wp:term":[{"taxonomy":"product_brand","embeddable":true,"href":"https:\/\/azurefilm.com\/hu\/wp-json\/wp\/v2\/product_brand?post=60637"},{"taxonomy":"product_cat","embeddable":true,"href":"https:\/\/azurefilm.com\/hu\/wp-json\/wp\/v2\/product_cat?post=60637"},{"taxonomy":"product_tag","embeddable":true,"href":"https:\/\/azurefilm.com\/hu\/wp-json\/wp\/v2\/product_tag?post=60637"},{"taxonomy":"brand","embeddable":true,"href":"https:\/\/azurefilm.com\/hu\/wp-json\/wp\/v2\/brand?post=60637"}],"curies":[{"name":"wp","href":"https:\/\/api.w.org\/{rel}","templated":true}]}}