
{"id":60648,"date":"2023-10-29T14:35:02","date_gmt":"2023-10-29T14:35:02","guid":{"rendered":"https:\/\/azurefilm.com\/product\/sprite-extruder-az-ender-3-s1-creality-szamara\/"},"modified":"2023-10-29T14:35:02","modified_gmt":"2023-10-29T14:35:02","slug":"sprite-extruder-az-ender-3-s1-creality-szamara","status":"publish","type":"product","link":"https:\/\/azurefilm.com\/hu\/termek\/sprite-extruder-az-ender-3-s1-creality-szamara\/","title":{"rendered":"Sprite Extruder az Ender 3 S1 Creality sz\u00e1m\u00e1ra"},"content":{"rendered":"<p>K\u00c1BELEK \u00c9S KEREKEK N\u00c9LK\u00dcL! Kis extruder, nagy teljes\u00edtm\u00e9ny A Sprite Extruder kis m\u00e9rete (mind\u00f6ssze 54 x 50 x 64,3 mm) \u00e9s 266 g-os s\u00falya ellen\u00e9re az extruder \u00e9s a hotend er\u0151teljes kombin\u00e1ci\u00f3ja, amely sz\u00e1mos praktikus funkci\u00f3t k\u00edn\u00e1l. K\u00f6zvetlen meghajt\u00e1s\u00fa \u00e9s bowdenes extrud\u00e1l\u00e1s a nagyobb filamentum-kompatibilit\u00e1s \u00e9rdek\u00e9ben Az extruder k\u00f6zvetlen meghajt\u00e1s\u00fa \u00e9s bowdenes filamentum adagol\u00e1ssal is alkalmazhat\u00f3, hogy mindk\u00e9t felhaszn\u00e1l\u00f3 nyomtat\u00e1si ig\u00e9nyeit kiel\u00e9g\u00edtse. A &#8220;norm\u00e1l&#8221; filamentek, p\u00e9ld\u00e1ul PLA vagy PET-G mellett a speci\u00e1lis anyagok, p\u00e9ld\u00e1ul a rugalmas filamentek is gond n\u00e9lk\u00fcl nyomtathat\u00f3k.<\/p>\n","protected":false},"excerpt":{"rendered":"<p>Extruder 3D nyomtat\u00f3hoz Ender 3 S1 Kicsi extruder, nagy kapacit\u00e1ssal<\/p>\n","protected":false},"featured_media":60649,"comment_status":"closed","ping_status":"closed","template":"","meta":{"_acf_changed":false},"product_brand":[],"product_cat":[1679,2173],"product_tag":[],"brand":[],"class_list":{"0":"post-60648","1":"product","2":"type-product","3":"status-publish","4":"has-post-thumbnail","6":"product_cat-elado","7":"product_cat-nincs-kategorizalva","9":"first","10":"outofstock","11":"sale","12":"taxable","13":"shipping-taxable","14":"purchasable","15":"product-type-simple"},"acf":[],"_links":{"self":[{"href":"https:\/\/azurefilm.com\/hu\/wp-json\/wp\/v2\/product\/60648","targetHints":{"allow":["GET"]}}],"collection":[{"href":"https:\/\/azurefilm.com\/hu\/wp-json\/wp\/v2\/product"}],"about":[{"href":"https:\/\/azurefilm.com\/hu\/wp-json\/wp\/v2\/types\/product"}],"replies":[{"embeddable":true,"href":"https:\/\/azurefilm.com\/hu\/wp-json\/wp\/v2\/comments?post=60648"}],"wp:featuredmedia":[{"embeddable":true,"href":"https:\/\/azurefilm.com\/hu\/wp-json\/wp\/v2\/media\/60649"}],"wp:attachment":[{"href":"https:\/\/azurefilm.com\/hu\/wp-json\/wp\/v2\/media?parent=60648"}],"wp:term":[{"taxonomy":"product_brand","embeddable":true,"href":"https:\/\/azurefilm.com\/hu\/wp-json\/wp\/v2\/product_brand?post=60648"},{"taxonomy":"product_cat","embeddable":true,"href":"https:\/\/azurefilm.com\/hu\/wp-json\/wp\/v2\/product_cat?post=60648"},{"taxonomy":"product_tag","embeddable":true,"href":"https:\/\/azurefilm.com\/hu\/wp-json\/wp\/v2\/product_tag?post=60648"},{"taxonomy":"brand","embeddable":true,"href":"https:\/\/azurefilm.com\/hu\/wp-json\/wp\/v2\/brand?post=60648"}],"curies":[{"name":"wp","href":"https:\/\/api.w.org\/{rel}","templated":true}]}}