
{"id":60672,"date":"2023-10-29T14:39:30","date_gmt":"2023-10-29T14:39:30","guid":{"rendered":"https:\/\/azurefilm.com\/product\/3d-toll\/"},"modified":"2025-04-11T08:54:59","modified_gmt":"2025-04-11T08:54:59","slug":"3d-toll","status":"publish","type":"product","link":"https:\/\/azurefilm.com\/hu\/termek\/3d-toll\/","title":{"rendered":"3D toll"},"content":{"rendered":"<h2><b>3D toll<\/b><\/h2>\n<p><span style=\"font-weight: 400;\">A 3D Pen lehet\u0151v\u00e9 teszi, hogy <\/span><b>h\u00e1romdimenzi\u00f3s t\u00e1rgyakat a leveg\u0151ben<\/b><span style=\"font-weight: 400;\">. This type of technology enables you to 3D print with a simple writing process.   <\/span><b>Ez\u00e1ltal t\u00f6k\u00e9letesen alkalmas k\u00fcl\u00f6nb\u00f6z\u0151 3D-s t\u00e1rgyak otthoni l\u00e9trehoz\u00e1s\u00e1ra.<\/b><span style=\"font-weight: 400;\">. 3D Pen is suitable for children, teenagers, architects or anyone who wants to make 3D drawings at a really low cost. Since it&#8217;s using the same technology as a 3D printer,    <\/span><b>standard PLA 1,75 mm-es sz\u00e1lakkal is haszn\u00e1lhat\u00f3.  <\/b><span style=\"font-weight: 400;\">Javasoljuk, hogy a 3D Pen alkot\u00e1saihoz 50 g-os filamentum mint\u00e1kat haszn\u00e1ljon.<\/span> <span style=\"font-weight: 400;\">A PLA sz\u00ednek sz\u00e9les v\u00e1laszt\u00e9k\u00e1t itt tal\u00e1lja.<\/span><\/p>\n<p><b>Fontos: <\/b><span style=\"font-weight: 400;\">Ha befejezte a toll haszn\u00e1lat\u00e1t, javasoljuk, hogy mindig h\u00fazza ki a marad\u00e9k filamentet a tollb\u00f3l, hogy megakad\u00e1lyozza annak kisz\u00e1rad\u00e1s\u00e1t, megkem\u00e9nyed\u00e9s\u00e9t vagy ak\u00e1r a f\u00fav\u00f3ka elt\u00f6m\u0151d\u00e9s\u00e9t.<\/span><\/p>\n","protected":false},"excerpt":{"rendered":"<p>T\u00e1g\u00edtsa l\u00e1t\u00f3k\u00f6r\u00e9t, \u00e9s pr\u00f3b\u00e1lja ki a 3D nyomtat\u00e1st sz\u00f3rakoztat\u00f3 \u00e9s egyszer\u0171 m\u00f3don a 3D tollunkkal. <b>Felel\u0151ss\u00e9gi nyilatkozat: <\/b><span style=\"font-weight: 400;\">V\u00e1laszthat a k\u00fcl\u00f6nb\u00f6z\u0151 3D Pen csatlakoz\u00e1si t\u00edpusok k\u00f6z\u00f6tt, ami befoly\u00e1solja a t\u00f6lt\u00e9si m\u00f3dszert (adapter vagy USB).<\/span><\/p>\n<ul>\n<li style=\"font-weight: 400;\" aria-level=\"1\"><b>Adapter t\u00edpusa:<\/b><span style=\"font-weight: 400;\">  Ez a v\u00e1ltozat egy adapterrel \u00e9rkezik. A t\u00f6lt\u00e9shez a k\u00e1belt k\u00f6zvetlen\u00fcl az aljzatba kell dugni. <\/span><\/li>\n<li style=\"font-weight: 400;\" aria-level=\"1\"><b>USB port t\u00edpusa:<\/b><span style=\"font-weight: 400;\">  Ez a v\u00e1ltozat USB-porttal rendelkezik. A t\u00f6lt\u00e9shez el\u0151sz\u00f6r az USB-portot kell csatlakoztatnia egy telefont\u00f6lt\u0151 fejjel, majd be kell dugnia az aljzatba. <\/span><\/li>\n<\/ul>\n","protected":false},"featured_media":60673,"comment_status":"closed","ping_status":"closed","template":"","meta":{"_acf_changed":false},"product_brand":[],"product_cat":[1677,2597,1679,1678,1680],"product_tag":[],"brand":[],"class_list":{"0":"post-60672","1":"product","2":"type-product","3":"status-publish","4":"has-post-thumbnail","6":"product_cat-3d-nyomtato","7":"product_cat-3d-toll-hu","8":"product_cat-elado","9":"product_cat-fdm-nyomtato","10":"product_cat-minden-3d-nyomtato","12":"first","13":"outofstock","14":"sale","15":"taxable","16":"shipping-taxable","17":"purchasable","18":"product-type-simple"},"acf":[],"_links":{"self":[{"href":"https:\/\/azurefilm.com\/hu\/wp-json\/wp\/v2\/product\/60672","targetHints":{"allow":["GET"]}}],"collection":[{"href":"https:\/\/azurefilm.com\/hu\/wp-json\/wp\/v2\/product"}],"about":[{"href":"https:\/\/azurefilm.com\/hu\/wp-json\/wp\/v2\/types\/product"}],"replies":[{"embeddable":true,"href":"https:\/\/azurefilm.com\/hu\/wp-json\/wp\/v2\/comments?post=60672"}],"wp:featuredmedia":[{"embeddable":true,"href":"https:\/\/azurefilm.com\/hu\/wp-json\/wp\/v2\/media\/60673"}],"wp:attachment":[{"href":"https:\/\/azurefilm.com\/hu\/wp-json\/wp\/v2\/media?parent=60672"}],"wp:term":[{"taxonomy":"product_brand","embeddable":true,"href":"https:\/\/azurefilm.com\/hu\/wp-json\/wp\/v2\/product_brand?post=60672"},{"taxonomy":"product_cat","embeddable":true,"href":"https:\/\/azurefilm.com\/hu\/wp-json\/wp\/v2\/product_cat?post=60672"},{"taxonomy":"product_tag","embeddable":true,"href":"https:\/\/azurefilm.com\/hu\/wp-json\/wp\/v2\/product_tag?post=60672"},{"taxonomy":"brand","embeddable":true,"href":"https:\/\/azurefilm.com\/hu\/wp-json\/wp\/v2\/brand?post=60672"}],"curies":[{"name":"wp","href":"https:\/\/api.w.org\/{rel}","templated":true}]}}