
{"id":60682,"date":"2023-10-29T14:41:10","date_gmt":"2023-10-29T14:41:10","guid":{"rendered":"https:\/\/azurefilm.com\/product\/liqcreate-premium-fekete-gyanta\/"},"modified":"2025-08-22T11:28:46","modified_gmt":"2025-08-22T11:28:46","slug":"liqcreate-premium-fekete-gyanta","status":"publish","type":"product","link":"https:\/\/azurefilm.com\/hu\/termek\/liqcreate-premium-fekete-gyanta\/","title":{"rendered":"Liqcreate Pr\u00e9mium fekete gyanta"},"content":{"rendered":"<h2><b>Liqcreate Premium fekete<\/b><b><br \/>\n<\/b><\/h2>\n<p><span style=\"font-weight: 400;\">A Liqcreate Premium Black egy fotopolimer, amely a k\u00f6vetkez\u0151 tulajdons\u00e1gokkal rendelkezik <\/span><b>kiv\u00e9teles sz\u00ednstabilit\u00e1ssal<\/b><span style=\"font-weight: 400;\">, t\u00f6k\u00e9letes a gyors protot\u00edpus- \u00e9s koncepci\u00f3term\u00e9k-fejleszt\u00e9shez. Az ebb\u0151l az anyagb\u00f3l 3D-nyomtatott alkatr\u00e9szek kiemelked\u0151 teljes\u00edtm\u00e9nyt ny\u00fajtanak   <\/span><b>m\u00e9retstabilit\u00e1s<\/b><span style=\"font-weight: 400;\"> \u00e9s <\/span><b>minim\u00e1lis zsugorod\u00e1s<\/b><span style=\"font-weight: 400;\"> a nyomtat\u00e1s sor\u00e1n. <\/span> <span style=\"font-weight: 400;\">Kompatibilis a ny\u00edlt forr\u00e1sk\u00f3d\u00fa MSLA\/LCD \u00e9s DLP 3D nyomtat\u00f3kkal (385-420nm), \u00e9s olyan kiv\u00e1l\u00f3 tulajdons\u00e1gokkal b\u00fcszk\u00e9lkedhet, mint p\u00e9ld\u00e1ul <\/span><b>alacsony szaghat\u00e1s<\/b><span style=\"font-weight: 400;\"> \u00e9s zsugorod\u00e1s.<\/span> <\/p>\n<h3><strong>Tulajdons\u00e1gok:<\/strong><\/h3>\n<ul>\n<li style=\"font-weight: 400;\" aria-level=\"1\"><span style=\"font-weight: 400;\">Alacsony szag<\/span><\/li>\n<li style=\"font-weight: 400;\" aria-level=\"1\"><span style=\"font-weight: 400;\">Gyors LCD nyomtat\u00e1s<\/span><\/li>\n<li style=\"font-weight: 400;\" aria-level=\"1\"><span style=\"font-weight: 400;\">Nagy pontoss\u00e1g<\/span><\/li>\n<\/ul>\n<p><img decoding=\"async\" class=\"alignnone size-medium wp-image-18516\" src=\"https:\/\/azurefilm.com\/wp-content\/uploads\/2023\/10\/Liqcreate_Premium_Black_Properties-Enhanced-SR.jpg\" alt=\"  Sz\u00e9less\u00e9g...\" height=\"352\" title=\"\"><\/p>\n","protected":false},"excerpt":{"rendered":"<p>Pr\u00f3b\u00e1lja ki a Liqcreate Premium Black gyant\u00e1t (1000g), \u00e9s tapasztalja meg a kiv\u00e9teles sz\u00ednstabilit\u00e1st \u00e9s a gyors protot\u00edpusgy\u00e1rt\u00e1st.<\/p>\n","protected":false},"featured_media":60683,"comment_status":"closed","ping_status":"closed","template":"","meta":{"_acf_changed":false},"product_brand":[],"product_cat":[1686,2420,1688,2370,2418],"product_tag":[],"brand":[],"class_list":{"0":"post-60682","1":"product","2":"type-product","3":"status-publish","4":"has-post-thumbnail","6":"product_cat-3d-filmek","7":"product_cat-ipari-gyanta","8":"product_cat-minden-film","9":"product_cat-resin-hu","10":"product_cat-standard-gyanta","11":"pa_colour-black","12":"pa_resin-technology-dlp","13":"pa_resin-technology-lcd-msla","14":"pa_resin-type-industrial","15":"pa_resin-type-standard","16":"pa_resin-weight-1000g","18":"first","19":"outofstock","20":"taxable","21":"shipping-taxable","22":"purchasable","23":"product-type-simple"},"acf":[],"_links":{"self":[{"href":"https:\/\/azurefilm.com\/hu\/wp-json\/wp\/v2\/product\/60682","targetHints":{"allow":["GET"]}}],"collection":[{"href":"https:\/\/azurefilm.com\/hu\/wp-json\/wp\/v2\/product"}],"about":[{"href":"https:\/\/azurefilm.com\/hu\/wp-json\/wp\/v2\/types\/product"}],"replies":[{"embeddable":true,"href":"https:\/\/azurefilm.com\/hu\/wp-json\/wp\/v2\/comments?post=60682"}],"wp:featuredmedia":[{"embeddable":true,"href":"https:\/\/azurefilm.com\/hu\/wp-json\/wp\/v2\/media\/60683"}],"wp:attachment":[{"href":"https:\/\/azurefilm.com\/hu\/wp-json\/wp\/v2\/media?parent=60682"}],"wp:term":[{"taxonomy":"product_brand","embeddable":true,"href":"https:\/\/azurefilm.com\/hu\/wp-json\/wp\/v2\/product_brand?post=60682"},{"taxonomy":"product_cat","embeddable":true,"href":"https:\/\/azurefilm.com\/hu\/wp-json\/wp\/v2\/product_cat?post=60682"},{"taxonomy":"product_tag","embeddable":true,"href":"https:\/\/azurefilm.com\/hu\/wp-json\/wp\/v2\/product_tag?post=60682"},{"taxonomy":"brand","embeddable":true,"href":"https:\/\/azurefilm.com\/hu\/wp-json\/wp\/v2\/brand?post=60682"}],"curies":[{"name":"wp","href":"https:\/\/api.w.org\/{rel}","templated":true}]}}