
{"id":60690,"date":"2023-10-29T14:42:00","date_gmt":"2023-10-29T14:42:00","guid":{"rendered":"https:\/\/azurefilm.com\/product\/liqcreate-dental-gingiva-mask-rozsaszin-gyanta\/"},"modified":"2025-08-22T11:28:48","modified_gmt":"2025-08-22T11:28:48","slug":"liqcreate-dental-gingiva-mask-rozsaszin-gyanta","status":"publish","type":"product","link":"https:\/\/azurefilm.com\/hu\/termek\/liqcreate-dental-gingiva-mask-rozsaszin-gyanta\/","title":{"rendered":"Liqcreate Dental Gingiva Mask r\u00f3zsasz\u00edn gyanta"},"content":{"rendered":"<h2><strong>Liqcreate Dental Gingiva maszk r\u00f3zsasz\u00edn\u0171<\/strong><\/h2>\n<p><span style=\"font-weight: 400;\">A Liqcreate Gingiva Mask Pink egy r\u00f3zsasz\u00edn\u0171 fotopolimer gyanta. <\/span><b>fog\u00e1szati implant\u00e1tum modellekhez val\u00f3 puha, \u00ednyszer\u0171 alkatr\u00e9szek k\u00e9sz\u00edt\u00e9s\u00e9re tervezt\u00e9k.<\/b><span style=\"font-weight: 400;\">. Its soft and flexible nature makes it ideal for use alongside Liqcreate Dental Model Pro Beige or Grey materials. This resin opens up possibilities for creating    <\/span><b>prec\u00edz modellek, hidak \u00e9s implant\u00e1tum fel\u00e9p\u00edtm\u00e9nyek<\/b><span style=\"font-weight: 400;\">, k\u00fcl\u00f6n\u00f6sen a fog\u00ednyr\u00e9szek \u00e9s l\u00e1gysz\u00f6vetek eset\u00e9ben a fog\u00e1szati implant\u00e1tum modellekben \u00e9s a C&amp;B projektekben. <\/span> <span style=\"font-weight: 400;\">Kompatibilis a k\u00f6vetkez\u0151kkel <\/span><b>ny\u00edlt MSLA\/LCD, DLP \u00e9s SLA 3D nyomtat\u00f3kkal a 385-420 nm-es tartom\u00e1nyban<\/b> <\/p>\n<p><span style=\"font-weight: 400;\">, biztos\u00edtva a k\u00f6nny\u0171 haszn\u00e1latot. A legfontosabb el\u0151ny\u00f6k k\u00f6z\u00e9 tartozik a term\u00e9szetes r\u00e1g\u00f3gumi megjelen\u00e9s, a puha tapint\u00e1s, a felhaszn\u00e1l\u00f3bar\u00e1t \u00e9s a j\u00f3 rugalmass\u00e1g. <\/span><\/p>\n<h3><strong>Tulajdons\u00e1gok:<\/strong><\/h3>\n<ul>\n<li style=\"font-weight: 400;\" aria-level=\"1\"><span style=\"font-weight: 400;\">R\u00e1g\u00f3gumi kin\u00e9zet<\/span><\/li>\n<li style=\"font-weight: 400;\" aria-level=\"1\"><span style=\"font-weight: 400;\">L\u00e1gy \u00e9rint\u00e9s<\/span><\/li>\n<li style=\"font-weight: 400;\" aria-level=\"1\"><span style=\"font-weight: 400;\">K\u00f6nnyen haszn\u00e1lhat\u00f3<\/span><\/li>\n<li style=\"font-weight: 400;\" aria-level=\"1\"><span style=\"font-weight: 400;\">J\u00f3 rugalmass\u00e1g<\/span><\/li>\n<\/ul>\n<p><img decoding=\"async\" class=\"alignnone size-medium wp-image-18655\" src=\"https:\/\/azurefilm.com\/wp-content\/uploads\/2023\/10\/Liqcreate_Gingiva_Mask_properties-Enhanced-SR.jpg\" alt=\"  Sz\u00e9less\u00e9g...\" height=\"351\" title=\"\"><\/p>\n","protected":false},"excerpt":{"rendered":"<p>Pr\u00f3b\u00e1lja ki a Liqcreate Dental Gingiva Mask Pink gyant\u00e1t (1000g), \u00e9s k\u00e9sz\u00edtsen puha, \u00ednyszer\u0171, r\u00f3zsasz\u00edn\u0171 alkatr\u00e9szeket fog\u00e1szati implant\u00e1tum modellekhez.<\/p>\n","protected":false},"featured_media":60691,"comment_status":"closed","ping_status":"closed","template":"","meta":{"_acf_changed":false},"product_brand":[],"product_cat":[1686,2577,1688,2370],"product_tag":[],"brand":[],"class_list":{"0":"post-60690","1":"product","2":"type-product","3":"status-publish","4":"has-post-thumbnail","6":"product_cat-3d-filmek","7":"product_cat-fogaszati-gyanta","8":"product_cat-minden-film","9":"product_cat-resin-hu","10":"pa_colour-pink","11":"pa_resin-technology-dlp","12":"pa_resin-technology-lcd-msla","13":"pa_resin-technology-sla","14":"pa_resin-type-dental","15":"pa_resin-weight-1000g","17":"first","18":"instock","19":"taxable","20":"shipping-taxable","21":"purchasable","22":"product-type-simple"},"acf":[],"_links":{"self":[{"href":"https:\/\/azurefilm.com\/hu\/wp-json\/wp\/v2\/product\/60690","targetHints":{"allow":["GET"]}}],"collection":[{"href":"https:\/\/azurefilm.com\/hu\/wp-json\/wp\/v2\/product"}],"about":[{"href":"https:\/\/azurefilm.com\/hu\/wp-json\/wp\/v2\/types\/product"}],"replies":[{"embeddable":true,"href":"https:\/\/azurefilm.com\/hu\/wp-json\/wp\/v2\/comments?post=60690"}],"wp:featuredmedia":[{"embeddable":true,"href":"https:\/\/azurefilm.com\/hu\/wp-json\/wp\/v2\/media\/60691"}],"wp:attachment":[{"href":"https:\/\/azurefilm.com\/hu\/wp-json\/wp\/v2\/media?parent=60690"}],"wp:term":[{"taxonomy":"product_brand","embeddable":true,"href":"https:\/\/azurefilm.com\/hu\/wp-json\/wp\/v2\/product_brand?post=60690"},{"taxonomy":"product_cat","embeddable":true,"href":"https:\/\/azurefilm.com\/hu\/wp-json\/wp\/v2\/product_cat?post=60690"},{"taxonomy":"product_tag","embeddable":true,"href":"https:\/\/azurefilm.com\/hu\/wp-json\/wp\/v2\/product_tag?post=60690"},{"taxonomy":"brand","embeddable":true,"href":"https:\/\/azurefilm.com\/hu\/wp-json\/wp\/v2\/brand?post=60690"}],"curies":[{"name":"wp","href":"https:\/\/api.w.org\/{rel}","templated":true}]}}