
{"id":60704,"date":"2023-10-29T14:42:00","date_gmt":"2023-10-29T14:42:00","guid":{"rendered":"https:\/\/azurefilm.com\/product\/liqcreate-dental-model-pro-szurke\/"},"modified":"2025-08-22T11:28:52","modified_gmt":"2025-08-22T11:28:52","slug":"liqcreate-dental-model-pro-szurke","status":"publish","type":"product","link":"https:\/\/azurefilm.com\/hu\/termek\/liqcreate-dental-model-pro-szurke\/","title":{"rendered":"Liqcreate Dental Model Pro sz\u00fcrke"},"content":{"rendered":"<h2><b>Liqcreate Dental Model Pro fog\u00e1szati modell<\/b><\/h2>\n<p><span style=\"font-weight: 400;\">A Liqcreate Dental Model Pro egy matt fotopolimer, amely <\/span><b>t\u00f6k\u00e9letes fog\u00e1szati modellekhez<\/b><span style=\"font-weight: 400;\">. Its matte finish <\/span><b>  n\u00f6veli a m\u00e9lys\u00e9get \u00e9s a r\u00e9szleteket<\/b><span style=\"font-weight: 400;\">, \u00edgy ide\u00e1lis az alulv\u00e1g\u00e1sok \u00e9s a szkennel\u00e9si lenyomatok megtekint\u00e9s\u00e9hez. Az ebb\u0151l az anyagb\u00f3l 3D-nyomtatott alkatr\u00e9szek leny\u0171g\u00f6z\u0151en stabilak \u00e9s minim\u00e1lis zsugorod\u00e1s tapasztalhat\u00f3 a nyomtat\u00e1s sor\u00e1n. <\/span><\/p>\n<p><span style=\"font-weight: 400;\">Ezt a gyant\u00e1t gyerekj\u00e1t\u00e9k ny\u00edlt SLA, MSLA \u00e9s DLP 3D nyomtat\u00f3kkal haszn\u00e1lni a 385-420 nm-es tartom\u00e1nyban. A term\u00e9k   <\/span><b>alacsony zsugorod\u00e1s, alacsony szag \u00e9s kiv\u00e9teles pontoss\u00e1g,<\/b> <b>\u00e9s m\u00e9retstabilit\u00e1s<\/b><span style=\"font-weight: 400;\">. These qualities make it the go-to choice for creating dental models, C&amp;B, thermoforming, and aligner models. <\/span><\/p>\n<h3><strong>Tulajdons\u00e1gok:<\/strong><\/h3>\n<ul>\n<li style=\"font-weight: 400;\" aria-level=\"1\"><span style=\"font-weight: 400;\">Kiv\u00e1l\u00f3 m\u00e9retstabilit\u00e1s<\/span><\/li>\n<li style=\"font-weight: 400;\" aria-level=\"1\"><span style=\"font-weight: 400;\">Nagy r\u00e9szletess\u00e9g\u0171 \u00e9s matt fel\u00fclet<\/span><\/li>\n<li style=\"font-weight: 400;\" aria-level=\"1\"><span style=\"font-weight: 400;\">Alacsony zsugorod\u00e1s<\/span><\/li>\n<li style=\"font-weight: 400;\" aria-level=\"1\"><span style=\"font-weight: 400;\">Alacsony szag<\/span><\/li>\n<\/ul>\n<p><img decoding=\"async\" class=\"alignnone size-medium wp-image-18622\" src=\"https:\/\/azurefilm.com\/wp-content\/uploads\/2023\/10\/Liqcreate_Dental_Model_Pro_Grey_Properties-Enhanced-SR.jpg\" alt=\"  Sz\u00e9less\u00e9g...\" height=\"357\" title=\"\"><\/p>\n","protected":false},"excerpt":{"rendered":"<p>N\u00f6velje a m\u00e9lys\u00e9get \u00e9s a r\u00e9szleteket ezzel a matt Liqcreate Dental Model Pro Grey (1000g), amely t\u00f6k\u00e9letes fog\u00e1szati modellekhez.<\/p>\n","protected":false},"featured_media":60705,"comment_status":"closed","ping_status":"closed","template":"","meta":{"_acf_changed":false},"product_brand":[],"product_cat":[1686,2577,1688,2370],"product_tag":[],"brand":[],"class_list":{"0":"post-60704","1":"product","2":"type-product","3":"status-publish","4":"has-post-thumbnail","6":"product_cat-3d-filmek","7":"product_cat-fogaszati-gyanta","8":"product_cat-minden-film","9":"product_cat-resin-hu","10":"pa_colour-gray","11":"pa_resin-technology-dlp","12":"pa_resin-technology-lcd-msla","13":"pa_resin-technology-sla","14":"pa_resin-type-dental","15":"pa_resin-weight-1000g","17":"first","18":"instock","19":"taxable","20":"shipping-taxable","21":"purchasable","22":"product-type-simple"},"acf":[],"_links":{"self":[{"href":"https:\/\/azurefilm.com\/hu\/wp-json\/wp\/v2\/product\/60704","targetHints":{"allow":["GET"]}}],"collection":[{"href":"https:\/\/azurefilm.com\/hu\/wp-json\/wp\/v2\/product"}],"about":[{"href":"https:\/\/azurefilm.com\/hu\/wp-json\/wp\/v2\/types\/product"}],"replies":[{"embeddable":true,"href":"https:\/\/azurefilm.com\/hu\/wp-json\/wp\/v2\/comments?post=60704"}],"wp:featuredmedia":[{"embeddable":true,"href":"https:\/\/azurefilm.com\/hu\/wp-json\/wp\/v2\/media\/60705"}],"wp:attachment":[{"href":"https:\/\/azurefilm.com\/hu\/wp-json\/wp\/v2\/media?parent=60704"}],"wp:term":[{"taxonomy":"product_brand","embeddable":true,"href":"https:\/\/azurefilm.com\/hu\/wp-json\/wp\/v2\/product_brand?post=60704"},{"taxonomy":"product_cat","embeddable":true,"href":"https:\/\/azurefilm.com\/hu\/wp-json\/wp\/v2\/product_cat?post=60704"},{"taxonomy":"product_tag","embeddable":true,"href":"https:\/\/azurefilm.com\/hu\/wp-json\/wp\/v2\/product_tag?post=60704"},{"taxonomy":"brand","embeddable":true,"href":"https:\/\/azurefilm.com\/hu\/wp-json\/wp\/v2\/brand?post=60704"}],"curies":[{"name":"wp","href":"https:\/\/api.w.org\/{rel}","templated":true}]}}