
{"id":60718,"date":"2023-11-04T09:47:41","date_gmt":"2023-11-04T09:47:41","guid":{"rendered":"https:\/\/azurefilm.com\/product\/fuvoka-e3d-v5-v6-m6\/"},"modified":"2023-11-04T09:47:41","modified_gmt":"2023-11-04T09:47:41","slug":"fuvoka-e3d-v5-v6-m6","status":"publish","type":"product","link":"https:\/\/azurefilm.com\/hu\/termek\/fuvoka-e3d-v5-v6-m6\/","title":{"rendered":"F\u00fav\u00f3ka E3D V5-V6 M6"},"content":{"rendered":"<h4>F\u00fav\u00f3ka E3D V5-V6 M6<\/h4>\n<h3><b>F\u0151bb jellemz\u0151k:<\/b><\/h3>\n<ul>\n<li>A Nozzle E3D V5-V6 M6 kiemelkedik az optim\u00e1lis 3D nyomtat\u00e1si \u00e9lm\u00e9nyhez szabott legfontosabb jellemz\u0151ivel:<\/li>\n<li><strong>Sokoldal\u00fa kompatibilit\u00e1s:<\/strong> Kifejezetten a Creality 3D nyomtat\u00f3k sz\u00e9les v\u00e1laszt\u00e9k\u00e1val val\u00f3 kompatibilit\u00e1sra tervezt\u00e9k, bele\u00e9rtve az olyan n\u00e9pszer\u0171 modelleket, mint a Creality CR-10 V2, Creality Ender 3, Creality Ender 5, \u00e9s m\u00e9g sok m\u00e1s. Ez biztos\u00edtja a z\u00f6kken\u0151mentes integr\u00e1ci\u00f3t a 3D nyomtat\u00e1si k\u00f6z\u00f6ss\u00e9gben sz\u00e9les k\u00f6rben haszn\u00e1lt nyomtat\u00f3kkal. <\/li>\n<li><strong>Alkalmazkod\u00f3 bemeneti \u00e1tm\u00e9r\u0151:<\/strong> Ez a f\u00fav\u00f3ka 1,75 mm-es bemeneti \u00e1tm\u00e9r\u0151j\u00e9vel t\u00f6bbf\u00e9le filamentt\u00edpust is befogad, \u00edgy a felhaszn\u00e1l\u00f3k rugalmasan k\u00eds\u00e9rletezhetnek k\u00fcl\u00f6nb\u00f6z\u0151 anyagokkal a nyomtat\u00e1si ig\u00e9nyeikhez.<\/li>\n<li><strong>Prec\u00edzi\u00f3s kimeneti lehet\u0151s\u00e9gek:<\/strong> 0,2 mm, 0,3 mm, 0,4 mm, 0,5 mm, 0,6 mm, 0,8 mm, 1,0 mm), \u00edgy a felhaszn\u00e1l\u00f3k finomhangolhatj\u00e1k nyomtat\u00e1si projektjeiket a k\u00edv\u00e1nt r\u00e9szletess\u00e9g \u00e9s r\u00e9tegvastags\u00e1g el\u00e9r\u00e9se \u00e9rdek\u00e9ben.<\/li>\n<li><strong>Univerz\u00e1lis M6 menet:<\/strong> Az M6-os menetm\u00e9ret biztos\u00edtja a kompatibilit\u00e1st a 3D nyomtat\u00f3k sz\u00e9les spektrum\u00e1val, \u00edgy a Creality CR-10 V2, a Creality Ender sorozat \u00e9s m\u00e1s kompatibilis modellek k\u00f6nny\u0171 telep\u00edt\u00e9s\u00e9t \u00e9s haszn\u00e1lat\u00e1t.<\/li>\n<li><strong>Kiv\u00e1l\u00f3 min\u0151s\u00e9g\u0171 s\u00e1rgar\u00e9z konstrukci\u00f3:<\/strong> Ezek a f\u00fav\u00f3k\u00e1k pr\u00e9mium s\u00e1rgar\u00e9z anyagb\u00f3l k\u00e9sz\u00fcltek, \u00edgy ellen\u00e1llnak a 3D nyomtat\u00e1s megpr\u00f3b\u00e1ltat\u00e1sainak. Az anyag tart\u00f3ss\u00e1ga hossz\u00fa \u00e9lettartamot \u00e9s egyenletes teljes\u00edtm\u00e9nyt biztos\u00edt a hosszabb nyomtat\u00e1si munkamenetek sor\u00e1n. <\/li>\n<\/ul>\n<p>L\u00e9nyeg\u00e9ben a Nozzle E3D V5-V6 M6 egyes\u00edti a sokoldal\u00fas\u00e1got, a pontoss\u00e1got \u00e9s a tart\u00f3ss\u00e1got, \u00edgy ide\u00e1lis v\u00e1laszt\u00e1s a Creality nyomtat\u00f3kat haszn\u00e1l\u00f3 3D nyomtat\u00e1s szerelmeseinek. Ak\u00e1r bonyolult terveken, ak\u00e1r nagym\u00e9ret\u0171 projekteken dolgozik, ez a f\u00fav\u00f3ka biztos\u00edtja a megb\u00edzhat\u00f3 \u00e9s kiv\u00e1l\u00f3 min\u0151s\u00e9g\u0171 3D nyomtat\u00e1shoz sz\u00fcks\u00e9ges alapvet\u0151 funkci\u00f3kat. <\/p>\n","protected":false},"excerpt":{"rendered":"<p><strong>Az E3D V5-V6 M6<\/strong> 3D nyomtat\u00f3 <strong>f\u00fav\u00f3k\u00e1k<\/strong> kiv\u00e1l\u00f3 min\u0151s\u00e9g\u0171 s\u00e1rgar\u00e9z anyagb\u00f3l k\u00e9sz\u00fclnek, strapab\u00edr\u00f3ak \u00e9s tart\u00f3sak.<\/p>\n","protected":false},"featured_media":55974,"comment_status":"closed","ping_status":"closed","template":"","meta":{"_acf_changed":false},"product_brand":[],"product_cat":[1679,2226,2224,2221,2227],"product_tag":[],"brand":[270],"class_list":{"0":"post-60718","1":"product","2":"type-product","3":"status-publish","4":"has-post-thumbnail","6":"product_cat-elado","7":"product_cat-fuvoszarnyak","8":"product_cat-minden-potalkatresz","9":"product_cat-potalkatreszek","10":"product_cat-rendszeres-fuvokak","11":"pa_nozzle-diameter-0-2mm","12":"pa_nozzle-diameter-0-3mm","13":"pa_nozzle-diameter-0-4mm","14":"pa_nozzle-diameter-0-5mm","15":"pa_nozzle-diameter-0-6mm","16":"pa_nozzle-diameter-0-8mm","17":"pa_nozzle-diameter-1-0mm","18":"brand-creality","20":"first","21":"instock","22":"sale","23":"taxable","24":"shipping-taxable","25":"purchasable","26":"product-type-variable"},"acf":[],"_links":{"self":[{"href":"https:\/\/azurefilm.com\/hu\/wp-json\/wp\/v2\/product\/60718","targetHints":{"allow":["GET"]}}],"collection":[{"href":"https:\/\/azurefilm.com\/hu\/wp-json\/wp\/v2\/product"}],"about":[{"href":"https:\/\/azurefilm.com\/hu\/wp-json\/wp\/v2\/types\/product"}],"replies":[{"embeddable":true,"href":"https:\/\/azurefilm.com\/hu\/wp-json\/wp\/v2\/comments?post=60718"}],"wp:featuredmedia":[{"embeddable":true,"href":"https:\/\/azurefilm.com\/hu\/wp-json\/wp\/v2\/media\/55974"}],"wp:attachment":[{"href":"https:\/\/azurefilm.com\/hu\/wp-json\/wp\/v2\/media?parent=60718"}],"wp:term":[{"taxonomy":"product_brand","embeddable":true,"href":"https:\/\/azurefilm.com\/hu\/wp-json\/wp\/v2\/product_brand?post=60718"},{"taxonomy":"product_cat","embeddable":true,"href":"https:\/\/azurefilm.com\/hu\/wp-json\/wp\/v2\/product_cat?post=60718"},{"taxonomy":"product_tag","embeddable":true,"href":"https:\/\/azurefilm.com\/hu\/wp-json\/wp\/v2\/product_tag?post=60718"},{"taxonomy":"brand","embeddable":true,"href":"https:\/\/azurefilm.com\/hu\/wp-json\/wp\/v2\/brand?post=60718"}],"curies":[{"name":"wp","href":"https:\/\/api.w.org\/{rel}","templated":true}]}}