
{"id":60726,"date":"2023-11-09T13:43:47","date_gmt":"2023-11-09T13:43:47","guid":{"rendered":"https:\/\/azurefilm.com\/product\/rugo-futoagyhoz-10-csomag\/"},"modified":"2023-11-09T13:43:47","modified_gmt":"2023-11-09T13:43:47","slug":"rugo-futoagyhoz-10-csomag","status":"publish","type":"product","link":"https:\/\/azurefilm.com\/hu\/termek\/rugo-futoagyhoz-10-csomag\/","title":{"rendered":"Rug\u00f3 f\u0171t\u0151\u00e1gyhoz (10 csomag)"},"content":{"rendered":"<h2><strong>F\u0171t\u0151\u00e1gy rug\u00f3 f\u0151 jellemz\u0151i:<\/strong><\/h2>\n<ul>\n<li>M\u00e9ret: 22x9mm<\/li>\n<li>Bels\u0151 fi 7mm<\/li>\n<li>Dr\u00f3tvastags\u00e1g 1mm<\/li>\n<li>Er\u0151s rug\u00f3 a 3D nyomtat\u00f3 h\u0151\u00e1gy\u00e1hoz.<\/li>\n<li>Kiv\u00e1l\u00f3 rugalmass\u00e1g, f\u00e1rad\u00e1s\u00e1ll\u00f3s\u00e1g.<\/li>\n<li>Nikkelezett, korr\u00f3zi\u00f3\u00e1ll\u00f3s\u00e1g, nagy kem\u00e9nys\u00e9g.<\/li>\n<li>Anyag: sz\u00e9nac\u00e9l<\/li>\n<li>T\u00e9tel sz\u00edne: ez\u00fcst t\u00f3nus\u00fa<\/li>\n<\/ul>\n","protected":false},"excerpt":{"rendered":"<p><strong>Rug\u00f3 f\u0171t\u0151\u00e1gyhoz<\/strong> (10 db) sz\u00e9nac\u00e9lb\u00f3l, 22x9mm-es m\u00e9retben.<\/p>\n","protected":false},"featured_media":58296,"comment_status":"closed","ping_status":"closed","template":"","meta":{"_acf_changed":false},"product_brand":[],"product_cat":[1679,2224,2221],"product_tag":[],"brand":[],"class_list":{"0":"post-60726","1":"product","2":"type-product","3":"status-publish","4":"has-post-thumbnail","6":"product_cat-elado","7":"product_cat-minden-potalkatresz","8":"product_cat-potalkatreszek","10":"first","11":"instock","12":"sale","13":"taxable","14":"shipping-taxable","15":"purchasable","16":"product-type-simple"},"acf":[],"_links":{"self":[{"href":"https:\/\/azurefilm.com\/hu\/wp-json\/wp\/v2\/product\/60726","targetHints":{"allow":["GET"]}}],"collection":[{"href":"https:\/\/azurefilm.com\/hu\/wp-json\/wp\/v2\/product"}],"about":[{"href":"https:\/\/azurefilm.com\/hu\/wp-json\/wp\/v2\/types\/product"}],"replies":[{"embeddable":true,"href":"https:\/\/azurefilm.com\/hu\/wp-json\/wp\/v2\/comments?post=60726"}],"wp:featuredmedia":[{"embeddable":true,"href":"https:\/\/azurefilm.com\/hu\/wp-json\/wp\/v2\/media\/58296"}],"wp:attachment":[{"href":"https:\/\/azurefilm.com\/hu\/wp-json\/wp\/v2\/media?parent=60726"}],"wp:term":[{"taxonomy":"product_brand","embeddable":true,"href":"https:\/\/azurefilm.com\/hu\/wp-json\/wp\/v2\/product_brand?post=60726"},{"taxonomy":"product_cat","embeddable":true,"href":"https:\/\/azurefilm.com\/hu\/wp-json\/wp\/v2\/product_cat?post=60726"},{"taxonomy":"product_tag","embeddable":true,"href":"https:\/\/azurefilm.com\/hu\/wp-json\/wp\/v2\/product_tag?post=60726"},{"taxonomy":"brand","embeddable":true,"href":"https:\/\/azurefilm.com\/hu\/wp-json\/wp\/v2\/brand?post=60726"}],"curies":[{"name":"wp","href":"https:\/\/api.w.org\/{rel}","templated":true}]}}