
{"id":60775,"date":"2023-10-29T14:09:41","date_gmt":"2023-10-29T14:09:41","guid":{"rendered":"https:\/\/azurefilm.com\/product\/pla-lumos-izzoszal-litho-white\/"},"modified":"2025-08-22T11:29:24","modified_gmt":"2025-08-22T11:29:24","slug":"pla-lumos-izzoszal-litho-white","status":"publish","type":"product","link":"https:\/\/azurefilm.com\/hu\/termek\/pla-lumos-izzoszal-litho-white\/","title":{"rendered":"PLA Lumos izz\u00f3sz\u00e1l Litho White"},"content":{"rendered":"<h2><strong>PLA Lumos<\/strong><\/h2>\n<p><span style=\"font-weight: 400;\">Ismerje meg a Lumos kollekci\u00f3t <\/span><b>vibr\u00e1l\u00f3 UV-izz\u00f3, f\u00e9nyt sug\u00e1rz\u00f3 \u00e9s vil\u00e1g\u00edt\u00f3 \u00e9jszakai hat\u00e1sok<\/b><span style=\"font-weight: 400;\">. This special PLA collection is easy to print and perfect for beginners. <\/span><\/p>\n<p><b>PLA Lumos izz\u00f3sz\u00e1l UV f\u00e9ny s\u00e1rga <\/b><span style=\"font-weight: 400;\">b\u00e1rmilyen UV f\u00e9nyben vil\u00e1g\u00edt. <strong>PLA Lumos<\/strong><\/span><b> izz\u00f3sz\u00e1l Vil\u00e1g\u00edt a s\u00f6t\u00e9tben Feh\u00e9r <\/b><span style=\"font-weight: 400;\">Napf\u00e9nyben felt\u00f6lt\u0151dik, majd a s\u00f6t\u00e9tben finoman vil\u00e1g\u00edt.<\/span><b> PLA Lumos izz\u00f3sz\u00e1l Litho White <\/b> <span style=\"font-weight: 400;\">lehet\u0151v\u00e9 teszi olyan 3D-s k\u00e9pek l\u00e9trehoz\u00e1s\u00e1t, amelyek \u00e9letre kelnek, ha f\u00e9ny vil\u00e1g\u00edt \u00e1t rajtuk. Melyiket v\u00e1lasztod? <\/span><\/p>\n<h2><strong>PLA Lumos izz\u00f3sz\u00e1l Litho White<\/strong><\/h2>\n<p>\u00c9rje el a v\u00e9gs\u0151, \u00e1tl\u00e1tsz\u00f3 3D nyomtat\u00e1sokat a pr\u00e9mium PLA Lumos Litho White sz\u00e1lunkkal.<\/p>\n<p><span style=\"font-weight: 400;\">Ha t\u00f6bbet szeretne megtudni a PLA sz\u00e1lakr\u00f3l, olvassa el <a href=\"https:\/\/azurefilm.com\/hu\/2023\/07\/04\/pla-szalak-minden-amit-tudnia-kell\/\" target=\"_blank\" rel=\"noopener\">blogunkat<\/a>. <\/span><\/p>\n<p><span style=\"font-weight: 400;\">Hozz\u00e1f\u00e9rhet a <\/span><b>M\u0171szaki adatlap<\/b><span style=\"font-weight: 400;\"><a href=\"https:\/\/azurefilm.com\/hu\/technical-data-sheets\/\" target=\"_blank\" rel=\"noopener\"> itt<\/a>.<\/span><\/p>\n<p><span style=\"font-weight: 400;\">Nyomtat\u00e1si aj\u00e1nl\u00e1sok:<\/span><\/p>\n<ul>\n<li style=\"font-weight: 400;\" aria-level=\"1\"><span style=\"font-weight: 400;\">A legjobb eredm\u00e9ny \u00e9rdek\u00e9ben 200-230\u00b0C-on nyomtasson. <\/span><\/li>\n<li style=\"font-weight: 400;\" aria-level=\"1\"><span style=\"font-weight: 400;\">A nyomtat\u00f3asztal aj\u00e1nlott h\u0151m\u00e9rs\u00e9klete 60\u00b0C.<\/span><\/li>\n<li style=\"font-weight: 400;\" aria-level=\"1\"><span style=\"font-weight: 400;\">Haszn\u00e1ljon \u00fcveg\u00e1gyat, PEI lapot, Kapton vagy k\u00e9k szalagot az \u00e9p\u00edt\u00e9si platformhoz 3Dlac spray-vel.<\/span><\/li>\n<\/ul>\n<p><i><span style=\"font-weight: 400;\">*A k\u00fcl\u00f6nb\u00f6z\u0151 nyomtat\u00f3k haszn\u00e1lata eset\u00e9n az ide\u00e1lis h\u0151m\u00e9rs\u00e9klet elt\u00e9r\u0151 lehet.<\/span><\/i><\/p>\n<p>&nbsp;<\/p>\n","protected":false},"excerpt":{"rendered":"<p>\u00c9rje el a v\u00e9gs\u0151, \u00e1tl\u00e1tsz\u00f3 3D nyomtat\u00e1sokat a pr\u00e9mium PLA Lumos Litho White sz\u00e1lunkkal.<\/p>\n<p><span style=\"font-weight: 400;\">Pr\u00f3b\u00e1lja ki m\u00e1s <\/span><b>PLA CMYK sz\u00ednekkel, t\u00f6k\u00e9letes a litof\u00e1nokhoz<\/b><span style=\"font-weight: 400;\">. Shop pack <a target=\"\" rel=\"noopener\"><strong>here<\/strong><\/a>. <\/span><\/p>\n","protected":false},"featured_media":113885,"comment_status":"closed","ping_status":"closed","template":"","meta":{"_acf_changed":false},"product_brand":[],"product_cat":[2293,1686,1688,2294,1687],"product_tag":[],"brand":[],"class_list":{"0":"post-60775","1":"product","2":"type-product","3":"status-publish","4":"has-post-thumbnail","6":"product_cat-pla-lumos-hu","7":"product_cat-3d-filmek","8":"product_cat-minden-film","9":"product_cat-pla-cmyk-hu","10":"product_cat-pla-szalak","11":"pa_colour-white","12":"pa_filament-diameter-1-75mm","13":"pa_filament-weight-1000g","15":"first","16":"instock","17":"taxable","18":"shipping-taxable","19":"purchasable","20":"product-type-variable","21":"has-default-attributes"},"acf":[],"_links":{"self":[{"href":"https:\/\/azurefilm.com\/hu\/wp-json\/wp\/v2\/product\/60775","targetHints":{"allow":["GET"]}}],"collection":[{"href":"https:\/\/azurefilm.com\/hu\/wp-json\/wp\/v2\/product"}],"about":[{"href":"https:\/\/azurefilm.com\/hu\/wp-json\/wp\/v2\/types\/product"}],"replies":[{"embeddable":true,"href":"https:\/\/azurefilm.com\/hu\/wp-json\/wp\/v2\/comments?post=60775"}],"wp:featuredmedia":[{"embeddable":true,"href":"https:\/\/azurefilm.com\/hu\/wp-json\/wp\/v2\/media\/113885"}],"wp:attachment":[{"href":"https:\/\/azurefilm.com\/hu\/wp-json\/wp\/v2\/media?parent=60775"}],"wp:term":[{"taxonomy":"product_brand","embeddable":true,"href":"https:\/\/azurefilm.com\/hu\/wp-json\/wp\/v2\/product_brand?post=60775"},{"taxonomy":"product_cat","embeddable":true,"href":"https:\/\/azurefilm.com\/hu\/wp-json\/wp\/v2\/product_cat?post=60775"},{"taxonomy":"product_tag","embeddable":true,"href":"https:\/\/azurefilm.com\/hu\/wp-json\/wp\/v2\/product_tag?post=60775"},{"taxonomy":"brand","embeddable":true,"href":"https:\/\/azurefilm.com\/hu\/wp-json\/wp\/v2\/brand?post=60775"}],"curies":[{"name":"wp","href":"https:\/\/api.w.org\/{rel}","templated":true}]}}