
{"id":60793,"date":"2023-10-29T14:11:41","date_gmt":"2023-10-29T14:11:41","guid":{"rendered":"https:\/\/azurefilm.com\/product\/creality-halot-mage-8k500ml-gyanta-gratis-gyanta\/"},"modified":"2026-01-13T08:42:11","modified_gmt":"2026-01-13T08:42:11","slug":"creality-halot-mage-8k","status":"publish","type":"product","link":"https:\/\/azurefilm.com\/hu\/termek\/creality-halot-mage-8k\/","title":{"rendered":"Creality Halot Mage 8K"},"content":{"rendered":"<p><span style=\"font-weight: 400;\">A Creality Halot Mage 8K sz\u00e1mos \u00faj tulajdons\u00e1ggal \u00e9s funkci\u00f3val rendelkezik. N\u00e9zz\u00fck meg! <\/span><\/p>\n<h2><strong>8K var\u00e1zslat az izgalmas r\u00e9szletek\u00e9rt<\/strong><\/h2>\n<p><span style=\"font-weight: 400;\">A Creality Halot Mage 8K mono 8K LCD k\u00e9perny\u0151vel van felszerelve, amely leny\u0171g\u00f6z\u0151 33 177 600 k\u00e9ppontot \u00e9s 29,7\u03bcm XY felbont\u00e1st biztos\u00edt, ami l\u00e9nyegesen jobb, mint a hagyom\u00e1nyos 4K nyomtat\u00f3k\u00e9, amelyek csak 50\u03bcm-esek. Ez a fejlett technol\u00f3gia lehet\u0151v\u00e9 teszi a nyomtat\u00f3 sz\u00e1m\u00e1ra, hogy bonyolult r\u00e9szleteket k\u00e9sz\u00edtsen a nyomatokon, p\u00e9ld\u00e1ul hajat, sz\u00f6veteket, b\u0151rtext\u00far\u00e1kat \u00e9s szerves form\u00e1kat. <\/span><\/p>\n<h2><strong>10,3&#8243; LCD k\u00e9perny\u0151<\/strong><\/h2>\n<p><span style=\"font-weight: 400;\">A Creality Halot Mage 8K nagy, 10,3\u2033-es LCD k\u00e9perny\u0151vel \u00e9s 228x128x230 mm-es t\u00e9rfogattal rendelkezik. A nagyobb t\u00e9rfogat sokkal nagyobb kreat\u00edv szabads\u00e1got biztos\u00edt, mivel term\u00e9kei nagyobbak \u00e9s r\u00e9szletesebbek lehetnek. <\/span><\/p>\n<h2><strong>&#8220;MAGEARCH&#8221; flip fed\u00e9l<\/strong><\/h2>\n<p><span style=\"font-weight: 400;\">A Creality a nyomtat\u00f3 fedel\u00e9t is \u00fajratervezte. A &#8220;MageArch&#8221; fed\u00e9l egy k\u00e9zzel nyithat\u00f3 \u00e9s z\u00e1rhat\u00f3. A &#8220;MageArch&#8221; fed\u00e9l mag\u00e1hoz a nyomtat\u00f3hoz van r\u00f6gz\u00edtve, \u00e9s a narancss\u00e1rga \u00e1rny\u00e9kol\u00e1s a k\u00f6rnyezetb\u0151l \u00e9rkez\u0151 UV-f\u00e9ny 99,89%-\u00e1t blokkolja. <\/span><\/p>\n<h2><strong>L\u00e9gtiszt\u00edt\u00f3<\/strong><\/h2>\n<p><span style=\"font-weight: 400;\">A k\u00f6zvetlen\u00fcl a nyomtat\u00f3 \u00e1ltal m\u0171k\u00f6dtetett \u00e9s vez\u00e9relt l\u00e9gtiszt\u00edt\u00f3 egy cser\u00e9lhet\u0151 akt\u00edvszenes sz\u0171r\u0151t tartalmaz, amely 5,8-szor nagyobb, mint m\u00e1s sz\u0171r\u0151k. Ez\u00e9rt hat\u00e9konyabban elnyeli a gyanta irrit\u00e1l\u00f3 szag\u00e1t. A h\u00e1toldalon tal\u00e1lhat\u00f3 szell\u0151z\u0151ny\u00edl\u00e1s lehet\u0151v\u00e9 teszi a l\u00e9gt\u00f6ml\u0151vel val\u00f3 csatlakoztat\u00e1st. <\/span><\/p>\n<h2><strong>Ultra stabil Z-tengely kett\u0151s line\u00e1ris s\u00ednnel<\/strong><\/h2>\n<p><span style=\"font-weight: 400;\">A Creality Halot Mage 8K Z tengelye k\u00e9t merev line\u00e1ris s\u00ednt tartalmaz, amelyeket egy nagy teljes\u00edtm\u00e9ny\u0171 motor hajt. Ez a mechanizmus minimaliz\u00e1lja az imbolyg\u00e1st, \u00e9s lehet\u0151v\u00e9 teszi, hogy a nyomtat\u00f3 k\u00f6nnyed\u00e9n kezelje a nagyobb \u00e9s nehezebb nyomatokat. <\/span><\/p>\n<h2><strong>Nagyobb v\u00e1laszt\u00e9k, jobb szeletel\u00e9s<\/strong><\/h2>\n<p><span style=\"font-weight: 400;\">A Creality Halot Mage 8K a f\u00fcggetlen fejleszt\u00e9s\u0171 HALOT BOX rendszerrel intuit\u00edv, 4 l\u00e9p\u00e9ses munkafolyamatot \u00e9s k\u00fcl\u00f6nb\u00f6z\u0151 el\u0151be\u00e1ll\u00edt\u00e1sokat k\u00edn\u00e1l a jobb nyomtat\u00e1si min\u0151s\u00e9g el\u00e9r\u00e9se \u00e9rdek\u00e9ben. Emellett a nyomtat\u00f3 kompatibilis m\u00e1s szeletel\u0151szoftverekkel, ami b\u0151v\u00edti a rendelkez\u00e9sre \u00e1ll\u00f3 lehet\u0151s\u00e9gek k\u00f6r\u00e9t. R\u00e1ad\u00e1sul a v\u00e1s\u00e1rl\u00e1s mag\u00e1ban foglalja a 3 h\u00f3napos VIP CHITUBOX Pro szeletel\u0151programot is, fel\u00e1r n\u00e9lk\u00fcl. <\/span><\/p>\n<p><span style=\"font-weight: 400;\">A gyantaalap\u00fa nyomtat\u00e1s minden k\u00e9pzetts\u00e9gi szintj\u00e9nek rajong\u00f3i \u00e9lvezhetik a kifejezetten erre a c\u00e9lra tervezett HALOT MAGE 8K 3D nyomtat\u00f3 el\u0151nyeit, amely fejlett funkci\u00f3kat \u00e9s cs\u00facstechnol\u00f3gi\u00e1t k\u00edn\u00e1l a kiv\u00e1l\u00f3 min\u0151s\u00e9g\u0171, kiv\u00e9teles r\u00e9szletess\u00e9g\u0171 \u00e9s pontoss\u00e1g\u00fa nyomatok el\u0151\u00e1ll\u00edt\u00e1s\u00e1hoz.<\/span><\/p>\n","protected":false},"excerpt":{"rendered":"<p>Bemutatjuk az \u00faj <strong>Creality Halot Mage 8K gyantanyomtat\u00f3t<\/strong> &#8211; egy kifinomult \u00e9s technol\u00f3giailag fejlett g\u00e9pet, amely m\u00e9g a term\u00e9kek leg\u00f6sszetettebb r\u00e9szleteit is \u00e9letre kelti.<\/p>\n","protected":false},"featured_media":105050,"comment_status":"closed","ping_status":"closed","template":"","meta":{"_acf_changed":false},"product_brand":[],"product_cat":[1677,2535,1679,1680,2354,2250],"product_tag":[],"brand":[],"class_list":{"0":"post-60793","1":"product","2":"type-product","3":"status-publish","4":"has-post-thumbnail","6":"product_cat-3d-nyomtato","7":"product_cat-creality-mugyanta-nyomtatok","8":"product_cat-elado","9":"product_cat-minden-3d-nyomtato","10":"product_cat-resin-nyomtato","11":"product_cat-special-packs-hu","13":"first","14":"instock","15":"sale","16":"taxable","17":"shipping-taxable","18":"purchasable","19":"product-type-simple"},"acf":[],"_links":{"self":[{"href":"https:\/\/azurefilm.com\/hu\/wp-json\/wp\/v2\/product\/60793","targetHints":{"allow":["GET"]}}],"collection":[{"href":"https:\/\/azurefilm.com\/hu\/wp-json\/wp\/v2\/product"}],"about":[{"href":"https:\/\/azurefilm.com\/hu\/wp-json\/wp\/v2\/types\/product"}],"replies":[{"embeddable":true,"href":"https:\/\/azurefilm.com\/hu\/wp-json\/wp\/v2\/comments?post=60793"}],"wp:featuredmedia":[{"embeddable":true,"href":"https:\/\/azurefilm.com\/hu\/wp-json\/wp\/v2\/media\/105050"}],"wp:attachment":[{"href":"https:\/\/azurefilm.com\/hu\/wp-json\/wp\/v2\/media?parent=60793"}],"wp:term":[{"taxonomy":"product_brand","embeddable":true,"href":"https:\/\/azurefilm.com\/hu\/wp-json\/wp\/v2\/product_brand?post=60793"},{"taxonomy":"product_cat","embeddable":true,"href":"https:\/\/azurefilm.com\/hu\/wp-json\/wp\/v2\/product_cat?post=60793"},{"taxonomy":"product_tag","embeddable":true,"href":"https:\/\/azurefilm.com\/hu\/wp-json\/wp\/v2\/product_tag?post=60793"},{"taxonomy":"brand","embeddable":true,"href":"https:\/\/azurefilm.com\/hu\/wp-json\/wp\/v2\/brand?post=60793"}],"curies":[{"name":"wp","href":"https:\/\/api.w.org\/{rel}","templated":true}]}}