
{"id":71606,"date":"2025-02-18T06:37:53","date_gmt":"2025-02-18T06:37:53","guid":{"rendered":"https:\/\/azurefilm.com\/?post_type=product&#038;p=71606"},"modified":"2025-04-10T09:17:53","modified_gmt":"2025-04-10T09:17:53","slug":"creality-k2-plus-combo-copy-2","status":"publish","type":"product","link":"https:\/\/azurefilm.com\/hu\/termek\/creality-k2-plus-combo-copy-2\/","title":{"rendered":"Creality Ender 5 Max"},"content":{"rendered":"<p><span style=\"font-weight: 400;\">A Creality Ender 5 Max verhetetlen kombin\u00e1ci\u00f3j\u00e1t k\u00edn\u00e1lja a nagy l\u00e9pt\u00e9k\u0171 k\u00e9pess\u00e9geknek \u00e9s professzion\u00e1lis jellemz\u0151knek. Ez a CoreXY nyomtat\u00f3 a t\u00f6k\u00e9letes partner a kreat\u00edv \u00e9s professzion\u00e1lis projektjeidhez.<\/span><\/p>\n<h2><strong>Nagy hely a nagy \u00f6tletekhez<\/strong><\/h2>\n<p><span style=\"font-weight: 400;\">Leny\u0171g\u00f6z\u0151 400x400x400mm-es \u00e9p\u00edt\u00e9si t\u00e9rfogat\u00e1val az Ender 5 Max elegend\u0151 helyet biztos\u00edt a m\u0171veleteid \u00e9letre kelt\u00e9s\u00e9hez. Legyen sz\u00f3 nagy alkatr\u00e9szekr\u0151l vagy t\u00f6bb kisebb modellel, szabadon nyomtathatsz an\u00e9lk\u00fcl, hogy a t\u00e9rbeli korl\u00e1toz\u00e1sok miatt agg\u00f3dnod kellene.<\/span><\/p>\n<h2><strong>P\u00e1ratlan stabilit\u00e1s \u00e9s precizit\u00e1s<\/strong><\/h2>\n<p><span style=\"font-weight: 400;\">Az Ender 5 Max tart\u00f3s alum\u00ednium \u00f6tv\u00f6zet\u0171 v\u00e1za m\u00e9g a legig\u00e9nyesebb nyomtat\u00e1si feladatokat is t\u00e1mogatja. Az X-tengelyen tal\u00e1lhat\u00f3 prec\u00edzi\u00f3s line\u00e1ris vezet\u0151 biztos\u00edtja a pontoss\u00e1got, a dupla Z-tengelyek \u00e9s a k\u00e9t-k\u00e9t vezet\u0151csavar kiemelked\u0151 stabilit\u00e1st biztos\u00edtanak, ak\u00e1r 10 kg s\u00falyt is elb\u00edrnak, \u00edgy hib\u00e1tlan eredm\u00e9nyeket garant\u00e1lnak.<\/span><\/p>\n<h2><strong>Vill\u00e1mgyors nyomtat\u00e1s \u00e9s id\u0151hat\u00e9konys\u00e1g<\/strong><\/h2>\n<p><span style=\"font-weight: 400;\">Az Ender 5 Max a sebess\u00e9gre \u00e9s hat\u00e9konys\u00e1gra van optimaliz\u00e1lva. Az er\u0151teljes 42-76 l\u00e9ptet\u0151motorok seg\u00edts\u00e9g\u00e9vel maxim\u00e1lis nyomtat\u00e1si sebess\u00e9get \u00e9r el 700 mm\/s-ig \u00e9s 20000 mm\/s\u00b2 gyorsul\u00e1st, biztos\u00edtva ezzel a gyors \u00e9s hat\u00e9kony nyomtat\u00e1st.<\/span><\/p>\n<h2><strong>Megb\u00edzhat\u00f3 extruder a folyamatos m\u0171k\u00f6d\u00e9shez<\/strong><\/h2>\n<p><span style=\"font-weight: 400;\">Az extruder kemik\u00e1lial\u00e1ll\u00f3 fogaskerekekkel van felszerelve, hogy ak\u00e1r 500 \u00f3r\u00e1n \u00e1t folyamatos nyomtat\u00e1st v\u00e9gezzen. Megb\u00edzhat\u00f3an m\u0171k\u00f6dik 24\/7, an\u00e9lk\u00fcl, hogy folyamatos karbantart\u00e1st vagy fel\u00fcgyeletet ig\u00e9nyelne.<\/span><\/p>\n<h2><strong>T\u00f6k\u00e9letes nyomtat\u00e1si min\u0151s\u00e9g az els\u0151 r\u00e9tegt\u0151l kezdve<\/strong><\/h2>\n<p><span style=\"font-weight: 400;\">A 36 pontos automatikus \u00e1gykalibr\u00e1l\u00e1s biztos\u00edtja, hogy az Ender 5 Max a nyomtat\u00e1si \u00e1gyat hib\u00e1tlan els\u0151 r\u00e9tegekre \u00e1ll\u00edtsa be an\u00e9lk\u00fcl, hogy manu\u00e1lis beavatkoz\u00e1sra lenne sz\u00fcks\u00e9g, \u00edgy minden alkalommal sima ind\u00edt\u00e1st biztos\u00edt.<\/span><\/p>\n<h2><strong>Teljes k\u00f6r\u0171 ir\u00e1ny\u00edt\u00e1s a Creality Print Slicer seg\u00edts\u00e9g\u00e9vel<\/strong><\/h2>\n<p><span style=\"font-weight: 400;\">Az \u00faj Creality Print Slicer t\u00f6bb mint 40 el\u0151re konfigur\u00e1lt filament profilt \u00e9s k\u00f6zponti kezel\u00e9st k\u00edn\u00e1l t\u00f6bb nyomtat\u00f3 sz\u00e1m\u00e1ra \u2013 t\u00f6k\u00e9letes nyomtat\u00f3farmokhoz \u00e9s m\u0171helyekhez.<\/span><\/p>\n<h2><strong>Tov\u00e1bbi jellemz\u0151k:<\/strong><\/h2>\n<ul>\n<li style=\"font-weight: 400;\" aria-level=\"1\"><span style=\"font-weight: 400;\">H\u00e1romsz\u00edn\u0171 st\u00e1tusz kijelz\u0151 a k\u00f6nny\u0171 figyelemmel k\u00eds\u00e9r\u00e9shez<\/span><\/li>\n<li style=\"font-weight: 400;\" aria-level=\"1\"><span style=\"font-weight: 400;\">1000W f\u0171t\u00f6tt \u00e1gy, amely 200 m\u00e1sodperc alatt el\u00e9ri a 80\u00b0C-ot<\/span><\/li>\n<li style=\"font-weight: 400;\" aria-level=\"1\"><span style=\"font-weight: 400;\">Rugalmas epoxi nyomtat\u00f3\u00e1gy a megb\u00edzhat\u00f3 tapad\u00e1shoz (45\u00b0C-t\u00f3l)<\/span><\/li>\n<li style=\"font-weight: 400;\" aria-level=\"1\"><span style=\"font-weight: 400;\">Sz\u00e9les m\u0171k\u00f6d\u00e9si h\u0151m\u00e9rs\u00e9kleti tartom\u00e1ny (5-40\u00b0C)<\/span><\/li>\n<li style=\"font-weight: 400;\" aria-level=\"1\"><span style=\"font-weight: 400;\">T\u00e1mogatja a 100-240V bemeneti fesz\u00fclts\u00e9get<\/span><\/li>\n<li style=\"font-weight: 400;\" aria-level=\"1\"><span style=\"font-weight: 400;\">K\u00e9t biztons\u00e1gi biztos\u00edt\u00e9k a f\u0171t\u00f6tt \u00e1gyon<\/span><\/li>\n<li style=\"font-weight: 400;\" aria-level=\"1\"><span style=\"font-weight: 400;\">Automatikus filament bet\u00f6lt\u00e9s \u00e9s ki\u00fcr\u00edt\u00e9s<\/span><\/li>\n<li style=\"font-weight: 400;\" aria-level=\"1\"><span style=\"font-weight: 400;\">Akt\u00edv Input Shaping cs\u00f6kkenti a rezg\u00e9seket a sim\u00e1bb nyomtat\u00e1s \u00e9rdek\u00e9ben<\/span><\/li>\n<li style=\"font-weight: 400;\" aria-level=\"1\"><span style=\"font-weight: 400;\">Csendes \u00fczemm\u00f3d zajszint \u226455 dB<\/span><\/li>\n<\/ul>\n","protected":false},"excerpt":{"rendered":"<p><span style=\"font-weight: 400;\">A Creality Ender 5 Max verhetetlen kombin\u00e1ci\u00f3j\u00e1t k\u00edn\u00e1lja a nagy m\u00e9ret\u0171 k\u00e9pess\u00e9geknek \u00e9s professzion\u00e1lis jellemz\u0151knek. \u00c9lvezd a nagy sebess\u00e9g\u0171 nyomtat\u00e1st, valamint a leny\u0171g\u00f6z\u0151 400x400x400mm-es \u00e9p\u00edt\u00e9si t\u00e9rfogatot, \u00e9s hozd \u00e9letre minden \u00f6tleted!<\/span><\/p>\n","protected":false},"featured_media":71689,"comment_status":"closed","ping_status":"closed","template":"","meta":{"_acf_changed":false},"product_brand":[],"product_cat":[1677,2251,1679,1678,1680],"product_tag":[],"brand":[],"class_list":{"0":"post-71606","1":"product","2":"type-product","3":"status-publish","4":"has-post-thumbnail","6":"product_cat-3d-nyomtato","7":"product_cat-creality-hu","8":"product_cat-elado","9":"product_cat-fdm-nyomtato","10":"product_cat-minden-3d-nyomtato","12":"first","13":"outofstock","14":"sale","15":"featured","16":"taxable","17":"shipping-taxable","18":"purchasable","19":"product-type-simple"},"acf":[],"_links":{"self":[{"href":"https:\/\/azurefilm.com\/hu\/wp-json\/wp\/v2\/product\/71606","targetHints":{"allow":["GET"]}}],"collection":[{"href":"https:\/\/azurefilm.com\/hu\/wp-json\/wp\/v2\/product"}],"about":[{"href":"https:\/\/azurefilm.com\/hu\/wp-json\/wp\/v2\/types\/product"}],"replies":[{"embeddable":true,"href":"https:\/\/azurefilm.com\/hu\/wp-json\/wp\/v2\/comments?post=71606"}],"wp:featuredmedia":[{"embeddable":true,"href":"https:\/\/azurefilm.com\/hu\/wp-json\/wp\/v2\/media\/71689"}],"wp:attachment":[{"href":"https:\/\/azurefilm.com\/hu\/wp-json\/wp\/v2\/media?parent=71606"}],"wp:term":[{"taxonomy":"product_brand","embeddable":true,"href":"https:\/\/azurefilm.com\/hu\/wp-json\/wp\/v2\/product_brand?post=71606"},{"taxonomy":"product_cat","embeddable":true,"href":"https:\/\/azurefilm.com\/hu\/wp-json\/wp\/v2\/product_cat?post=71606"},{"taxonomy":"product_tag","embeddable":true,"href":"https:\/\/azurefilm.com\/hu\/wp-json\/wp\/v2\/product_tag?post=71606"},{"taxonomy":"brand","embeddable":true,"href":"https:\/\/azurefilm.com\/hu\/wp-json\/wp\/v2\/brand?post=71606"}],"curies":[{"name":"wp","href":"https:\/\/api.w.org\/{rel}","templated":true}]}}