
{"id":71613,"date":"2025-02-18T07:18:34","date_gmt":"2025-02-18T07:18:34","guid":{"rendered":"https:\/\/azurefilm.com\/?post_type=product&#038;p=71613"},"modified":"2025-04-10T08:50:21","modified_gmt":"2025-04-10T08:50:21","slug":"creality-k2-plus-combo-copy-copy-2","status":"publish","type":"product","link":"https:\/\/azurefilm.com\/hu\/termek\/creality-k2-plus-combo-copy-copy-2\/","title":{"rendered":"Creality Hi Combo"},"content":{"rendered":"<p><span style=\"font-weight: 400;\">A Creality Hi Combo \u00f6tv\u00f6zi az avanc\u00e1lt Creality Hi 3D nyomtat\u00f3t \u00e9s a Creality CFS Multimateri\u00e1lis Rendszert, hogy prec\u00edzi\u00f3s nyomtat\u00e1st biztos\u00edtson leny\u0171g\u00f6z\u0151 sebess\u00e9ggel. Ez a csomag lehet\u0151v\u00e9 teszi, hogy szabadon k\u00eds\u00e9rletezzen k\u00fcl\u00f6nb\u00f6z\u0151 anyagokkal \u00e9s sz\u00ednekkel, mik\u00f6zben biztos\u00edtja a magas min\u0151s\u00e9g\u0171 eredm\u00e9nyeket.<\/span><\/p>\n<h2><strong>Creality Hi: Okos \u00e9s hat\u00e9kony nyomtat\u00e1s<\/strong><\/h2>\n<p><span style=\"font-weight: 400;\">Legyen sz\u00f3 kezd\u0151r\u0151l vagy profi felhaszn\u00e1l\u00f3r\u00f3l, a Creality Hi gyorsabb\u00e1, intelligensebb\u00e9 \u00e9s k\u00f6nnyebb\u00e9 teszi a 3D nyomtat\u00e1st. A legmodernebb technol\u00f3gia, az intuit\u00edv vez\u00e9rl\u00e9s \u00e9s a letisztult, stabil kialak\u00edt\u00e1s r\u00e9v\u00e9n emeli a nyomtat\u00e1si \u00e9lm\u00e9nyt.<\/span><\/p>\n<h3><strong>Gyors \u00f6sszeszerel\u00e9s<\/strong><\/h3>\n<p><span style=\"font-weight: 400;\">A Creality Hi 95%-ban el\u0151re \u00f6sszeszerelt \u2013 mind\u00f6ssze h\u00e9t csavar \u00e9s n\u00e9h\u00e1ny csatlakoz\u00e1s sz\u00fcks\u00e9ges, \u00e9s 8 percen bel\u00fcl nyomtathat! A szoftveres be\u00e1ll\u00edt\u00e1s \u00e9s az els\u0151 kalibr\u00e1l\u00e1s ugyancsak egyszer\u0171.<\/span><\/p>\n<h3><strong>Stabilit\u00e1s \u00e9s st\u00edlus<\/strong><\/h3>\n<p><span style=\"font-weight: 400;\">A Creality Hi letisztult, teljes f\u00e9m \u00f6tv\u00f6zet\u0171 teste stabilit\u00e1st biztos\u00edt, m\u00edg az X tengelyen tal\u00e1lhat\u00f3 line\u00e1ris s\u00ednrendszer \u00e9s az Y tengelyen l\u00e9v\u0151 dupla line\u00e1ris rudak sima mozg\u00e1st \u00e9s prec\u00edz nyomtat\u00e1st garant\u00e1lnak.<\/span><\/p>\n<h3><strong>Magas sebess\u00e9g\u0171 nyomtat\u00e1s<\/strong><\/h3>\n<p><span style=\"font-weight: 400;\">A Creality Hi FOC-Step-Servo motorjai lehet\u0151v\u00e9 teszik a nyomtat\u00e1si sebess\u00e9g 500 mm\/s-ig t\u00f6rt\u00e9n\u0151 el\u00e9r\u00e9s\u00e9t, \u00e9s az 12000 mm\/s\u00b2 gyorsul\u00e1st, biztos\u00edtva ezzel a sebess\u00e9get \u00e9s a pontoss\u00e1got.<\/span><\/p>\n<h3><strong>Automatikus \u00e1gykalibr\u00e1l\u00e1s a t\u00f6k\u00e9letes els\u0151 r\u00e9tegekhez<\/strong><\/h3>\n<p><span style=\"font-weight: 400;\">Az automatikus \u00e1gykalibr\u00e1l\u00e1si rendszer biztos\u00edtja, hogy az els\u0151 r\u00e9tegek minden alkalommal hib\u00e1tlanok legyenek, a pontos be\u00e1ll\u00edt\u00e1soknak k\u00f6sz\u00f6nhet\u0151en, melyeket a dupla vezet\u0151csavarok az X tengelyen v\u00e9geznek el.<\/span><\/p>\n<h3><strong>Gyors f\u0171t\u00e9s a gyors ind\u00edt\u00e1shoz<\/strong><\/h3>\n<p><span style=\"font-weight: 400;\">Az 1000 W-os f\u0171t\u00f6tt \u00e1gy 30 m\u00e1sodperc alatt 60\u00b0C-ra, 90 m\u00e1sodperc alatt pedig 100\u00b0C-ra melegszik fel, lehet\u0151v\u00e9 t\u00e9ve a gyors nyomtat\u00e1si el\u0151k\u00e9sz\u00fcleteket \u00e9s a gyors nyomtat\u00e1s ind\u00edt\u00e1s\u00e1t.<\/span><\/p>\n<h3><strong>\u00c9rtes\u00edt\u00e9sek hangjelz\u00e9sekkel<\/strong><\/h3>\n<p><span style=\"font-weight: 400;\">A be\u00e9p\u00edtett hangjelz\u00e9sek t\u00e1j\u00e9koztatj\u00e1k \u00d6nt a nyomtat\u00e1s \u00e1llapot\u00e1r\u00f3l, p\u00e9ld\u00e1ul amikor a nyomtat\u00e1s befejez\u0151dik vagy ideiglenesen megszakad.<\/span><\/p>\n<h3><strong>Tov\u00e1bbi jellemz\u0151k:<\/strong><\/h3>\n<ul>\n<li style=\"font-weight: 400;\" aria-level=\"1\"><span style=\"font-weight: 400;\">Ultra tart\u00f3s f\u00e9mbet\u00e9tek a hossz\u00fa \u00e9lettartam\u00fa extrud\u00e1l\u00e1s \u00e9rdek\u00e9ben<\/span><\/li>\n<li style=\"font-weight: 400;\" aria-level=\"1\"><span style=\"font-weight: 400;\">Hat\u00e9kony filamenv\u00e1g\u00f3 m\u00e1gneses visszah\u00faz\u00e1ssal<\/span><\/li>\n<li style=\"font-weight: 400;\" aria-level=\"1\"><span style=\"font-weight: 400;\">Anyagelfogy\u00e1s \u00e9rz\u00e9kel\u0151 a filament hullad\u00e9k cs\u00f6kkent\u00e9s\u00e9re<\/span><\/li>\n<li style=\"font-weight: 400;\" aria-level=\"1\"><span style=\"font-weight: 400;\">Be\u00e9p\u00edtett kamera a t\u00e1voli megfigyel\u00e9shez<\/span><\/li>\n<li style=\"font-weight: 400;\" aria-level=\"1\"><span style=\"font-weight: 400;\">Csendes m\u0171k\u00f6d\u00e9s ~48 dB-en<\/span><\/li>\n<li style=\"font-weight: 400;\" aria-level=\"1\"><span style=\"font-weight: 400;\">3,2 h\u00fcvelykes \u00e9rint\u0151k\u00e9perny\u0151s kijelz\u0151<\/span><\/li>\n<\/ul>\n<h2><strong>Creality CFS: Multimateri\u00e1lis nyomtat\u00e1s egyszer\u0171en<\/strong><\/h2>\n<p><span style=\"font-weight: 400;\">A Creality CFS (Sz\u00ednanyag Rendszer) egy intelligens multimateri\u00e1lis rendszer n\u00e9gy filamentt\u00e1rol\u00f3val, amely t\u00f6k\u00e9letes a t\u00f6bb sz\u00edn\u0171 nyomtat\u00e1shoz \u00e9s k\u00fcl\u00f6nb\u00f6z\u0151 anyagok egyidej\u0171 haszn\u00e1lat\u00e1hoz.<\/span><\/p>\n<h3><strong>Automatiz\u00e1lt anyagkezel\u00e9s<\/strong><\/h3>\n<p><span style=\"font-weight: 400;\">A rendszer automatikusan bet\u00f6lti \u00e9s ki\u00fcr\u00edti az anyagot, elt\u00fcntetve a k\u00e9zi cser\u00e9k sz\u00fcks\u00e9gess\u00e9g\u00e9t. Tov\u00e1bb\u00e1, sz\u00e1r\u00edt\u00f3 dobozk\u00e9nt is m\u0171k\u00f6dik, a filament t\u00e1rol\u00e1s\u00e1hoz, h\u0151m\u00e9rs\u00e9klet- \u00e9s p\u00e1ratartalom kijelz\u0151kkel az optim\u00e1lis anyagmeg\u0151rz\u00e9s \u00e9rdek\u00e9ben.<\/span><\/p>\n<h3><strong>RFID anyag felismer\u00e9s<\/strong><\/h3>\n<p><span style=\"font-weight: 400;\">A CFS rendszer automatikusan felismeri a filament t\u00edpusokat RFID seg\u00edts\u00e9g\u00e9vel, biztos\u00edtva az anyagok z\u00f6kken\u0151mentes kezel\u00e9s\u00e9t.<\/span><\/p>\n<h3><strong>Kompatibilit\u00e1s \u00e9s kapacit\u00e1s<\/strong><\/h3>\n<p><span style=\"font-weight: 400;\">A CFS n\u00e9gy 1 kg-os filamenttekercset k\u00e9pes t\u00e1rolni (197-202 mm \u00e1tm\u00e9r\u0151, 42-68 mm sz\u00e9less\u00e9g). Kompatibilis a Creality filamentekkel, bele\u00e9rtve a PLA-t, PETG-t, ABS-t \u00e9s m\u00e9g sok m\u00e1st. Azonban rugalmas anyagok, mint p\u00e9ld\u00e1ul TPU \u00e9s nedves filamentek, mint a PVA nem alkalmasak ehhez a rendszerhez.<\/span><\/p>\n<h3><strong>CFS m\u0171szaki adatok:<\/strong><\/h3>\n<ul>\n<li>Term\u00e9k: <span style=\"font-weight: 400;\">CFS<\/span><\/li>\n<li>T\u00e1mogatott 3D Nyomtat\u00f3: <span style=\"font-weight: 400;\">Creality Hi<\/span><\/li>\n<li>Dimenzi\u00f3k: <span style=\"font-weight: 400;\">379x314x276mm<\/span><\/li>\n<li>Csatlakoz\u00e1si port: <span style=\"font-weight: 400;\">Creality 485 x 2<\/span><\/li>\n<li>Brutt\u00f3 s\u00faly: <span style=\"font-weight: 400;\">4.56kg<\/span><\/li>\n<li>Filament t\u00e1rol\u00f3k sz\u00e1ma: <span style=\"font-weight: 400;\">4<\/span><\/li>\n<li>Kijelz\u0151: <span style=\"font-weight: 400;\">Szegmenses LCD, <\/span><span style=\"font-weight: 400;\">h\u0151m\u00e9rs\u00e9klet- \u00e9s p\u00e1ratartalom kijelz\u0151vel<\/span><\/li>\n<li>Kiterjeszt\u00e9sek sz\u00e1ma: <span style=\"font-weight: 400;\">\u2264 4<\/span><\/li>\n<li>Filament puffer: <span style=\"font-weight: 400;\">Bemenet: IN x 4 \u00e9s Kimenet: OUT x 1<\/span><\/li>\n<li>Filament tekercs kompatibilit\u00e1s: <span style=\"font-weight: 400;\">1 kg filament tekercs; <\/span><span style=\"font-weight: 400;\">\u00e1tm\u00e9r\u0151: 197-202mm, vastags\u00e1g: 42-68mm<\/span><\/li>\n<li>Filament \u00e1tm\u00e9r\u0151: <span style=\"font-weight: 400;\">1.75\u00b10.05mm<\/span><\/li>\n<li>T\u00e1pegys\u00e9g: <span style=\"font-weight: 400;\">DC 24V<\/span><\/li>\n<li>Rated Power: <span style=\"font-weight: 400;\">20W<\/span><\/li>\n<li>Sz\u00e1r\u00edt\u00f3 m\u00f3dszer: <span style=\"font-weight: 400;\">Desiccant<\/span><\/li>\n<li>\u00c1llapotjelz\u0151: <span style=\"font-weight: 400;\">Jelz\u0151 f\u00e9ny (feh\u00e9r\/piros) x 4<\/span><\/li>\n<li>RFID filament felismer\u00e9s: <span style=\"font-weight: 400;\">Igen<\/span><\/li>\n<li>T\u00e1mogatott anyagok: <span style=\"font-weight: 400;\">PLA\/PETG\/ABS\/ASA\/PET\/PLA-CF, <\/span><span style=\"font-weight: 400;\">*Nem kompatibilis rugalmas TPU-val, nedves BVOH\/PVA-val vagy g\u00f6rb\u00fclt kartondoboz tekercsekkel.<\/span><\/li>\n<li>Automatikus filament kapcsol\u00f3: <span style=\"font-weight: 400;\">Igen<\/span><\/li>\n<\/ul>\n","protected":false},"excerpt":{"rendered":"<p><span style=\"font-weight: 400;\">Ismerd meg a Creality Hi Combo-t! Ez \u00f6tv\u00f6zi a fejlett Creality Hi 3D nyomtat\u00f3t \u00e9s a Creality CFS Multimateri\u00e1lis Rendszert, hogy prec\u00edzi\u00f3s nyomtat\u00e1st biztos\u00edtson leny\u0171g\u00f6z\u0151 sebess\u00e9ggel. Ez a csomag lehet\u0151v\u00e9 teszi, hogy szabadon k\u00eds\u00e9rletezz k\u00fcl\u00f6nb\u00f6z\u0151 anyagokkal \u00e9s sz\u00ednekkel, mik\u00f6zben biztos\u00edtja a magas min\u0151s\u00e9g\u0171 eredm\u00e9nyeket!<\/span><\/p>\n","protected":false},"featured_media":71701,"comment_status":"closed","ping_status":"closed","template":"","meta":{"_acf_changed":false},"product_brand":[],"product_cat":[1677,2798,2251,1679,1678,1680],"product_tag":[2268],"brand":[],"class_list":{"0":"post-71613","1":"product","2":"type-product","3":"status-publish","4":"has-post-thumbnail","6":"product_cat-3d-nyomtato","7":"product_cat-back-to-school","8":"product_cat-creality-hu","9":"product_cat-elado","10":"product_cat-fdm-nyomtato","11":"product_cat-minden-3d-nyomtato","12":"product_tag-elorendeles","14":"first","15":"outofstock","16":"sale","17":"taxable","18":"shipping-taxable","19":"purchasable","20":"product-type-simple"},"acf":[],"_links":{"self":[{"href":"https:\/\/azurefilm.com\/hu\/wp-json\/wp\/v2\/product\/71613","targetHints":{"allow":["GET"]}}],"collection":[{"href":"https:\/\/azurefilm.com\/hu\/wp-json\/wp\/v2\/product"}],"about":[{"href":"https:\/\/azurefilm.com\/hu\/wp-json\/wp\/v2\/types\/product"}],"replies":[{"embeddable":true,"href":"https:\/\/azurefilm.com\/hu\/wp-json\/wp\/v2\/comments?post=71613"}],"wp:featuredmedia":[{"embeddable":true,"href":"https:\/\/azurefilm.com\/hu\/wp-json\/wp\/v2\/media\/71701"}],"wp:attachment":[{"href":"https:\/\/azurefilm.com\/hu\/wp-json\/wp\/v2\/media?parent=71613"}],"wp:term":[{"taxonomy":"product_brand","embeddable":true,"href":"https:\/\/azurefilm.com\/hu\/wp-json\/wp\/v2\/product_brand?post=71613"},{"taxonomy":"product_cat","embeddable":true,"href":"https:\/\/azurefilm.com\/hu\/wp-json\/wp\/v2\/product_cat?post=71613"},{"taxonomy":"product_tag","embeddable":true,"href":"https:\/\/azurefilm.com\/hu\/wp-json\/wp\/v2\/product_tag?post=71613"},{"taxonomy":"brand","embeddable":true,"href":"https:\/\/azurefilm.com\/hu\/wp-json\/wp\/v2\/brand?post=71613"}],"curies":[{"name":"wp","href":"https:\/\/api.w.org\/{rel}","templated":true}]}}