
{"id":75280,"date":"2025-04-01T11:30:40","date_gmt":"2025-04-01T11:30:40","guid":{"rendered":"https:\/\/azurefilm.com\/product\/ams-ht\/"},"modified":"2025-04-10T06:28:26","modified_gmt":"2025-04-10T06:28:26","slug":"ams-ht","status":"publish","type":"product","link":"https:\/\/azurefilm.com\/hu\/termek\/ams-ht\/","title":{"rendered":"AMS HT"},"content":{"rendered":"<h2 data-start=\"56\" data-end=\"554\">AMS HT: Fejlett AMS rendszer<\/h2>\n<p data-start=\"56\" data-end=\"554\">Az \u00faj, 2. gener\u00e1ci\u00f3s AMS rendszerek \u2013 k\u00f6zt\u00fck az AMS 2 Pro \u00e9s az AMS HT \u2013 kefementes szervo etet\u0151motorokat haszn\u00e1lnak, amelyek jelent\u0151sen n\u00f6velik a filament etet\u00e9s hat\u00e9konys\u00e1g\u00e1t, \u00edgy felgyors\u00edtj\u00e1k a t\u00f6bb sz\u00edn\u0171 \u00e9s t\u00f6bb anyag\u00fa nyomtat\u00e1st. A m\u00e1sodik gener\u00e1ci\u00f3s AMS rendszer \u00faj filament sz\u00e1r\u00edt\u00e1si funkci\u00f3t is bevezet, akt\u00edv l\u00e9gszell\u0151z\u0151vel egy teljesen z\u00e1rt rendszerben, amely jav\u00edtja a sz\u00e1r\u00edt\u00e1si hat\u00e9konys\u00e1got \u00e9s hossz\u00fa t\u00e1von fenntartja a filament optim\u00e1lis \u00e1llapot\u00e1t.<\/p>\n<h3 data-start=\"556\" data-end=\"1049\">Hat\u00e9kony filament sz\u00e1r\u00edt\u00e1s<\/h3>\n<ul>\n<li><strong data-start=\"589\" data-end=\"620\">Magas h\u0151m\u00e9rs\u00e9klet\u0171 sz\u00e1r\u00edt\u00e1s<\/strong> \u2013 Ak\u00e1r 85\u202f\u00b0C-ig is melegszik, ide\u00e1lis PET-CF \u00e9s m\u00e1s speci\u00e1lis anyagokhoz.<\/li>\n<li><strong data-start=\"697\" data-end=\"725\">Elektrom\u00e1gneses szell\u0151z\u0151<\/strong> \u2013 Automatikusan igazodik a p\u00e1ratartalomhoz \u00e9s h\u0151m\u00e9rs\u00e9klethez a jobb sz\u00e1r\u00edt\u00e1s \u00e9rdek\u00e9ben.<\/li>\n<li><strong data-start=\"816\" data-end=\"837\">L\u00e9gmentes t\u00e1rol\u00e1s<\/strong> \u2013 Hossz\u00fa t\u00e1von sz\u00e1razon tartja a filamenteket, megel\u0151zve a nedvess\u00e9gfelsz\u00edv\u00f3d\u00e1st.<\/li>\n<li><strong data-start=\"922\" data-end=\"953\">RFID automatikus felismer\u00e9s<\/strong> \u2013 Automatikusan be\u00e1ll\u00edtja a megfelel\u0151 sz\u00e1r\u00edt\u00e1si param\u00e9tereket a Bambu hivatalos filamentjeihez.<\/li>\n<\/ul>\n<h3 data-start=\"1051\" data-end=\"1405\">Gyorsabb t\u00f6bbanyag\u00fa nyomtat\u00e1s<\/h3>\n<ul>\n<li data-start=\"1051\" data-end=\"1405\"><strong data-start=\"1087\" data-end=\"1121\">Kefementes szervo etet\u0151motorok<\/strong> \u2013 N\u00f6velik a filament etet\u00e9si hat\u00e9konys\u00e1got.<\/li>\n<li data-start=\"1051\" data-end=\"1405\"><strong data-start=\"1168\" data-end=\"1209\">Optimaliz\u00e1lva t\u00f6bbanyag\u00fa nyomtat\u00e1shoz<\/strong> \u2013 Z\u00f6kken\u0151mentes \u00e9s megb\u00edzhat\u00f3 sz\u00edn- vagy anyagv\u00e1lt\u00e1st tesz lehet\u0151v\u00e9.<\/li>\n<li data-start=\"1051\" data-end=\"1405\"><strong data-start=\"1281\" data-end=\"1310\">J\u00f6v\u0151biztos kompatibilit\u00e1s<\/strong> \u2013 Minden Bambu Lab nyomtat\u00f3val m\u0171k\u00f6dik, az A1 sorozat t\u00e1mogat\u00e1sa 2025 3. negyed\u00e9v\u00e9ben \u00e9rkezik.<\/li>\n<\/ul>\n","protected":false},"excerpt":{"rendered":"<p>A Bambu Lab AMS HT (Automatikus Anyagkezel\u0151 Rendszer \u2013 Magash\u0151m\u00e9rs\u00e9klet\u0171 v\u00e1ltozat) egy fejlett filamentkezel\u0151 rendszer, amelyet a t\u00f6bbanyag\u00fa \u00e9s t\u00f6bbsz\u00edn\u0171 3D nyomtat\u00e1s hat\u00e9konys\u00e1g\u00e1nak n\u00f6vel\u00e9s\u00e9re terveztek.<\/p>\n","protected":false},"featured_media":74445,"comment_status":"closed","ping_status":"closed","template":"","meta":{"_acf_changed":false},"product_brand":[],"product_cat":[1677,1681,2238,1678,1680,2224,2221],"product_tag":[],"brand":[],"class_list":{"0":"post-75280","1":"product","2":"type-product","3":"status-publish","4":"has-post-thumbnail","6":"product_cat-3d-nyomtato","7":"product_cat-bambu-lab-hu","8":"product_cat-egyeb-tetelek","9":"product_cat-fdm-nyomtato","10":"product_cat-minden-3d-nyomtato","11":"product_cat-minden-potalkatresz","12":"product_cat-potalkatreszek","14":"first","15":"outofstock","16":"taxable","17":"shipping-taxable","18":"purchasable","19":"product-type-simple"},"acf":[],"_links":{"self":[{"href":"https:\/\/azurefilm.com\/hu\/wp-json\/wp\/v2\/product\/75280","targetHints":{"allow":["GET"]}}],"collection":[{"href":"https:\/\/azurefilm.com\/hu\/wp-json\/wp\/v2\/product"}],"about":[{"href":"https:\/\/azurefilm.com\/hu\/wp-json\/wp\/v2\/types\/product"}],"replies":[{"embeddable":true,"href":"https:\/\/azurefilm.com\/hu\/wp-json\/wp\/v2\/comments?post=75280"}],"wp:featuredmedia":[{"embeddable":true,"href":"https:\/\/azurefilm.com\/hu\/wp-json\/wp\/v2\/media\/74445"}],"wp:attachment":[{"href":"https:\/\/azurefilm.com\/hu\/wp-json\/wp\/v2\/media?parent=75280"}],"wp:term":[{"taxonomy":"product_brand","embeddable":true,"href":"https:\/\/azurefilm.com\/hu\/wp-json\/wp\/v2\/product_brand?post=75280"},{"taxonomy":"product_cat","embeddable":true,"href":"https:\/\/azurefilm.com\/hu\/wp-json\/wp\/v2\/product_cat?post=75280"},{"taxonomy":"product_tag","embeddable":true,"href":"https:\/\/azurefilm.com\/hu\/wp-json\/wp\/v2\/product_tag?post=75280"},{"taxonomy":"brand","embeddable":true,"href":"https:\/\/azurefilm.com\/hu\/wp-json\/wp\/v2\/brand?post=75280"}],"curies":[{"name":"wp","href":"https:\/\/api.w.org\/{rel}","templated":true}]}}