
{"id":75281,"date":"2025-04-01T11:30:12","date_gmt":"2025-04-01T11:30:12","guid":{"rendered":"https:\/\/azurefilm.com\/product\/ams-2-pro\/"},"modified":"2025-04-10T06:29:01","modified_gmt":"2025-04-10T06:29:01","slug":"ams-2-pro","status":"publish","type":"product","link":"https:\/\/azurefilm.com\/hu\/termek\/ams-2-pro\/","title":{"rendered":"AMS 2 Pro"},"content":{"rendered":"<h2 data-start=\"58\" data-end=\"549\">AMS 2 Pro: Fejlett AMS rendszer<\/h2>\n<p class=\"\" data-start=\"58\" data-end=\"549\">Az \u00faj, 2. gener\u00e1ci\u00f3s AMS rendszerek \u2013 bele\u00e9rtve az AMS 2 Pro-t \u00e9s az AMS HT-t \u2013 kefementes szervo etet\u0151motorokat haszn\u00e1lnak, amelyek jelent\u0151sen n\u00f6velik a filament etet\u00e9si hat\u00e9konys\u00e1g\u00e1t, \u00edgy felgyors\u00edtj\u00e1k a t\u00f6bbsz\u00edn\u0171 \u00e9s t\u00f6bbanyag\u00fa nyomtat\u00e1st. Az \u00faj AMS gener\u00e1ci\u00f3 emellett filament sz\u00e1r\u00edt\u00f3 funkci\u00f3val is b\u0151v\u00fclt: akt\u00edv l\u00e9gszell\u0151z\u0151vel \u00e9s teljesen z\u00e1rt rendszerrel jav\u00edtja a sz\u00e1r\u00edt\u00e1s hat\u00e9konys\u00e1g\u00e1t, \u00e9s hossz\u00fa ideig fenntartja az optim\u00e1lis filament \u00e1llapotot.<\/p>\n<h3 data-start=\"556\" data-end=\"821\">F\u0151bb jellemz\u0151k<\/h3>\n<p class=\"\" data-start=\"556\" data-end=\"821\">A <strong data-start=\"579\" data-end=\"602\">Bambu Lab AMS 2 Pro<\/strong> egy fejlett automatikus anyagkezel\u0151 rendszer, amely a t\u00f6bbanyag\u00fa \u00e9s t\u00f6bbsz\u00edn\u0171 3D nyomtat\u00e1s hat\u00e9konys\u00e1g\u00e1nak n\u00f6vel\u00e9s\u00e9re lett tervezve. Az eredeti AMS tov\u00e1bbfejlesztett v\u00e1ltozatak\u00e9nt az AMS 2 Pro sz\u00e1mos \u00faj funkci\u00f3t k\u00edn\u00e1l:<\/p>\n<ul data-start=\"823\" data-end=\"1681\">\n<li class=\"\" data-start=\"823\" data-end=\"1013\">\n<p class=\"\" data-start=\"825\" data-end=\"1013\"><strong data-start=\"825\" data-end=\"882\">Akt\u00edv szell\u0151z\u0151rendszer 65\u202f\u00b0C-os filament sz\u00e1r\u00edt\u00e1ssal:<\/strong> A rendszer automatikus p\u00e1raszell\u0151ztet\u00e9ssel hat\u00e9konyan sz\u00e1r\u00edtja a filamenteket, biztos\u00edtva az optim\u00e1lis nyomtat\u00e1si k\u00f6r\u00fclm\u00e9nyeket.<\/p>\n<\/li>\n<li class=\"\" data-start=\"1014\" data-end=\"1132\">\n<p class=\"\" data-start=\"1016\" data-end=\"1132\"><strong data-start=\"1016\" data-end=\"1047\">L\u00e9gmentes filament t\u00e1rol\u00e1s:<\/strong> Megakad\u00e1lyozza a nedvess\u00e9gfelsz\u00edv\u00f3d\u00e1st, \u00edgy meg\u0151rzi az \u00e9rz\u00e9keny anyagok min\u0151s\u00e9g\u00e9t.<\/p>\n<\/li>\n<li class=\"\" data-start=\"1133\" data-end=\"1333\">\n<p class=\"\" data-start=\"1135\" data-end=\"1333\"><strong data-start=\"1135\" data-end=\"1178\">Ak\u00e1r 24 sz\u00edn\/anyag egyidej\u0171 haszn\u00e1lata:<\/strong> N\u00e9gy AMS 2 Pro \u00e9s nyolc AMS HT egys\u00e9g sorba kapcsol\u00e1s\u00e1val ak\u00e1r 24 k\u00fcl\u00f6nb\u00f6z\u0151 filament kezel\u00e9se is lehet\u0151v\u00e9 v\u00e1lik \u2013 t\u00f6k\u00e9letes komplex, sz\u00ednes nyomatokhoz.<\/p>\n<\/li>\n<li class=\"\" data-start=\"1334\" data-end=\"1464\">\n<p class=\"\" data-start=\"1336\" data-end=\"1464\"><strong data-start=\"1336\" data-end=\"1369\">Kefementes szervo etet\u0151motor:<\/strong> 60%-kal gyorsabb filament etet\u00e9s, cs\u00f6kkentett nyomtat\u00e1si id\u0151 \u00e9s jobb \u00e1ltal\u00e1nos teljes\u00edtm\u00e9ny.<\/p>\n<\/li>\n<li class=\"\" data-start=\"1465\" data-end=\"1681\">\n<p class=\"\" data-start=\"1467\" data-end=\"1681\"><strong data-start=\"1467\" data-end=\"1500\">RFID filament szinkroniz\u00e1ci\u00f3:<\/strong> Automatikusan felismeri \u00e9s alkalmazza a Bambu hivatalos filamentjeinek optim\u00e1lis be\u00e1ll\u00edt\u00e1sait, ezzel leegyszer\u0171s\u00edtve a nyomtat\u00e1si folyamatot \u00e9s cs\u00f6kkentve a manu\u00e1lis konfigur\u00e1ci\u00f3t.<\/p>\n<\/li>\n<\/ul>\n","protected":false},"excerpt":{"rendered":"<p>A Bambu Lab AMS 2 Pro egy fejlett automatikus anyagkezel\u0151 rendszer, amely a t\u00f6bbanyag\u00fa \u00e9s t\u00f6bbsz\u00edn\u0171 3D nyomtat\u00e1s hat\u00e9konys\u00e1g\u00e1nak n\u00f6vel\u00e9s\u00e9re szolg\u00e1l.<\/p>\n<p>&nbsp;<\/p>\n","protected":false},"featured_media":74428,"comment_status":"closed","ping_status":"closed","template":"","meta":{"_acf_changed":false},"product_brand":[],"product_cat":[1677,1681,2238,1678,1680,2224,2221],"product_tag":[],"brand":[],"class_list":{"0":"post-75281","1":"product","2":"type-product","3":"status-publish","4":"has-post-thumbnail","6":"product_cat-3d-nyomtato","7":"product_cat-bambu-lab-hu","8":"product_cat-egyeb-tetelek","9":"product_cat-fdm-nyomtato","10":"product_cat-minden-3d-nyomtato","11":"product_cat-minden-potalkatresz","12":"product_cat-potalkatreszek","14":"first","15":"outofstock","16":"taxable","17":"shipping-taxable","18":"purchasable","19":"product-type-simple"},"acf":[],"_links":{"self":[{"href":"https:\/\/azurefilm.com\/hu\/wp-json\/wp\/v2\/product\/75281","targetHints":{"allow":["GET"]}}],"collection":[{"href":"https:\/\/azurefilm.com\/hu\/wp-json\/wp\/v2\/product"}],"about":[{"href":"https:\/\/azurefilm.com\/hu\/wp-json\/wp\/v2\/types\/product"}],"replies":[{"embeddable":true,"href":"https:\/\/azurefilm.com\/hu\/wp-json\/wp\/v2\/comments?post=75281"}],"wp:featuredmedia":[{"embeddable":true,"href":"https:\/\/azurefilm.com\/hu\/wp-json\/wp\/v2\/media\/74428"}],"wp:attachment":[{"href":"https:\/\/azurefilm.com\/hu\/wp-json\/wp\/v2\/media?parent=75281"}],"wp:term":[{"taxonomy":"product_brand","embeddable":true,"href":"https:\/\/azurefilm.com\/hu\/wp-json\/wp\/v2\/product_brand?post=75281"},{"taxonomy":"product_cat","embeddable":true,"href":"https:\/\/azurefilm.com\/hu\/wp-json\/wp\/v2\/product_cat?post=75281"},{"taxonomy":"product_tag","embeddable":true,"href":"https:\/\/azurefilm.com\/hu\/wp-json\/wp\/v2\/product_tag?post=75281"},{"taxonomy":"brand","embeddable":true,"href":"https:\/\/azurefilm.com\/hu\/wp-json\/wp\/v2\/brand?post=75281"}],"curies":[{"name":"wp","href":"https:\/\/api.w.org\/{rel}","templated":true}]}}