
{"id":75299,"date":"2024-12-03T09:45:18","date_gmt":"2024-12-03T09:45:18","guid":{"rendered":"https:\/\/azurefilm.com\/product\/75299\/"},"modified":"2025-04-10T12:23:01","modified_gmt":"2025-04-10T12:23:01","slug":"75299","status":"publish","type":"product","link":"https:\/\/azurefilm.com\/hu\/termek\/75299\/","title":{"rendered":"Prusa XL"},"content":{"rendered":"<p><span style=\"font-weight: 400;\">Az Original Prusa XL forradalmi \u00fajdons\u00e1g a 3D nyomtat\u00e1s vil\u00e1g\u00e1ban. Az advanced \u00f6tfejes szersz\u00e1mcser\u00e9l\u0151j\u00e9vel az XL gyorsabban \u00e9s hat\u00e9konyabban k\u00e9sz\u00edt kiv\u00e1l\u00f3 min\u0151s\u00e9g\u0171, t\u00f6bb anyag\u00fa nyomatokat, mint b\u00e1rmely m\u00e1s nyomtat\u00f3. A precizit\u00e1s\u00e1t\u00f3l \u00e9s nagy nyomtat\u00e1si t\u00e9rfogat\u00e1t\u00f3l kezdve a nulla hullad\u00e9kos nyomtat\u00e1si k\u00e9pess\u00e9geiig az XL \u00faj szabv\u00e1nyt \u00e1ll\u00edt fel a nagy teljes\u00edtm\u00e9ny\u0171 asztali 3D nyomtat\u00f3k sz\u00e1m\u00e1ra.<\/span><\/p>\n<h2><strong>\u00d6tfejes szersz\u00e1mcser\u00e9l\u0151 maxim\u00e1lis rugalmass\u00e1g\u00e9rt<\/strong><\/h2>\n<p><span style=\"font-weight: 400;\">Az Original Prusa XL alapja az \u00f6tfejes szersz\u00e1mcser\u00e9l\u0151. Ez a funkci\u00f3 lehet\u0151v\u00e9 teszi, hogy egyszerre ak\u00e1r \u00f6t anyagot is bet\u00f6lts\u00f6n, \u00e9s a nyomtat\u00e1s k\u00f6zben azonnal v\u00e1lthat k\u00f6z\u00f6tt\u00fck. Ez a gyors \u00e9s megb\u00edzhat\u00f3 szersz\u00e1mcsere rendszer biztos\u00edtja, hogy k\u00f6nnyed\u00e9n v\u00e9gezzen el \u00f6sszetett, t\u00f6bb anyagot haszn\u00e1l\u00f3 nyomatokat, mindek\u00f6zben cs\u00f6kkentve a nyomtat\u00e1si id\u0151t.<\/span><\/p>\n<h2><strong>Nulla hullad\u00e9kos nyomtat\u00e1s<\/strong><\/h2>\n<p><span style=\"font-weight: 400;\">A Prusa XL seg\u00edts\u00e9g\u00e9vel b\u00facs\u00fat inthet a filament hullad\u00e9knak. Ellent\u00e9tben az egyextruderes nyomtat\u00f3kkal, amelyek minden sz\u00edn- vagy anyagv\u00e1lt\u00e1sn\u00e1l anyaghullad\u00e9kot termelnek, az XL szinte teljesen megsz\u00fcnteti a hullad\u00e9kot. A k\u00fcl\u00f6nleges diz\u00e1jnj\u00e1nak k\u00f6sz\u00f6nhet\u0151en, bele\u00e9rtve a f\u00fav\u00f3ka nyom\u00e1s\u00e1nak stabiliz\u00e1l\u00e1s\u00e1ra szolg\u00e1l\u00f3 kis priming tornyot \u00e9s a t\u00f6rl\u00e9s-a-kit\u00f6lt\u00e9s opci\u00f3kat, hat\u00e9kony t\u00f6bb anyagot haszn\u00e1l\u00f3 nyomtat\u00e1st \u00e9lvezhet, minim\u00e1lis vagy nulla hullad\u00e9kkal.<\/span><\/p>\n<h2><strong>P\u00e1ratlan nyomtat\u00e1si sebess\u00e9g \u00e9s precizit\u00e1s<\/strong><\/h2>\n<p><span style=\"font-weight: 400;\">Az XL a leggyorsabb t\u00f6bb anyagot haszn\u00e1l\u00f3 asztali nyomtat\u00f3 a piacon. Olyan cs\u00facstechnol\u00f3gi\u00e1kat alkalmaz, mint az Input Shaper \u00e9s a Pressure Advance, lehet\u0151v\u00e9 t\u00e9ve a szupergyors nyomtat\u00e1st an\u00e9lk\u00fcl, hogy a min\u0151s\u00e9get fel\u00e1ldozn\u00e1. Ak\u00e1r rugalmas filamentekkel, ak\u00e1r fejlettebb anyagokkal nyomtat, az XL kiv\u00e1l\u00f3 precizit\u00e1st \u00e9s min\u0151s\u00e9get biztos\u00edt a teljes nyomtat\u00f3\u00e1gyon.<\/span><\/p>\n<h2><strong>\u00d3ri\u00e1si \u00e9p\u00edt\u00e9si t\u00e9rfogat nagyobb projektekhez<\/strong><\/h2>\n<p><span style=\"font-weight: 400;\">A 360\u00d7360\u00d7360mm-es \u00e9p\u00edt\u00e9si ter\u00fclet\u00e9vel az Original Prusa XL ide\u00e1lis nagyobb projektekhez. A t\u00e1gas nyomtat\u00f3 t\u00e9rfogat lehet\u0151v\u00e9 teszi a nagy nyomatok \u00e9s t\u00f6bb anyagot haszn\u00e1l\u00f3 tervek k\u00e9sz\u00edt\u00e9s\u00e9t, mik\u00f6zben tov\u00e1bbra is meg\u0151rzi a r\u00e9szletess\u00e9get \u00e9s pontoss\u00e1got.<\/span><\/p>\n<h2><strong>Fejlett nyomtat\u00e1si min\u0151s\u00e9g \u00e9s megb\u00edzhat\u00f3s\u00e1g<\/strong><\/h2>\n<p><span style=\"font-weight: 400;\">Az XL kiv\u00e1l\u00f3an teljes\u00edt a legbonyolultabb tervek nyomtat\u00e1sakor is. A Nextruder rugalmas filamentek nyomtat\u00e1s\u00e1hoz \u00e9s a meredek t\u00falny\u00fal\u00e1sok kiemelked\u0151 teljes\u00edtm\u00e9ny\u00e9hez tervezve, az XL megb\u00edzhat\u00f3s\u00e1gra \u00e9s precizit\u00e1sra \u00e9p\u00fcl. Ak\u00e1r olyan alkatr\u00e9szeket nyomtat, amelyeknek t\u00f6k\u00e9letesen illeszkedni\u00fck kell, ak\u00e1r komplex geometri\u00e1kat, az XL minden alkalommal elv\u00e9gzi a feladatot.<\/span><\/p>\n<h2><strong>Modul\u00e1ris, szegment\u00e1lt f\u0171t\u00f6tt \u00e1gy a k\u00f6vetkezetes eredm\u00e9nyek\u00e9rt<\/strong><\/h2>\n<p><span style=\"font-weight: 400;\">Az XL modul\u00e1ris, szegment\u00e1lt f\u0171t\u00f6tt \u00e1ggyal van felszerelve, amely megel\u0151zi az egy nagy f\u0171t\u00f6tt \u00e1gyakkal kapcsolatos deform\u00e1ci\u00f3kat. A 16 vez\u00e9relt csempe mindegyike biztos\u00edtja az egyenletes f\u0171t\u00e9st az eg\u00e9sz nyomtat\u00e1si fel\u00fcleten, optim\u00e1lis tapad\u00e1st \u00e9s nyomtat\u00e1si min\u0151s\u00e9get biztos\u00edtva minden alkalommal.<\/span><\/p>\n<h2><strong>Rugalmas anyagkompatibilit\u00e1s<\/strong><\/h2>\n<p><span style=\"font-weight: 400;\">Ak\u00e1r PLA, PETG, ASA vagy ak\u00e1r rugalmas filamentek, mint p\u00e9ld\u00e1ul TPU nyomtat\u00e1s\u00e1ra van sz\u00fcks\u00e9ge, az Original Prusa XL mindegyikkel megbirk\u00f3zik. A k\u00f6zvetlen meghajt\u00e1s\u00fa Nextruder\u00e9nek k\u00f6sz\u00f6nhet\u0151en az XL sima \u00e9s prec\u00edz nyomtat\u00e1st biztos\u00edt m\u00e9g a legnehezebb anyagokkal is. Azok sz\u00e1m\u00e1ra, akiknek z\u00e1rt t\u00e9rre van sz\u00fcks\u00e9g\u00fck, az opcion\u00e1lis Original Prusa Enclosure t\u00f6k\u00e9letes megold\u00e1st k\u00edn\u00e1l.<\/span><\/p>\n<h2><strong>Gyors h\u00e1l\u00f3zati nyomtat\u00e1s a Prusa Connect seg\u00edts\u00e9g\u00e9vel<\/strong><\/h2>\n<p><span style=\"font-weight: 400;\">A Prusa Connect seg\u00edts\u00e9g\u00e9vel az XL egyszer\u0171 vezet\u00e9k n\u00e9lk\u00fcli vez\u00e9rl\u00e9st \u00e9s figyel\u00e9st k\u00edn\u00e1l. T\u00e1volr\u00f3l ind\u00edthat nyomtat\u00e1sokat, \u00fctemezhet feladatokat, \u00e9s figyelemmel k\u00eds\u00e9rheti az el\u0151rehalad\u00e1st webkamera seg\u00edts\u00e9g\u00e9vel, mindezt egy biztons\u00e1gos \u00e9s titkos\u00edtott rendszerrel. Ezen k\u00edv\u00fcl az XL t\u00e1mogatja a h\u00e1l\u00f3zati nyomtat\u00e1st, \u00edgy k\u00f6nnyed\u00e9n kezelhet t\u00f6bb nyomtat\u00f3t egy helyr\u0151l.<\/span><\/p>\n<h2><strong>\u00c1ramkimarad\u00e1s ut\u00e1ni helyre\u00e1ll\u00edt\u00e1s<\/strong><\/h2>\n<p><span style=\"font-weight: 400;\">A nagy nyomatok ak\u00e1r \u00f3r\u00e1kig is eltarthatnak, de az XL \u00e1ramkimarad\u00e1s ut\u00e1ni helyre\u00e1ll\u00edt\u00e1si funkci\u00f3j\u00e1val nem kell agg\u00f3dnia az \u00e1ramkimarad\u00e1s miatt. A nyomtat\u00f3 t\u00e1rolja az extruder utols\u00f3 ismert helyzet\u00e9t, \u00edgy ha az \u00e1ramkies\u00e9s bek\u00f6vetkezik, pontosan ott folytathatja a nyomtat\u00e1st, ahol abbamaradt \u2013 minimaliz\u00e1lva a munkafolyamat z\u0171rzavar\u00e1t.<\/span><\/p>\n<h2><strong>Egyszer\u0171 haszn\u00e1lat egygombos nyomtat\u00e1ssal<\/strong><\/h2>\n<p><span style=\"font-weight: 400;\">Az XL felhaszn\u00e1l\u00f3bar\u00e1t kialak\u00edt\u00e1sa lehet\u0151v\u00e9 teszi, hogy azonnal elkezdje haszn\u00e1lni a dobozb\u00f3l val\u00f3 kiv\u00e9telt k\u00f6vet\u0151en. Automatikus kalibr\u00e1l\u00e1ssal, egygombos nyomtat\u00e1ssal \u00e9s mindig t\u00f6k\u00e9letes els\u0151 r\u00e9tegekkel nem kell id\u0151t pazarolnia a be\u00e1ll\u00edt\u00e1sok igaz\u00edt\u00e1s\u00e1ra. R\u00e1ad\u00e1sul a nyomtat\u00f3 \u00e9rint\u0151k\u00e9perny\u0151s fel\u00fclete \u00e9s intuit\u00edv men\u00fci k\u00f6nnyed\u00e9n kezelhet\u0151k.<\/span><\/p>\n<h2><strong>Hossz\u00fa t\u00e1v\u00fa haszn\u00e1latra k\u00e9sz\u00fclt, hossz\u00fa t\u00e1v\u00fa t\u00e1mogat\u00e1ssal<\/strong><\/h2>\n<p><span style=\"font-weight: 400;\">A Prusa 3D nyomtat\u00f3k, k\u00f6zt\u00fck az XL is, hossz\u00fa t\u00e1v\u00fa haszn\u00e1latra \u00e9s folyamatos fejleszt\u00e9sre k\u00e9sz\u00fcltek. Az XL-hez rendszeres firmware \u00e9s hardver friss\u00edt\u00e9sek \u00e9rhet\u0151k el, amelyek \u00faj funkci\u00f3kat adnak hozz\u00e1 \u00e9s naprak\u00e9szen tartj\u00e1k a nyomtat\u00f3t \u00e9vekig.<\/span><\/p>\n","protected":false},"excerpt":{"rendered":"<p><span style=\"font-weight: 400;\">A Prusa XL a leg\u00fajabb verzi\u00f3ja a nagy form\u00e1tum\u00fa, t\u00f6bb anyagot haszn\u00e1l\u00f3 asztali 3D nyomtat\u00f3juknak. Gener\u00f3zus \u00e9p\u00edt\u00e9si t\u00e9rfogattal rendelkezik, 360x360x360 mm. A gyors szersz\u00e1mcser\u00e9l\u0151vel \u00e9s ak\u00e1r \u00f6t szersz\u00e1mfej haszn\u00e1lat\u00e1nak lehet\u0151s\u00e9g\u00e9vel az XL gyorsabban \u00e9r el kiv\u00e1l\u00f3 min\u0151s\u00e9g\u0171, t\u00f6bb anyagot haszn\u00e1l\u00f3 nyomatokat, mint b\u00e1rmely m\u00e1s nyomtat\u00f3, mindezt a hullad\u00e9k minimaliz\u00e1l\u00e1s\u00e1val. Az EU-ban tervezt\u00e9k \u00e9s \u00e9p\u00edtett\u00e9k.<\/span><\/p>\n","protected":false},"featured_media":65785,"comment_status":"closed","ping_status":"closed","template":"","meta":{"_acf_changed":false},"product_brand":[],"product_cat":[1677,1678,1680,2713],"product_tag":[],"brand":[],"class_list":{"0":"post-75299","1":"product","2":"type-product","3":"status-publish","4":"has-post-thumbnail","6":"product_cat-3d-nyomtato","7":"product_cat-fdm-nyomtato","8":"product_cat-minden-3d-nyomtato","9":"product_cat-prusa-hu","11":"first","12":"instock","13":"taxable","14":"shipping-taxable","15":"product-type-simple"},"acf":[],"_links":{"self":[{"href":"https:\/\/azurefilm.com\/hu\/wp-json\/wp\/v2\/product\/75299","targetHints":{"allow":["GET"]}}],"collection":[{"href":"https:\/\/azurefilm.com\/hu\/wp-json\/wp\/v2\/product"}],"about":[{"href":"https:\/\/azurefilm.com\/hu\/wp-json\/wp\/v2\/types\/product"}],"replies":[{"embeddable":true,"href":"https:\/\/azurefilm.com\/hu\/wp-json\/wp\/v2\/comments?post=75299"}],"wp:featuredmedia":[{"embeddable":true,"href":"https:\/\/azurefilm.com\/hu\/wp-json\/wp\/v2\/media\/65785"}],"wp:attachment":[{"href":"https:\/\/azurefilm.com\/hu\/wp-json\/wp\/v2\/media?parent=75299"}],"wp:term":[{"taxonomy":"product_brand","embeddable":true,"href":"https:\/\/azurefilm.com\/hu\/wp-json\/wp\/v2\/product_brand?post=75299"},{"taxonomy":"product_cat","embeddable":true,"href":"https:\/\/azurefilm.com\/hu\/wp-json\/wp\/v2\/product_cat?post=75299"},{"taxonomy":"product_tag","embeddable":true,"href":"https:\/\/azurefilm.com\/hu\/wp-json\/wp\/v2\/product_tag?post=75299"},{"taxonomy":"brand","embeddable":true,"href":"https:\/\/azurefilm.com\/hu\/wp-json\/wp\/v2\/brand?post=75299"}],"curies":[{"name":"wp","href":"https:\/\/api.w.org\/{rel}","templated":true}]}}