
{"id":75324,"date":"2024-12-03T09:44:47","date_gmt":"2024-12-03T09:44:47","guid":{"rendered":"https:\/\/azurefilm.com\/?post_type=product&#038;p=75324"},"modified":"2025-04-10T12:36:51","modified_gmt":"2025-04-10T12:36:51","slug":"prusa-mini","status":"publish","type":"product","link":"https:\/\/azurefilm.com\/hu\/termek\/prusa-mini\/","title":{"rendered":"Prusa MINI+"},"content":{"rendered":"<p><span style=\"font-weight: 400;\">Az Original Prusa MINI+ egy er\u0151teljes 3D nyomtat\u00f3, amely a sebess\u00e9get, megb\u00edzhat\u00f3s\u00e1got \u00e9s a k\u00f6nny\u0171 haszn\u00e1latot kombin\u00e1lja egy kompakt kialak\u00edt\u00e1sban. Minden olyan funkci\u00f3val rendelkezik, amit egy Original Prusa 3D nyomtat\u00f3t\u00f3l elv\u00e1rhatsz, \u00edgy ide\u00e1lis v\u00e1laszt\u00e1s minden szint\u0171 felhaszn\u00e1l\u00f3 sz\u00e1m\u00e1ra.<\/span><\/p>\n<h2><strong>\u00c9p\u00edt\u00e9si t\u00e9rfogat: 18x18x18 cm<\/strong><\/h2>\n<p><span style=\"font-weight: 400;\">A MINI+ b\u0151s\u00e9ges nyomtat\u00e1si teret k\u00edn\u00e1l, 18\u00d718\u00d718 cm-es \u00e9p\u00edt\u00e9si t\u00e9rfogattal egy kompakt h\u00e1zban. Ez a kis, de er\u0151teljes nyomtat\u00f3 olyan funkci\u00f3kkal van felszerelve, mint a szenzorn\u00e9lk\u00fcli haza\u00e1ll\u00e1s, automatikus h\u00e1l\u00f3s f\u0171t\u00f6tt\u00e1gy kalibr\u00e1l\u00e1s \u00e9s sz\u00ednes LCD kijelz\u0151, amelyek megk\u00f6nny\u00edtik a haszn\u00e1latot \u00e9s karbantart\u00e1st.<\/span><\/p>\n<h2><strong>Gyors nyomtat\u00e1s input shaper \u00e9s nyom\u00e1s el\u0151rejelz\u00e9s technol\u00f3gi\u00e1val<\/strong><\/h2>\n<p><span style=\"font-weight: 400;\">A MINI+ most gyorsabb, mint valaha, k\u00f6sz\u00f6nhet\u0151en az Input Shaper \u00e9s Nyom\u00e1s El\u0151rejelz\u00e9s technol\u00f3gi\u00e1k bevezet\u00e9s\u00e9nek. Ezek a fejleszt\u00e9sek lehet\u0151v\u00e9 teszik, hogy a nyomtat\u00f3 nagy sebess\u00e9g\u0171 nyomtat\u00e1st v\u00e9gezzen an\u00e9lk\u00fcl, hogy a nyomtat\u00e1si min\u0151s\u00e9g rov\u00e1s\u00e1ra menne. A PrusaSlicer-ben gy\u00e1ri tesztelt profilok seg\u00edts\u00e9g\u00e9vel k\u00f6nnyen megtal\u00e1lhat\u00f3k a legjobb be\u00e1ll\u00edt\u00e1sok a projektedhez.<\/span><\/p>\n<h2><strong>Rugalmas nyomtat\u00f3fel\u00fcletek<\/strong><\/h2>\n<p><span style=\"font-weight: 400;\">B\u00facs\u00fazz el a nyomtat\u00e1s k\u00f6zbeni fel\u00fcleten ragadt darabokt\u00f3l! A MINI+ m\u00e1gneses f\u0171t\u00f6tt\u00e1ggyal van felszerelve, elt\u00e1vol\u00edthat\u00f3 rug\u00f3s ac\u00e9l lapokkal, amelyek seg\u00edts\u00e9g\u00e9vel egyszer\u0171en elt\u00e1vol\u00edthat\u00f3k a nyomatok egy kis hajl\u00edt\u00e1ssal. A fel\u00fclet h\u00e1rom vari\u00e1nsban el\u00e9rhet\u0151: sima, textur\u00e1lt \u00e9s selyemf\u00e9ny\u0171, mindegyik k\u00f6nnyen karbantarthat\u00f3.<\/span><\/p>\n<h2><strong>SuperPINDA szenzor a prec\u00edz f\u0171t\u00f6tt\u00e1gy szintez\u00e9shez<\/strong><\/h2>\n<p><span style=\"font-weight: 400;\">A SuperPINDA szenzor minden alkalommal t\u00f6k\u00e9letes els\u0151 r\u00e9teget biztos\u00edt az\u00e1ltal, hogy teljesen automatikus h\u00e1l\u00f3s f\u0171t\u00f6tt\u00e1gy szintez\u00e9st v\u00e9gez. Miel\u0151tt minden nyomtat\u00e1s elkezd\u0151dne, t\u00f6bbsz\u00f6r is felm\u00e9ri a f\u0171t\u00f6tt\u00e1gyat, l\u00e9trehozva egy virtu\u00e1lis magass\u00e1gi t\u00e9rk\u00e9pet, hogy biztos\u00edtsa a t\u00f6k\u00e9letes els\u0151 r\u00e9teget minden nyomtat\u00e1sn\u00e1l.<\/span><\/p>\n<h2><strong>H\u00e1l\u00f3zati csatlakoz\u00e1s t\u00e1voli kezel\u00e9shez<\/strong><\/h2>\n<p><span style=\"font-weight: 400;\">Ethernet porttal felszerelve, a MINI+ lehet\u0151v\u00e9 teszi, hogy k\u00f6nnyen integr\u00e1l\u00f3dj a t\u00e1voli nyomtat\u00e1skezel\u0151 rendszer\u00fcnkkel, a Prusa Connect-tel. Kezelheted a nyomtat\u00e1saidat, \u00faj f\u00e1jlokat t\u00f6lthetsz fel, vagy ak\u00e1r t\u00e1volr\u00f3l friss\u00edtheted a firmware-t egy web b\u00f6ng\u00e9sz\u0151n kereszt\u00fcl. Az opcion\u00e1lis Wi-Fi friss\u00edt\u00e9s m\u00e9g k\u00e9nyelmesebb\u00e9 teszi ezt.<\/span><\/p>\n<h2><strong>Biztons\u00e1gi funkci\u00f3k<\/strong><\/h2>\n<p><span style=\"font-weight: 400;\">A MINI+ a biztons\u00e1got szem el\u0151tt tartva lett tervezve. Minden egyes egys\u00e9get szigor\u00fa h\u00e1zon bel\u00fcli tesztel\u00e9snek vetnek al\u00e1, biztos\u00edtva, hogy minden alkatr\u00e9sz megfeleljen a legmagasabb szabv\u00e1nyoknak. H\u00e1rom termoszt\u00e1ttal \u00e9s egy kiv\u00e1l\u00f3 min\u0151s\u00e9g\u0171 t\u00e1pegys\u00e9ggel (Delta vagy Mean Well, a r\u00e9gi\u00f3dt\u00f3l f\u00fcgg\u0151en) van felszerelve, \u00edgy a MINI+ biztons\u00e1gos \u00e9s megb\u00edzhat\u00f3 m\u0171k\u00f6d\u00e9st biztos\u00edt.<\/span><\/p>\n<h2><strong>Egykattint\u00e1sos nyomtat\u00e1s<\/strong><\/h2>\n<p><span style=\"font-weight: 400;\">A nyomtat\u00e1s egyszer\u0171s\u00f6dik az egykattint\u00e1sos funkci\u00f3val. Egyszer\u0171en helyezd be az USB meghajt\u00f3t a szeletelt f\u00e1jllal, v\u00e1laszd ki a nyomtat\u00e1st az objektum el\u0151n\u00e9zeti men\u00fcj\u00e9b\u0151l, \u00e9s kattints egyszer a kezd\u00e9shez. A MINI+ a t\u00f6bbit m\u00e1r elint\u00e9zi.<\/span><\/p>\n<h2><strong>32-bites be\u00e1gyazott platform a teljes\u00edtm\u00e9ny \u00e9s rugalmass\u00e1g \u00e9rdek\u00e9ben<\/strong><\/h2>\n<p><span style=\"font-weight: 400;\">A MINI+ az egyedi tervez\u00e9s\u0171 32-bites &#8220;Buddy&#8221; alaplappal van felszerelve, amely Trinamic 2209 meghajt\u00f3kkal biztos\u00edtja a pontos \u00e9s sima m\u0171k\u00f6d\u00e9st. Az Input Shaper \u00e9s Nyom\u00e1s El\u0151rejelz\u00e9s nat\u00edvan fut, lehet\u0151v\u00e9 t\u00e9ve a gyorsabb nyomtat\u00e1st tov\u00e1bbi hardver sz\u00fcks\u00e9gess\u00e9ge n\u00e9lk\u00fcl. Emellett z\u00f6kken\u0151mentesen integr\u00e1l\u00f3dik a Prusa Connect-tel a t\u00e1voli kezel\u00e9shez.<\/span><\/p>\n","protected":false},"excerpt":{"rendered":"<p><span style=\"font-weight: 400;\">Az Original Prusa MINI+ nagy teljes\u00edtm\u00e9nyt k\u00edn\u00e1l kompakt kialak\u00edt\u00e1sban, most m\u00e9g gyorsabban, az Input Shaper \u00e9s Nyom\u00e1s El\u0151rejelz\u00e9s hozz\u00e1ad\u00e1s\u00e1nak k\u00f6sz\u00f6nhet\u0151en. A MINI+ megb\u00edzhat\u00f3, gyors \u00e9s k\u00e9szen \u00e1ll arra, hogy k\u00f6nnyed\u00e9n kezelje a sz\u00e9les projektpalett\u00e1t. R\u00e1ad\u00e1sul Smooth PEI nyomtat\u00f3fel\u00fclettel \u00e9rkezik, amely optim\u00e1lis tapad\u00e1st biztos\u00edt.<\/span><\/p>\n","protected":false},"featured_media":65915,"comment_status":"closed","ping_status":"closed","template":"","meta":{"_acf_changed":false},"product_brand":[],"product_cat":[1677,1679,1678,1680,2713],"product_tag":[],"brand":[],"class_list":{"0":"post-75324","1":"product","2":"type-product","3":"status-publish","4":"has-post-thumbnail","6":"product_cat-3d-nyomtato","7":"product_cat-elado","8":"product_cat-fdm-nyomtato","9":"product_cat-minden-3d-nyomtato","10":"product_cat-prusa-hu","12":"first","13":"instock","14":"sale","15":"taxable","16":"shipping-taxable","17":"purchasable","18":"product-type-simple"},"acf":[],"_links":{"self":[{"href":"https:\/\/azurefilm.com\/hu\/wp-json\/wp\/v2\/product\/75324","targetHints":{"allow":["GET"]}}],"collection":[{"href":"https:\/\/azurefilm.com\/hu\/wp-json\/wp\/v2\/product"}],"about":[{"href":"https:\/\/azurefilm.com\/hu\/wp-json\/wp\/v2\/types\/product"}],"replies":[{"embeddable":true,"href":"https:\/\/azurefilm.com\/hu\/wp-json\/wp\/v2\/comments?post=75324"}],"wp:featuredmedia":[{"embeddable":true,"href":"https:\/\/azurefilm.com\/hu\/wp-json\/wp\/v2\/media\/65915"}],"wp:attachment":[{"href":"https:\/\/azurefilm.com\/hu\/wp-json\/wp\/v2\/media?parent=75324"}],"wp:term":[{"taxonomy":"product_brand","embeddable":true,"href":"https:\/\/azurefilm.com\/hu\/wp-json\/wp\/v2\/product_brand?post=75324"},{"taxonomy":"product_cat","embeddable":true,"href":"https:\/\/azurefilm.com\/hu\/wp-json\/wp\/v2\/product_cat?post=75324"},{"taxonomy":"product_tag","embeddable":true,"href":"https:\/\/azurefilm.com\/hu\/wp-json\/wp\/v2\/product_tag?post=75324"},{"taxonomy":"brand","embeddable":true,"href":"https:\/\/azurefilm.com\/hu\/wp-json\/wp\/v2\/brand?post=75324"}],"curies":[{"name":"wp","href":"https:\/\/api.w.org\/{rel}","templated":true}]}}