
{"id":76936,"date":"2025-05-15T10:31:51","date_gmt":"2025-05-15T10:31:51","guid":{"rendered":"https:\/\/azurefilm.com\/?post_type=product&#038;p=76936"},"modified":"2025-05-15T10:31:51","modified_gmt":"2025-05-15T10:31:51","slug":"forrasztohegyek-menetbetetekhez","status":"publish","type":"product","link":"https:\/\/azurefilm.com\/hu\/termek\/forrasztohegyek-menetbetetekhez\/","title":{"rendered":"Forraszt\u00f3hegyek menetbet\u00e9tekhez"},"content":{"rendered":"","protected":false},"excerpt":{"rendered":"<p><span style=\"font-weight: 400;\">Kiv\u00e1l\u00f3 min\u0151s\u00e9g\u0171 forraszt\u00f3hegyek, amelyeket kifejezetten menetes bet\u00e9tek 3D nyomtatott alkatr\u00e9szekbe t\u00f6rt\u00e9n\u0151 prec\u00edzi\u00f3s beszerel\u00e9s\u00e9hez terveztek.<br \/>\n<\/span><\/p>\n","protected":false},"featured_media":77804,"comment_status":"closed","ping_status":"closed","template":"","meta":{"_acf_changed":false},"product_brand":[],"product_cat":[2221,1679,2224,2237],"product_tag":[],"brand":[],"class_list":{"0":"post-76936","1":"product","2":"type-product","3":"status-publish","4":"has-post-thumbnail","6":"product_cat-potalkatreszek","7":"product_cat-elado","8":"product_cat-minden-potalkatresz","9":"product_cat-szerszerek","11":"first","12":"instock","13":"sale","14":"taxable","15":"shipping-taxable","16":"purchasable","17":"product-type-simple"},"acf":[],"_links":{"self":[{"href":"https:\/\/azurefilm.com\/hu\/wp-json\/wp\/v2\/product\/76936","targetHints":{"allow":["GET"]}}],"collection":[{"href":"https:\/\/azurefilm.com\/hu\/wp-json\/wp\/v2\/product"}],"about":[{"href":"https:\/\/azurefilm.com\/hu\/wp-json\/wp\/v2\/types\/product"}],"replies":[{"embeddable":true,"href":"https:\/\/azurefilm.com\/hu\/wp-json\/wp\/v2\/comments?post=76936"}],"wp:featuredmedia":[{"embeddable":true,"href":"https:\/\/azurefilm.com\/hu\/wp-json\/wp\/v2\/media\/77804"}],"wp:attachment":[{"href":"https:\/\/azurefilm.com\/hu\/wp-json\/wp\/v2\/media?parent=76936"}],"wp:term":[{"taxonomy":"product_brand","embeddable":true,"href":"https:\/\/azurefilm.com\/hu\/wp-json\/wp\/v2\/product_brand?post=76936"},{"taxonomy":"product_cat","embeddable":true,"href":"https:\/\/azurefilm.com\/hu\/wp-json\/wp\/v2\/product_cat?post=76936"},{"taxonomy":"product_tag","embeddable":true,"href":"https:\/\/azurefilm.com\/hu\/wp-json\/wp\/v2\/product_tag?post=76936"},{"taxonomy":"brand","embeddable":true,"href":"https:\/\/azurefilm.com\/hu\/wp-json\/wp\/v2\/brand?post=76936"}],"curies":[{"name":"wp","href":"https:\/\/api.w.org\/{rel}","templated":true}]}}